{"id":10714,"date":"2024-09-23T14:58:48","date_gmt":"2024-09-23T11:58:48","guid":{"rendered":"https:\/\/ceoparts.com\/?post_type=product&#038;p=10714"},"modified":"2026-05-16T10:45:39","modified_gmt":"2026-05-16T07:45:39","slug":"linde-denge-mekanizma-3724560301","status":"publish","type":"product","link":"https:\/\/ceoparts.com\/fr\/urun\/linde-denge-mekanizma-3724560301\/","title":{"rendered":"M\u00e9canisme d&#8217;\u00e9quilibre Linde T20AP \/ T20SP (Sans roues) &#8211; 3724560301"},"content":{"rendered":"<p>M\u00e9canisme d&#8217;\u00e9quilibre Linde T20AP \/ T20SP (Sans roues) &#8211; 3724560301<\/p>\n<p>132\u00a0N20\/N24\/N20L\/N20LI<br \/>\n132\u00a0N20\/N24\/N20L\/N20LI<br \/>\n133\u00a0L12\/L14-L12L\/L14L-L12LHP<br \/>\n140\u00a0T20R<br \/>\n144\u00a0T20S\/T20SF<br \/>\n372\u00a0L14\/16\/L14AP\/16AP<\/p>","protected":false},"excerpt":{"rendered":"<p data-start=\"0\" data-end=\"338\"><br data-start=\"2679\" data-end=\"2682\" \/>Le M\u00e9canisme d\u2019\u00e9quilibrage Linde T20AP \/ T20SP est un syst\u00e8me sans roue con\u00e7u sp\u00e9cialement pour les transpalettes et gerbeurs Linde T20AP et T20SP. Il garantit la stabilit\u00e9 de la machine lors de la manutention de charges et des man\u0153uvres tout en r\u00e9duisant les vibrations et les d\u00e9s\u00e9quilibres. Sa structure m\u00e9tallique robuste assure une durabilit\u00e9 dans les environnements difficiles.<\/p>\n<p data-start=\"3066\" data-end=\"3419\"><strong data-start=\"3066\" data-end=\"3088\">Caract\u00e9ristiques :<\/strong><br data-start=\"3088\" data-end=\"3091\" \/><strong data-start=\"3091\" data-end=\"3111\">Nom du produit :<\/strong> M\u00e9canisme d\u2019\u00e9quilibrage Linde T20AP \/ T20SP (Sans roue)<br data-start=\"3167\" data-end=\"3170\" \/><strong data-start=\"3170\" data-end=\"3186\">Code pi\u00e8ce :<\/strong> 3724560301<br data-start=\"3197\" data-end=\"3200\" \/><strong data-start=\"3200\" data-end=\"3214\">Mat\u00e9riau :<\/strong> Alliage m\u00e9tallique durable<br data-start=\"3241\" data-end=\"3244\" \/><strong data-start=\"3244\" data-end=\"3270\">Domaine d\u2019utilisation:<\/strong> Transpalettes et gerbeurs Linde T20AP, T20SP<br data-start=\"3315\" data-end=\"3318\" \/><strong data-start=\"3318\" data-end=\"3331\">Avantage:<\/strong> Stabilit\u00e9 de la charge, longue dur\u00e9e de vie, structure robuste, utilisation s\u00e9curis\u00e9e<\/p>\n<p data-start=\"3421\" data-end=\"3760\">\n","protected":false},"featured_media":13857,"template":"","meta":[],"product_brand":[],"product_cat":[246,247,420,425],"product_tag":[],"class_list":{"0":"post-10714","1":"product","2":"type-product","3":"status-publish","4":"has-post-thumbnail","6":"product_cat-linde","7":"product_cat-denge-tekeri-linde","8":"product_cat-denge-mekanizmalar","9":"product_cat-linde-denge-mekanizma","11":"first","12":"instock","13":"taxable","14":"shipping-taxable","15":"purchasable","16":"product-type-simple"},"_links":{"self":[{"href":"https:\/\/ceoparts.com\/fr\/wp-json\/wp\/v2\/product\/10714","targetHints":{"allow":["GET"]}}],"collection":[{"href":"https:\/\/ceoparts.com\/fr\/wp-json\/wp\/v2\/product"}],"about":[{"href":"https:\/\/ceoparts.com\/fr\/wp-json\/wp\/v2\/types\/product"}],"wp:featuredmedia":[{"embeddable":true,"href":"https:\/\/ceoparts.com\/fr\/wp-json\/wp\/v2\/media\/13857"}],"wp:attachment":[{"href":"https:\/\/ceoparts.com\/fr\/wp-json\/wp\/v2\/media?parent=10714"}],"wp:term":[{"taxonomy":"product_brand","embeddable":true,"href":"https:\/\/ceoparts.com\/fr\/wp-json\/wp\/v2\/product_brand?post=10714"},{"taxonomy":"product_cat","embeddable":true,"href":"https:\/\/ceoparts.com\/fr\/wp-json\/wp\/v2\/product_cat?post=10714"},{"taxonomy":"product_tag","embeddable":true,"href":"https:\/\/ceoparts.com\/fr\/wp-json\/wp\/v2\/product_tag?post=10714"}],"curies":[{"name":"wp","href":"https:\/\/api.w.org\/{rel}","templated":true}]}}