{"id":10726,"date":"2024-09-23T15:39:32","date_gmt":"2024-09-23T12:39:32","guid":{"rendered":"https:\/\/ceoparts.com\/?post_type=product&#038;p=10726"},"modified":"2026-05-16T11:45:13","modified_gmt":"2026-05-16T08:45:13","slug":"140x54-jungheinrich-denge-mekanizma","status":"publish","type":"product","link":"https:\/\/ceoparts.com\/fr\/urun\/140x54-jungheinrich-denge-mekanizma\/","title":{"rendered":"140&#215;54 Still EXV 12 M\u00e9canisme d&#8217;\u00e9quilibre &#8211; 4499776"},"content":{"rendered":"<p>140&#215;54 Still EXV 12 M\u00e9canisme d&#8217;\u00e9quilibre &#8211; 4499776<\/p>","protected":false},"excerpt":{"rendered":"<article class=\"text-token-text-primary w-full\" dir=\"auto\" data-testid=\"conversation-turn-283\" data-scroll-anchor=\"true\">\n<div class=\"text-base my-auto mx-auto py-5 [--thread-content-margin:--spacing(4)] @[37rem]:[--thread-content-margin:--spacing(6)] @[72rem]:[--thread-content-margin:--spacing(16)] px-(--thread-content-margin)\">\n<div class=\"[--thread-content-max-width:32rem] @[34rem]:[--thread-content-max-width:40rem] @[64rem]:[--thread-content-max-width:48rem] mx-auto flex max-w-(--thread-content-max-width) flex-1 text-base gap-4 md:gap-5 lg:gap-6 group\/turn-messages focus-visible:outline-hidden\" tabindex=\"-1\">\n<div class=\"group\/conversation-turn relative flex w-full min-w-0 flex-col agent-turn\">\n<div class=\"relative flex-col gap-1 md:gap-3\">\n<div class=\"flex max-w-full flex-col grow\">\n<div class=\"min-h-8 text-message relative flex w-full flex-col items-end gap-2 text-start break-words whitespace-normal [.text-message+&amp;]:mt-5\" dir=\"auto\" data-message-author-role=\"assistant\" data-message-id=\"21dcdb68-ba4f-456a-b1af-1b5a76e7c2ef\" data-message-model-slug=\"gpt-4o\">\n<div class=\"flex w-full flex-col gap-1 empty:hidden first:pt-[3px]\">\n<div class=\"markdown prose dark:prose-invert w-full break-words light\">\n<p data-start=\"0\" data-end=\"295\"><br data-start=\"2294\" data-end=\"2297\" \/>Le M\u00e9canisme d\u2019\u00e9quilibrage Still EXV 12 est un syst\u00e8me sans roue con\u00e7u sp\u00e9cialement pour les mod\u00e8les de gerbeurs EXV 12. Il maintient la stabilit\u00e9 de la machine pendant la manutention des charges et permet un travail s\u00e9curis\u00e9. Sa structure m\u00e9tallique r\u00e9sistante est adapt\u00e9e aux conditions difficiles.<\/p>\n<p data-start=\"2599\" data-end=\"2921\"><strong data-start=\"2599\" data-end=\"2621\">Caract\u00e9ristiques :<\/strong><br data-start=\"2621\" data-end=\"2624\" \/><strong data-start=\"2624\" data-end=\"2644\">Nom du produit :<\/strong> M\u00e9canisme d\u2019\u00e9quilibrage Still EXV 12 (Sans roue)<br data-start=\"2693\" data-end=\"2696\" \/><strong data-start=\"2696\" data-end=\"2712\">Code pi\u00e8ce :<\/strong> 4499776<br data-start=\"2720\" data-end=\"2723\" \/><strong data-start=\"2723\" data-end=\"2737\">Mat\u00e9riau :<\/strong> Alliage m\u00e9tallique durable<br data-start=\"2764\" data-end=\"2767\" \/><strong data-start=\"2767\" data-end=\"2793\">Domaine d\u2019utilisation:<\/strong> Syst\u00e8me d\u2019\u00e9quilibrage pour gerbeur Still EXV 12<br data-start=\"2841\" data-end=\"2844\" \/><strong data-start=\"2844\" data-end=\"2857\">Avantage:<\/strong> Stabilit\u00e9 de charge, structure robuste, utilisation s\u00e9curis\u00e9e<\/p>\n<p data-start=\"2923\" data-end=\"3233\">\n","protected":false},"featured_media":13806,"template":"","meta":[],"product_brand":[],"product_cat":[236,241,420,422,524],"product_tag":[],"class_list":{"0":"post-10726","1":"product","2":"type-product","3":"status-publish","4":"has-post-thumbnail","6":"product_cat-jungheinrich","7":"product_cat-still","8":"product_cat-denge-mekanizmalar","9":"product_cat-jungheinrich-denge-mekanizma","10":"product_cat-yedek-parca-still","12":"first","13":"instock","14":"taxable","15":"shipping-taxable","16":"purchasable","17":"product-type-simple"},"_links":{"self":[{"href":"https:\/\/ceoparts.com\/fr\/wp-json\/wp\/v2\/product\/10726","targetHints":{"allow":["GET"]}}],"collection":[{"href":"https:\/\/ceoparts.com\/fr\/wp-json\/wp\/v2\/product"}],"about":[{"href":"https:\/\/ceoparts.com\/fr\/wp-json\/wp\/v2\/types\/product"}],"wp:featuredmedia":[{"embeddable":true,"href":"https:\/\/ceoparts.com\/fr\/wp-json\/wp\/v2\/media\/13806"}],"wp:attachment":[{"href":"https:\/\/ceoparts.com\/fr\/wp-json\/wp\/v2\/media?parent=10726"}],"wp:term":[{"taxonomy":"product_brand","embeddable":true,"href":"https:\/\/ceoparts.com\/fr\/wp-json\/wp\/v2\/product_brand?post=10726"},{"taxonomy":"product_cat","embeddable":true,"href":"https:\/\/ceoparts.com\/fr\/wp-json\/wp\/v2\/product_cat?post=10726"},{"taxonomy":"product_tag","embeddable":true,"href":"https:\/\/ceoparts.com\/fr\/wp-json\/wp\/v2\/product_tag?post=10726"}],"curies":[{"name":"wp","href":"https:\/\/api.w.org\/{rel}","templated":true}]}}