{"id":10751,"date":"2024-09-23T16:12:06","date_gmt":"2024-09-23T13:12:06","guid":{"rendered":"https:\/\/ceoparts.com\/?post_type=product&#038;p=10751"},"modified":"2026-05-16T19:25:04","modified_gmt":"2026-05-16T16:25:04","slug":"frenli-denge-mekanizma-takim","status":"publish","type":"product","link":"https:\/\/ceoparts.com\/fr\/urun\/frenli-denge-mekanizma-takim\/","title":{"rendered":"Ensemble de m\u00e9canisme d&#8217;\u00e9quilibrage de frein"},"content":{"rendered":"<p>Ensemble de m\u00e9canisme d&#8217;\u00e9quilibrage de frein<\/p>","protected":false},"excerpt":{"rendered":"<p data-start=\"114\" data-end=\"475\"><br data-start=\"2744\" data-end=\"2747\" \/>Le M\u00e9canisme d\u2019\u00e9quilibrage avec frein est un composant essentiel utilis\u00e9 dans les chariots \u00e9l\u00e9vateurs et gerbeurs pour assurer la stabilit\u00e9 lors de la manutention et am\u00e9liorer le contr\u00f4le de l\u2019op\u00e9rateur. Gr\u00e2ce \u00e0 son syst\u00e8me de frein int\u00e9gr\u00e9, il contr\u00f4le le mouvement des roues porteuses pour une utilisation s\u00e9curis\u00e9e. Fabriqu\u00e9 avec des mat\u00e9riaux r\u00e9sistants et durables.<\/p>\n<p data-start=\"3119\" data-end=\"3472\"><strong data-start=\"3119\" data-end=\"3141\">Caract\u00e9ristiques :<\/strong><br data-start=\"3141\" data-end=\"3144\" \/><strong data-start=\"3144\" data-end=\"3164\">Nom du produit :<\/strong> M\u00e9canisme d\u2019\u00e9quilibrage avec frein<br data-start=\"3199\" data-end=\"3202\" \/><strong data-start=\"3202\" data-end=\"3218\">Code pi\u00e8ce :<\/strong> &#8211;<br data-start=\"3220\" data-end=\"3223\" \/><strong data-start=\"3223\" data-end=\"3237\">Mat\u00e9riau :<\/strong> M\u00e9tal durable et ensemble de frein<br data-start=\"3272\" data-end=\"3275\" \/><strong data-start=\"3275\" data-end=\"3301\">Domaine d\u2019utilisation:<\/strong> Syst\u00e8me d\u2019\u00e9quilibrage et de freinage pour chariots \u00e9l\u00e9vateurs et gerbeurs<br data-start=\"3375\" data-end=\"3378\" \/><strong data-start=\"3378\" data-end=\"3391\">Avantage:<\/strong> Stabilit\u00e9 de charge, freinage contr\u00f4l\u00e9, structure robuste, longue dur\u00e9e de vie<\/p>\n<p data-start=\"3474\" data-end=\"3840\">\n","protected":false},"featured_media":13854,"template":"","meta":[],"product_brand":[],"product_cat":[420],"product_tag":[],"class_list":{"0":"post-10751","1":"product","2":"type-product","3":"status-publish","4":"has-post-thumbnail","6":"product_cat-denge-mekanizmalar","8":"first","9":"instock","10":"taxable","11":"shipping-taxable","12":"purchasable","13":"product-type-simple"},"_links":{"self":[{"href":"https:\/\/ceoparts.com\/fr\/wp-json\/wp\/v2\/product\/10751","targetHints":{"allow":["GET"]}}],"collection":[{"href":"https:\/\/ceoparts.com\/fr\/wp-json\/wp\/v2\/product"}],"about":[{"href":"https:\/\/ceoparts.com\/fr\/wp-json\/wp\/v2\/types\/product"}],"wp:featuredmedia":[{"embeddable":true,"href":"https:\/\/ceoparts.com\/fr\/wp-json\/wp\/v2\/media\/13854"}],"wp:attachment":[{"href":"https:\/\/ceoparts.com\/fr\/wp-json\/wp\/v2\/media?parent=10751"}],"wp:term":[{"taxonomy":"product_brand","embeddable":true,"href":"https:\/\/ceoparts.com\/fr\/wp-json\/wp\/v2\/product_brand?post=10751"},{"taxonomy":"product_cat","embeddable":true,"href":"https:\/\/ceoparts.com\/fr\/wp-json\/wp\/v2\/product_cat?post=10751"},{"taxonomy":"product_tag","embeddable":true,"href":"https:\/\/ceoparts.com\/fr\/wp-json\/wp\/v2\/product_tag?post=10751"}],"curies":[{"name":"wp","href":"https:\/\/api.w.org\/{rel}","templated":true}]}}