{"id":10763,"date":"2024-09-23T16:46:03","date_gmt":"2024-09-23T13:46:03","guid":{"rendered":"https:\/\/ceoparts.com\/?post_type=product&#038;p=10763"},"modified":"2026-05-16T11:50:21","modified_gmt":"2026-05-16T08:50:21","slug":"jungheinrich-denge-mekanizmasi-takim","status":"publish","type":"product","link":"https:\/\/ceoparts.com\/fr\/urun\/jungheinrich-denge-mekanizmasi-takim\/","title":{"rendered":"140&#215;54 Still EXV 12 \u00c9quipe du m\u00e9canisme d&#8217;\u00e9quilibre  &#8211; 50024505511"},"content":{"rendered":"<p>140&#215;54 Still EXV 12 \u00c9quipe du m\u00e9canisme d&#8217;\u00e9quilibre  &#8211; 50024505511<\/p>","protected":false},"excerpt":{"rendered":"<p data-start=\"0\" data-end=\"282\"><br data-start=\"2218\" data-end=\"2221\" \/>Le M\u00e9canisme d\u2019\u00e9quilibrage 140\u00d754 Still EXV 12 est un m\u00e9canisme con\u00e7u pour les mod\u00e8les de gerbeurs Still EXV 12. Il assure l\u2019\u00e9quilibre du chariot et renforce sa stabilit\u00e9 lors de la manutention de charges. Fabriqu\u00e9 en mat\u00e9riau r\u00e9sistant \u00e0 l\u2019usure.<\/p>\n<p data-start=\"2470\" data-end=\"2793\"><strong data-start=\"2470\" data-end=\"2492\">Caract\u00e9ristiques :<\/strong><br data-start=\"2492\" data-end=\"2495\" \/><strong data-start=\"2495\" data-end=\"2515\">Nom du produit :<\/strong> M\u00e9canisme d\u2019\u00e9quilibrage 140\u00d754 Still EXV 12<br data-start=\"2559\" data-end=\"2562\" \/><strong data-start=\"2562\" data-end=\"2578\">Code pi\u00e8ce :<\/strong> 50024505511<br data-start=\"2590\" data-end=\"2593\" \/><strong data-start=\"2593\" data-end=\"2607\">Mat\u00e9riau :<\/strong> Alliage m\u00e9tallique durable<br data-start=\"2634\" data-end=\"2637\" \/><strong data-start=\"2637\" data-end=\"2663\">Domaine d\u2019utilisation:<\/strong> Syst\u00e8me d\u2019\u00e9quilibrage pour gerbeurs Still EXV 12<br data-start=\"2712\" data-end=\"2715\" \/><strong data-start=\"2715\" data-end=\"2728\">Avantage:<\/strong> Stabilit\u00e9 de la charge, grande r\u00e9sistance, longue dur\u00e9e de vie<\/p>\n<p data-start=\"2795\" data-end=\"3061\">\n","protected":false},"featured_media":13808,"template":"","meta":[],"product_brand":[],"product_cat":[241,242,420,422],"product_tag":[],"class_list":{"0":"post-10763","1":"product","2":"type-product","3":"status-publish","4":"has-post-thumbnail","6":"product_cat-still","7":"product_cat-denge-tekeri-still","8":"product_cat-denge-mekanizmalar","9":"product_cat-jungheinrich-denge-mekanizma","11":"first","12":"instock","13":"taxable","14":"shipping-taxable","15":"purchasable","16":"product-type-simple"},"_links":{"self":[{"href":"https:\/\/ceoparts.com\/fr\/wp-json\/wp\/v2\/product\/10763","targetHints":{"allow":["GET"]}}],"collection":[{"href":"https:\/\/ceoparts.com\/fr\/wp-json\/wp\/v2\/product"}],"about":[{"href":"https:\/\/ceoparts.com\/fr\/wp-json\/wp\/v2\/types\/product"}],"wp:featuredmedia":[{"embeddable":true,"href":"https:\/\/ceoparts.com\/fr\/wp-json\/wp\/v2\/media\/13808"}],"wp:attachment":[{"href":"https:\/\/ceoparts.com\/fr\/wp-json\/wp\/v2\/media?parent=10763"}],"wp:term":[{"taxonomy":"product_brand","embeddable":true,"href":"https:\/\/ceoparts.com\/fr\/wp-json\/wp\/v2\/product_brand?post=10763"},{"taxonomy":"product_cat","embeddable":true,"href":"https:\/\/ceoparts.com\/fr\/wp-json\/wp\/v2\/product_cat?post=10763"},{"taxonomy":"product_tag","embeddable":true,"href":"https:\/\/ceoparts.com\/fr\/wp-json\/wp\/v2\/product_tag?post=10763"}],"curies":[{"name":"wp","href":"https:\/\/api.w.org\/{rel}","templated":true}]}}