{"id":10776,"date":"2024-09-23T17:14:16","date_gmt":"2024-09-23T14:14:16","guid":{"rendered":"https:\/\/ceoparts.com\/?post_type=product&#038;p=10776"},"modified":"2026-05-16T15:08:32","modified_gmt":"2026-05-16T12:08:32","slug":"wicke-denge-mekanizmasi-takim","status":"publish","type":"product","link":"https:\/\/ceoparts.com\/fr\/urun\/wicke-denge-mekanizmasi-takim\/","title":{"rendered":"M\u00e9canisme d&#8217;\u00e9quilibre universel"},"content":{"rendered":"<p>M\u00e9canisme d&#8217;\u00e9quilibre universel<\/p>","protected":false},"excerpt":{"rendered":"<p data-start=\"0\" data-end=\"249\"><br data-start=\"2353\" data-end=\"2356\" \/>M\u00e9canisme d\u2019\u00e9quilibrage universel est un m\u00e9canisme d\u2019\u00e9quilibrage compatible universellement utilis\u00e9 dans divers chariots \u00e9l\u00e9vateurs et machines de construction. Il maintient l\u2019\u00e9quilibre de la charge et am\u00e9liore la stabilit\u00e9 des machines. Fabriqu\u00e9 avec des mat\u00e9riaux durables, il offre une longue dur\u00e9e de vie.<\/p>\n<p data-start=\"2667\" data-end=\"3029\"><strong data-start=\"2667\" data-end=\"2689\">Caract\u00e9ristiques :<\/strong><br data-start=\"2689\" data-end=\"2692\" \/><strong data-start=\"2692\" data-end=\"2712\">Nom du produit :<\/strong> M\u00e9canisme d\u2019\u00e9quilibrage universel<br data-start=\"2746\" data-end=\"2749\" \/><strong data-start=\"2749\" data-end=\"2765\">Code pi\u00e8ce :<\/strong> Non sp\u00e9cifi\u00e9<br data-start=\"2778\" data-end=\"2781\" \/><strong data-start=\"2781\" data-end=\"2795\">Mat\u00e9riau :<\/strong> Alliage m\u00e9tallique durable<br data-start=\"2822\" data-end=\"2825\" \/><strong data-start=\"2825\" data-end=\"2851\">Domaine d\u2019utilisation:<\/strong> M\u00e9canisme d\u2019\u00e9quilibrage pour chariots \u00e9l\u00e9vateurs et machines de construction<br data-start=\"2928\" data-end=\"2931\" \/><strong data-start=\"2931\" data-end=\"2944\">Avantage:<\/strong> Compatibilit\u00e9 universelle, stabilit\u00e9 de la charge, durabilit\u00e9, longue dur\u00e9e de vie<\/p>\n<p data-start=\"3031\" data-end=\"3327\">\n","protected":false},"featured_media":13829,"template":"","meta":[],"product_brand":[],"product_cat":[420],"product_tag":[],"class_list":{"0":"post-10776","1":"product","2":"type-product","3":"status-publish","4":"has-post-thumbnail","6":"product_cat-denge-mekanizmalar","8":"first","9":"instock","10":"taxable","11":"shipping-taxable","12":"purchasable","13":"product-type-simple"},"_links":{"self":[{"href":"https:\/\/ceoparts.com\/fr\/wp-json\/wp\/v2\/product\/10776","targetHints":{"allow":["GET"]}}],"collection":[{"href":"https:\/\/ceoparts.com\/fr\/wp-json\/wp\/v2\/product"}],"about":[{"href":"https:\/\/ceoparts.com\/fr\/wp-json\/wp\/v2\/types\/product"}],"wp:featuredmedia":[{"embeddable":true,"href":"https:\/\/ceoparts.com\/fr\/wp-json\/wp\/v2\/media\/13829"}],"wp:attachment":[{"href":"https:\/\/ceoparts.com\/fr\/wp-json\/wp\/v2\/media?parent=10776"}],"wp:term":[{"taxonomy":"product_brand","embeddable":true,"href":"https:\/\/ceoparts.com\/fr\/wp-json\/wp\/v2\/product_brand?post=10776"},{"taxonomy":"product_cat","embeddable":true,"href":"https:\/\/ceoparts.com\/fr\/wp-json\/wp\/v2\/product_cat?post=10776"},{"taxonomy":"product_tag","embeddable":true,"href":"https:\/\/ceoparts.com\/fr\/wp-json\/wp\/v2\/product_tag?post=10776"}],"curies":[{"name":"wp","href":"https:\/\/api.w.org\/{rel}","templated":true}]}}