{"id":10781,"date":"2024-09-23T17:29:48","date_gmt":"2024-09-23T14:29:48","guid":{"rendered":"https:\/\/ceoparts.com\/?post_type=product&#038;p=10781"},"modified":"2026-05-16T10:41:56","modified_gmt":"2026-05-16T07:41:56","slug":"linde-still-denge-mekanizmasi-takim","status":"publish","type":"product","link":"https:\/\/ceoparts.com\/fr\/urun\/linde-still-denge-mekanizmasi-takim\/","title":{"rendered":"M\u00e9canisme d&#8217;\u00e9quilibre Linde\/Still T16 &#8211; 11524505505"},"content":{"rendered":"<p>M\u00e9canisme d&#8217;\u00e9quilibre Linde\/Still T16 &#8211; 11524505505<\/p>\n<p>Linde Still 4401515, 11524505527, 11524505506, 11524505505<\/p>\n<p>T16 (1151) 07\/2011<br \/>\nT16 (1152) 11\/2008<br \/>\nT16P (1151) 07\/2011<br \/>\nT18 (1152) 11\/2008<br \/>\nT20 (1151) 07\/2011<br \/>\nT20 (1152) 11\/2008<br \/>\nT20P (1151) 07\/2011<\/p>","protected":false},"excerpt":{"rendered":"<p data-start=\"0\" data-end=\"224\"><br data-start=\"2094\" data-end=\"2097\" \/>Linde \/ Still T16 M\u00e9canisme d\u2019\u00e9quilibrage est un m\u00e9canisme d\u2019\u00e9quilibrage avec roue utilis\u00e9 sur les chariots \u00e9l\u00e9vateurs. Il maintient l\u2019\u00e9quilibre de la charge et am\u00e9liore la stabilit\u00e9 du chariot. Fabriqu\u00e9 avec des mat\u00e9riaux durables, il offre une longue dur\u00e9e de vie.<\/p>\n<p data-start=\"2365\" data-end=\"2691\"><strong data-start=\"2365\" data-end=\"2387\">Caract\u00e9ristiques :<\/strong><br data-start=\"2387\" data-end=\"2390\" \/><strong data-start=\"2390\" data-end=\"2410\">Nom du produit :<\/strong> Linde \/ Still T16 M\u00e9canisme d\u2019\u00e9quilibrage<br data-start=\"2452\" data-end=\"2455\" \/><strong data-start=\"2455\" data-end=\"2471\">Code pi\u00e8ce :<\/strong> 11524505505<br data-start=\"2483\" data-end=\"2486\" \/><strong data-start=\"2486\" data-end=\"2500\">Mat\u00e9riau :<\/strong> Alliage m\u00e9tallique durable<br data-start=\"2527\" data-end=\"2530\" \/><strong data-start=\"2530\" data-end=\"2556\">Domaine d\u2019utilisation:<\/strong> M\u00e9canisme d\u2019\u00e9quilibrage pour chariots \u00e9l\u00e9vateurs (avec roue)<br data-start=\"2617\" data-end=\"2620\" \/><strong data-start=\"2620\" data-end=\"2633\">Avantage:<\/strong> Stabilit\u00e9 de la charge, durabilit\u00e9, longue dur\u00e9e de vie<\/p>\n<p data-start=\"2693\" data-end=\"2956\">\n","protected":false},"featured_media":13799,"template":"","meta":[],"product_brand":[],"product_cat":[425,241,242,246,247,420,423],"product_tag":[],"class_list":{"0":"post-10781","1":"product","2":"type-product","3":"status-publish","4":"has-post-thumbnail","6":"product_cat-linde-denge-mekanizma","7":"product_cat-still","8":"product_cat-denge-tekeri-still","9":"product_cat-linde","10":"product_cat-denge-tekeri-linde","11":"product_cat-denge-mekanizmalar","12":"product_cat-still-denge-mekanizma","14":"first","15":"instock","16":"taxable","17":"shipping-taxable","18":"purchasable","19":"product-type-simple"},"_links":{"self":[{"href":"https:\/\/ceoparts.com\/fr\/wp-json\/wp\/v2\/product\/10781","targetHints":{"allow":["GET"]}}],"collection":[{"href":"https:\/\/ceoparts.com\/fr\/wp-json\/wp\/v2\/product"}],"about":[{"href":"https:\/\/ceoparts.com\/fr\/wp-json\/wp\/v2\/types\/product"}],"wp:featuredmedia":[{"embeddable":true,"href":"https:\/\/ceoparts.com\/fr\/wp-json\/wp\/v2\/media\/13799"}],"wp:attachment":[{"href":"https:\/\/ceoparts.com\/fr\/wp-json\/wp\/v2\/media?parent=10781"}],"wp:term":[{"taxonomy":"product_brand","embeddable":true,"href":"https:\/\/ceoparts.com\/fr\/wp-json\/wp\/v2\/product_brand?post=10781"},{"taxonomy":"product_cat","embeddable":true,"href":"https:\/\/ceoparts.com\/fr\/wp-json\/wp\/v2\/product_cat?post=10781"},{"taxonomy":"product_tag","embeddable":true,"href":"https:\/\/ceoparts.com\/fr\/wp-json\/wp\/v2\/product_tag?post=10781"}],"curies":[{"name":"wp","href":"https:\/\/api.w.org\/{rel}","templated":true}]}}