{"id":10799,"date":"2024-09-23T17:41:41","date_gmt":"2024-09-23T14:41:41","guid":{"rendered":"https:\/\/ceoparts.com\/?post_type=product&#038;p=10799"},"modified":"2026-05-16T19:52:22","modified_gmt":"2026-05-16T16:52:22","slug":"linde-still-denge-mekanizmasi-11524505514","status":"publish","type":"product","link":"https:\/\/ceoparts.com\/fr\/urun\/linde-still-denge-mekanizmasi-11524505514\/","title":{"rendered":"M\u00e9canisme d&#8217;\u00e9quilibre Linde\/Still T16  (Sans roues) &#8211; 11524505514"},"content":{"rendered":"<p>M\u00e9canisme d&#8217;\u00e9quilibre Linde\/Still T16  (Sans roues) &#8211; 11524505514<\/p>","protected":false},"excerpt":{"rendered":"<article class=\"text-token-text-primary w-full\" dir=\"auto\" data-testid=\"conversation-turn-305\" data-scroll-anchor=\"true\">\n<div class=\"text-base my-auto mx-auto py-5 [--thread-content-margin:--spacing(4)] @[37rem]:[--thread-content-margin:--spacing(6)] @[72rem]:[--thread-content-margin:--spacing(16)] px-(--thread-content-margin)\">\n<div class=\"[--thread-content-max-width:32rem] @[34rem]:[--thread-content-max-width:40rem] @[64rem]:[--thread-content-max-width:48rem] mx-auto flex max-w-(--thread-content-max-width) flex-1 text-base gap-4 md:gap-5 lg:gap-6 group\/turn-messages focus-visible:outline-hidden\">\n<div class=\"group\/conversation-turn relative flex w-full min-w-0 flex-col agent-turn\">\n<div class=\"relative flex-col gap-1 md:gap-3\">\n<div class=\"flex max-w-full flex-col grow\">\n<div class=\"min-h-8 text-message relative flex w-full flex-col items-end gap-2 text-start break-words whitespace-normal [.text-message+&amp;]:mt-5\" dir=\"auto\" data-message-author-role=\"assistant\" data-message-id=\"9331d24f-3ee4-485a-927b-216a13f12306\" data-message-model-slug=\"gpt-4-1-mini\">\n<div class=\"flex w-full flex-col gap-1 empty:hidden first:pt-[3px]\">\n<div class=\"markdown prose dark:prose-invert w-full break-words light\">\n<p data-start=\"0\" data-end=\"252\"><br data-start=\"2292\" data-end=\"2295\" \/>Linde \/ Still T16 M\u00e9canisme d\u2019\u00e9quilibrage (sans roue) est un m\u00e9canisme d\u2019\u00e9quilibrage sans roue utilis\u00e9 sur les chariots \u00e9l\u00e9vateurs. Il aide \u00e0 maintenir l\u2019\u00e9quilibre de la charge et am\u00e9liore la stabilit\u00e9 du chariot. Fabriqu\u00e9 avec des mat\u00e9riaux durables, il offre une longue dur\u00e9e de vie.<\/p>\n<p data-start=\"2582\" data-end=\"2920\"><strong data-start=\"2582\" data-end=\"2604\">Caract\u00e9ristiques :<\/strong><br data-start=\"2604\" data-end=\"2607\" \/><strong data-start=\"2607\" data-end=\"2627\">Nom du produit :<\/strong> Linde \/ Still T16 M\u00e9canisme d\u2019\u00e9quilibrage (sans roue)<br data-start=\"2681\" data-end=\"2684\" \/><strong data-start=\"2684\" data-end=\"2700\">Code pi\u00e8ce :<\/strong> 11524505514<br data-start=\"2712\" data-end=\"2715\" \/><strong data-start=\"2715\" data-end=\"2729\">Mat\u00e9riau :<\/strong> Alliage m\u00e9tallique durable<br data-start=\"2756\" data-end=\"2759\" \/><strong data-start=\"2759\" data-end=\"2785\">Domaine d\u2019utilisation:<\/strong> M\u00e9canisme d\u2019\u00e9quilibrage pour chariots \u00e9l\u00e9vateurs (sans roue)<br data-start=\"2846\" data-end=\"2849\" \/><strong data-start=\"2849\" data-end=\"2862\">Avantage:<\/strong> Stabilit\u00e9 de la charge, durabilit\u00e9, longue dur\u00e9e de vie<\/p>\n<p data-start=\"2922\" data-end=\"3210\">\n","protected":false},"featured_media":10969,"template":"","meta":[],"product_brand":[],"product_cat":[425,524,241,246,247,420,423],"product_tag":[],"class_list":{"0":"post-10799","1":"product","2":"type-product","3":"status-publish","4":"has-post-thumbnail","6":"product_cat-linde-denge-mekanizma","7":"product_cat-yedek-parca-still","8":"product_cat-still","9":"product_cat-linde","10":"product_cat-denge-tekeri-linde","11":"product_cat-denge-mekanizmalar","12":"product_cat-still-denge-mekanizma","14":"first","15":"instock","16":"taxable","17":"shipping-taxable","18":"purchasable","19":"product-type-simple"},"_links":{"self":[{"href":"https:\/\/ceoparts.com\/fr\/wp-json\/wp\/v2\/product\/10799","targetHints":{"allow":["GET"]}}],"collection":[{"href":"https:\/\/ceoparts.com\/fr\/wp-json\/wp\/v2\/product"}],"about":[{"href":"https:\/\/ceoparts.com\/fr\/wp-json\/wp\/v2\/types\/product"}],"wp:featuredmedia":[{"embeddable":true,"href":"https:\/\/ceoparts.com\/fr\/wp-json\/wp\/v2\/media\/10969"}],"wp:attachment":[{"href":"https:\/\/ceoparts.com\/fr\/wp-json\/wp\/v2\/media?parent=10799"}],"wp:term":[{"taxonomy":"product_brand","embeddable":true,"href":"https:\/\/ceoparts.com\/fr\/wp-json\/wp\/v2\/product_brand?post=10799"},{"taxonomy":"product_cat","embeddable":true,"href":"https:\/\/ceoparts.com\/fr\/wp-json\/wp\/v2\/product_cat?post=10799"},{"taxonomy":"product_tag","embeddable":true,"href":"https:\/\/ceoparts.com\/fr\/wp-json\/wp\/v2\/product_tag?post=10799"}],"curies":[{"name":"wp","href":"https:\/\/api.w.org\/{rel}","templated":true}]}}