{"id":10989,"date":"2024-09-25T15:29:48","date_gmt":"2024-09-25T12:29:48","guid":{"rendered":"https:\/\/ceoparts.com\/?post_type=product&#038;p=10989"},"modified":"2026-05-16T15:36:18","modified_gmt":"2026-05-16T12:36:18","slug":"140x54-frezeli-denge-tekeri","status":"publish","type":"product","link":"https:\/\/ceoparts.com\/fr\/urun\/140x54-frezeli-denge-tekeri\/","title":{"rendered":"140&#215;55\/55-23 Roue de marche frais\u00e9 Yale MPC15"},"content":{"rendered":"<p>140&#215;55\/55-23 Roue de marche frais\u00e9 Yale MPC15<\/p>","protected":false},"excerpt":{"rendered":"<p data-start=\"0\" data-end=\"301\"><br data-start=\"2645\" data-end=\"2648\" \/>140\u00d755\/55-23 Roue de marche rainur\u00e9e Yale MPC15 est une roue durable utilis\u00e9e sur les transpalettes et chariots \u00e9l\u00e9vateurs Yale MPC15. Elle a un diam\u00e8tre de 140 mm, une largeur de 55 mm et un al\u00e9sage de 23 mm. Le design rainur\u00e9 offre une haute traction au sol, est r\u00e9sistant \u00e0 l\u2019usure et assure une longue dur\u00e9e de vie.<\/p>\n<p data-start=\"2969\" data-end=\"3338\"><strong data-start=\"2969\" data-end=\"2991\">Caract\u00e9ristiques :<\/strong><br data-start=\"2991\" data-end=\"2994\" \/><strong data-start=\"2994\" data-end=\"3014\">Nom du produit :<\/strong> 140\u00d755\/55-23 Roue de marche rainur\u00e9e Yale MPC15<br data-start=\"3062\" data-end=\"3065\" \/><strong data-start=\"3065\" data-end=\"3081\">Code pi\u00e8ce :<\/strong> Non sp\u00e9cifi\u00e9<br data-start=\"3094\" data-end=\"3097\" \/><strong data-start=\"3097\" data-end=\"3111\">Mat\u00e9riau :<\/strong> Rev\u00eatement en caoutchouc ou polyur\u00e9thane durable, noyau en acier<br data-start=\"3176\" data-end=\"3179\" \/><strong data-start=\"3179\" data-end=\"3205\">Domaine d\u2019utilisation:<\/strong> Roue de marche pour transpalettes et chariots Yale MPC15<br data-start=\"3262\" data-end=\"3265\" \/><strong data-start=\"3265\" data-end=\"3278\">Avantage:<\/strong> Haute traction, r\u00e9sistance \u00e0 l\u2019usure, longue dur\u00e9e de vie<\/p>\n<p data-start=\"3340\" data-end=\"3654\">\n","protected":false},"featured_media":10993,"template":"","meta":[],"product_brand":[],"product_cat":[193],"product_tag":[],"class_list":{"0":"post-10989","1":"product","2":"type-product","3":"status-publish","4":"has-post-thumbnail","6":"product_cat-yuruyus-tekeri","8":"first","9":"instock","10":"taxable","11":"shipping-taxable","12":"purchasable","13":"product-type-simple"},"_links":{"self":[{"href":"https:\/\/ceoparts.com\/fr\/wp-json\/wp\/v2\/product\/10989","targetHints":{"allow":["GET"]}}],"collection":[{"href":"https:\/\/ceoparts.com\/fr\/wp-json\/wp\/v2\/product"}],"about":[{"href":"https:\/\/ceoparts.com\/fr\/wp-json\/wp\/v2\/types\/product"}],"wp:featuredmedia":[{"embeddable":true,"href":"https:\/\/ceoparts.com\/fr\/wp-json\/wp\/v2\/media\/10993"}],"wp:attachment":[{"href":"https:\/\/ceoparts.com\/fr\/wp-json\/wp\/v2\/media?parent=10989"}],"wp:term":[{"taxonomy":"product_brand","embeddable":true,"href":"https:\/\/ceoparts.com\/fr\/wp-json\/wp\/v2\/product_brand?post=10989"},{"taxonomy":"product_cat","embeddable":true,"href":"https:\/\/ceoparts.com\/fr\/wp-json\/wp\/v2\/product_cat?post=10989"},{"taxonomy":"product_tag","embeddable":true,"href":"https:\/\/ceoparts.com\/fr\/wp-json\/wp\/v2\/product_tag?post=10989"}],"curies":[{"name":"wp","href":"https:\/\/api.w.org\/{rel}","templated":true}]}}