{"id":10996,"date":"2024-09-25T15:51:34","date_gmt":"2024-09-25T12:51:34","guid":{"rendered":"https:\/\/ceoparts.com\/?post_type=product&#038;p=10996"},"modified":"2026-05-16T09:34:56","modified_gmt":"2026-05-16T06:34:56","slug":"stil-linde-tekerlek-flansi","status":"publish","type":"product","link":"https:\/\/ceoparts.com\/fr\/urun\/stil-linde-tekerlek-flansi\/","title":{"rendered":"Still \/ Linde Flasque de roue porteuse &#8211; 1318511703"},"content":{"rendered":"<p>Still \/ Linde Flasque de roue porteuse &#8211; 1318511703<\/p>\n<p>1 pi\u00e8ce<\/p>\n<p>Still \/ Linde Flasque de roue porteuse<\/p>\n<p>Linde 1318511703<\/p>\n<p>&nbsp;<\/p>\n<table border=\"0\" width=\"367\" cellspacing=\"0\" cellpadding=\"0\">\n<colgroup><\/colgroup>\n<colgroup>\n<col width=\"64\" \/>\n<col width=\"303\" \/><\/colgroup>\n<tbody>\n<tr>\n<td class=\"xl65\" width=\"64\" height=\"20\"><span style=\"font-family: tim;\">131<\/span><\/td>\n<td class=\"xl65\" width=\"303\"><span style=\"font-family: tim;\">T30<\/span><\/td>\n<\/tr>\n<tr>\n<td class=\"xl65\" height=\"20\"><span style=\"font-family: tim;\">132<\/span><\/td>\n<td class=\"xl65\"><span style=\"font-family: tim;\">N20\/N24\/N20L\/N20LI<\/span><\/td>\n<\/tr>\n<tr>\n<td class=\"xl65\" height=\"20\"><span style=\"font-family: tim;\">133<\/span><\/td>\n<td class=\"xl65\"><span style=\"font-family: tim;\">L12\/L14-L12L\/L14L-L12LHP<\/span><\/td>\n<\/tr>\n<tr>\n<td class=\"xl65\" height=\"20\"><span style=\"font-family: tim;\">140<\/span><\/td>\n<td class=\"xl65\"><span style=\"font-family: tim;\">T20R<\/span><\/td>\n<\/tr>\n<tr>\n<td class=\"xl65\" height=\"20\"><span style=\"font-family: tim;\">141<\/span><\/td>\n<td class=\"xl65\"><span style=\"font-family: tim;\">T20AP<\/span><\/td>\n<\/tr>\n<tr>\n<td class=\"xl65\" height=\"20\"><span style=\"font-family: tim;\">141<\/span><\/td>\n<td class=\"xl65\"><span style=\"font-family: tim;\">T20\/30<\/span><\/td>\n<\/tr>\n<tr>\n<td class=\"xl65\" height=\"20\"><span style=\"font-family: tim;\">141<\/span><\/td>\n<td class=\"xl65\"><span style=\"font-family: tim;\">L12L\/L12LP<\/span><\/td>\n<\/tr>\n<tr>\n<td class=\"xl65\" height=\"20\"><span style=\"font-family: tim;\">144<\/span><\/td>\n<td class=\"xl65\"><span style=\"font-family: tim;\">T20S\/T20SF<\/span><\/td>\n<\/tr>\n<tr>\n<td class=\"xl65\" height=\"20\"><span style=\"font-family: tim;\">149<\/span><\/td>\n<td class=\"xl65\"><span style=\"font-family: tim;\">N20\/N25\/N20L\/LI\/LX<\/span><\/td>\n<\/tr>\n<tr>\n<td class=\"xl65\" height=\"20\"><span style=\"font-family: tim;\">149<\/span><\/td>\n<td class=\"xl65\"><span style=\"font-family: tim;\">N20V-N20VI<\/span><\/td>\n<\/tr>\n<tr>\n<td class=\"xl65\" height=\"20\"><span style=\"font-family: tim;\">360<\/span><\/td>\n<td class=\"xl65\"><span style=\"font-family: tim;\">T16\/T18\/T20\/T16L<\/span><\/td>\n<\/tr>\n<tr>\n<td class=\"xl65\" height=\"20\"><span style=\"font-family: tim;\">372<\/span><\/td>\n<td class=\"xl65\"><span style=\"font-family: tim;\">L14\/16\/L14AP\/16AP<\/span><\/td>\n<\/tr>\n<\/tbody>\n<\/table>\n<p><\/p>","protected":false},"excerpt":{"rendered":"<p data-start=\"0\" data-end=\"302\"><br data-start=\"2515\" data-end=\"2518\" \/>Still \/ Linde Bride de roue porteuse papillon est une bride utilis\u00e9e pour les roues porteuses sur chariots \u00e9l\u00e9vateurs et v\u00e9hicules industriels. Sa construction robuste et durable am\u00e9liore la capacit\u00e9 de charge et facilite le montage des roues. Elle soutient la stabilit\u00e9 du chariot pour une utilisation s\u00fbre.<\/p>\n<p data-start=\"2828\" data-end=\"3181\"><strong data-start=\"2828\" data-end=\"2850\">Caract\u00e9ristiques :<\/strong><br data-start=\"2850\" data-end=\"2853\" \/><strong data-start=\"2853\" data-end=\"2873\">Nom du produit :<\/strong> Still \/ Linde Bride de roue porteuse papillon<br data-start=\"2919\" data-end=\"2922\" \/><strong data-start=\"2922\" data-end=\"2938\">Code pi\u00e8ce :<\/strong> 1318511703<br data-start=\"2949\" data-end=\"2952\" \/><strong data-start=\"2952\" data-end=\"2966\">Mat\u00e9riau :<\/strong> Alliage m\u00e9tallique durable<br data-start=\"2993\" data-end=\"2996\" \/><strong data-start=\"2996\" data-end=\"3022\">Domaine d\u2019utilisation:<\/strong> Bride de roue porteuse pour chariots \u00e9l\u00e9vateurs et v\u00e9hicules industriels<br data-start=\"3095\" data-end=\"3098\" \/><strong data-start=\"3098\" data-end=\"3111\">Avantage:<\/strong> Haute durabilit\u00e9, installation facile, am\u00e9lioration de la stabilit\u00e9<\/p>\n<p data-start=\"3183\" data-end=\"3501\">\n","protected":false},"featured_media":13846,"template":"","meta":[],"product_brand":[],"product_cat":[241,246,411],"product_tag":[],"class_list":{"0":"post-10996","1":"product","2":"type-product","3":"status-publish","4":"has-post-thumbnail","6":"product_cat-still","7":"product_cat-linde","8":"product_cat-parcalar-catal-mekanizma","10":"first","11":"instock","12":"taxable","13":"shipping-taxable","14":"purchasable","15":"product-type-simple"},"_links":{"self":[{"href":"https:\/\/ceoparts.com\/fr\/wp-json\/wp\/v2\/product\/10996","targetHints":{"allow":["GET"]}}],"collection":[{"href":"https:\/\/ceoparts.com\/fr\/wp-json\/wp\/v2\/product"}],"about":[{"href":"https:\/\/ceoparts.com\/fr\/wp-json\/wp\/v2\/types\/product"}],"wp:featuredmedia":[{"embeddable":true,"href":"https:\/\/ceoparts.com\/fr\/wp-json\/wp\/v2\/media\/13846"}],"wp:attachment":[{"href":"https:\/\/ceoparts.com\/fr\/wp-json\/wp\/v2\/media?parent=10996"}],"wp:term":[{"taxonomy":"product_brand","embeddable":true,"href":"https:\/\/ceoparts.com\/fr\/wp-json\/wp\/v2\/product_brand?post=10996"},{"taxonomy":"product_cat","embeddable":true,"href":"https:\/\/ceoparts.com\/fr\/wp-json\/wp\/v2\/product_cat?post=10996"},{"taxonomy":"product_tag","embeddable":true,"href":"https:\/\/ceoparts.com\/fr\/wp-json\/wp\/v2\/product_tag?post=10996"}],"curies":[{"name":"wp","href":"https:\/\/api.w.org\/{rel}","templated":true}]}}