{"id":11037,"date":"2024-10-01T14:27:53","date_gmt":"2024-10-01T11:27:53","guid":{"rendered":"https:\/\/ceoparts.com\/?post_type=product&#038;p=11037"},"modified":"2026-05-16T12:16:07","modified_gmt":"2026-05-16T09:16:07","slug":"285x105-45-stellana-vulkolan-yuk-tekeri","status":"publish","type":"product","link":"https:\/\/ceoparts.com\/fr\/urun\/285x105-45-stellana-vulkolan-yuk-tekeri\/","title":{"rendered":"285&#215;105-45 Stellana Vulkollan Roulettes charge Atlet &#8211; 110956"},"content":{"rendered":"<p>285&#215;105-45 Stellana Vulkollan Roulettes charge Atlet &#8211; 110956<\/p>","protected":false},"excerpt":{"rendered":"<p data-start=\"0\" data-end=\"372\"><br data-start=\"2976\" data-end=\"2979\" \/>285\u00d7105-45 roue de charge Stellana Vulkollan Atlet est une roue durable et performante utilis\u00e9e pour les chariots \u00e9l\u00e9vateurs et v\u00e9hicules industriels. Elle a un diam\u00e8tre de 285 mm, une largeur de 105 mm et un al\u00e9sage de 45 mm. Le rev\u00eatement Stellana Vulkollan offre une excellente r\u00e9sistance \u00e0 l\u2019usure, de l\u2019\u00e9lasticit\u00e9 et une absorption des vibrations. La marque Atlet garantit une utilisation fiable et durable.<\/p>\n<p data-start=\"3393\" data-end=\"3776\"><strong data-start=\"3393\" data-end=\"3415\">Caract\u00e9ristiques :<\/strong><br data-start=\"3415\" data-end=\"3418\" \/><strong data-start=\"3418\" data-end=\"3438\">Nom du produit :<\/strong> 285\u00d7105-45 roue de charge Stellana Vulkollan Atlet<br data-start=\"3489\" data-end=\"3492\" \/><strong data-start=\"3492\" data-end=\"3508\">Code pi\u00e8ce :<\/strong> 110956<br data-start=\"3515\" data-end=\"3518\" \/><strong data-start=\"3518\" data-end=\"3532\">Mat\u00e9riau :<\/strong> Rev\u00eatement Stellana Vulkollan, corps en acier<br data-start=\"3578\" data-end=\"3581\" \/><strong data-start=\"3581\" data-end=\"3607\">Domaine d\u2019utilisation:<\/strong> Roue de charge pour chariots \u00e9l\u00e9vateurs et v\u00e9hicules industriels<br data-start=\"3672\" data-end=\"3675\" \/><strong data-start=\"3675\" data-end=\"3688\">Avantage:<\/strong> Haute r\u00e9sistance \u00e0 l\u2019usure, absorption des vibrations, structure \u00e9lastique et durable<\/p>\n<p data-start=\"3778\" data-end=\"4182\">\n","protected":false},"featured_media":11038,"template":"","meta":[],"product_brand":[],"product_cat":[416,419,194],"product_tag":[],"class_list":{"0":"post-11037","1":"product","2":"type-product","3":"status-publish","4":"has-post-thumbnail","6":"product_cat-stellana","7":"product_cat-yuk-tekeri-stellana","8":"product_cat-yuk-tekeri","10":"first","11":"instock","12":"taxable","13":"shipping-taxable","14":"purchasable","15":"product-type-simple"},"_links":{"self":[{"href":"https:\/\/ceoparts.com\/fr\/wp-json\/wp\/v2\/product\/11037","targetHints":{"allow":["GET"]}}],"collection":[{"href":"https:\/\/ceoparts.com\/fr\/wp-json\/wp\/v2\/product"}],"about":[{"href":"https:\/\/ceoparts.com\/fr\/wp-json\/wp\/v2\/types\/product"}],"wp:featuredmedia":[{"embeddable":true,"href":"https:\/\/ceoparts.com\/fr\/wp-json\/wp\/v2\/media\/11038"}],"wp:attachment":[{"href":"https:\/\/ceoparts.com\/fr\/wp-json\/wp\/v2\/media?parent=11037"}],"wp:term":[{"taxonomy":"product_brand","embeddable":true,"href":"https:\/\/ceoparts.com\/fr\/wp-json\/wp\/v2\/product_brand?post=11037"},{"taxonomy":"product_cat","embeddable":true,"href":"https:\/\/ceoparts.com\/fr\/wp-json\/wp\/v2\/product_cat?post=11037"},{"taxonomy":"product_tag","embeddable":true,"href":"https:\/\/ceoparts.com\/fr\/wp-json\/wp\/v2\/product_tag?post=11037"}],"curies":[{"name":"wp","href":"https:\/\/api.w.org\/{rel}","templated":true}]}}