{"id":11042,"date":"2024-10-01T14:39:52","date_gmt":"2024-10-01T11:39:52","guid":{"rendered":"https:\/\/ceoparts.com\/?post_type=product&#038;p=11042"},"modified":"2026-05-16T21:14:32","modified_gmt":"2026-05-16T18:14:32","slug":"300x102-40-bomerang-vulkoprin-yuk-tekeri","status":"publish","type":"product","link":"https:\/\/ceoparts.com\/fr\/urun\/300x102-40-bomerang-vulkoprin-yuk-tekeri\/","title":{"rendered":"310&#215;102-40 Bomerang Vulkoprin Vulkollan Roulettes charge &#8211; 8427484"},"content":{"rendered":"<p>310&#215;102-40 Bomerang Vulkoprin Vulkollan Roulettes charge &#8211; 8427484<\/p>\n<p>Still 842748<\/p>\n<p>Still FM-X<\/p>\n<p>Still FM-XN<\/p>","protected":false},"excerpt":{"rendered":"<p data-start=\"0\" data-end=\"372\"><br data-start=\"3035\" data-end=\"3038\" \/>310\u00d7102-40 roue de charge Bomerang Vulkoprin Vulkollan est une roue durable et de haute qualit\u00e9 utilis\u00e9e pour les chariots \u00e9l\u00e9vateurs et v\u00e9hicules industriels. Elle a un diam\u00e8tre de 310 mm, une largeur de 102 mm et un al\u00e9sage de 40 mm. Le rev\u00eatement Bomerang Vulkoprin Vulkollan offre une excellente r\u00e9sistance \u00e0 l\u2019usure, de l\u2019\u00e9lasticit\u00e9 et une absorption des vibrations. Elle assure une longue dur\u00e9e de vie et une haute performance.<\/p>\n<p data-start=\"3473\" data-end=\"3871\"><strong data-start=\"3473\" data-end=\"3495\">Caract\u00e9ristiques :<\/strong><br data-start=\"3495\" data-end=\"3498\" \/><strong data-start=\"3498\" data-end=\"3518\">Nom du produit :<\/strong> 310\u00d7102-40 roue de charge Bomerang Vulkoprin Vulkollan<br data-start=\"3573\" data-end=\"3576\" \/><strong data-start=\"3576\" data-end=\"3592\">Code pi\u00e8ce :<\/strong> 8427484<br data-start=\"3600\" data-end=\"3603\" \/><strong data-start=\"3603\" data-end=\"3617\">Mat\u00e9riau :<\/strong> Rev\u00eatement Bomerang Vulkoprin Vulkollan, corps en acier<br data-start=\"3673\" data-end=\"3676\" \/><strong data-start=\"3676\" data-end=\"3702\">Domaine d\u2019utilisation:<\/strong> Roue de charge pour chariots \u00e9l\u00e9vateurs et v\u00e9hicules industriels<br data-start=\"3767\" data-end=\"3770\" \/><strong data-start=\"3770\" data-end=\"3783\">Avantage:<\/strong> Haute r\u00e9sistance \u00e0 l\u2019usure, absorption des vibrations, structure \u00e9lastique et durable<\/p>\n<p data-start=\"3873\" data-end=\"4266\">\n","protected":false},"featured_media":11046,"template":"","meta":[],"product_brand":[],"product_cat":[241,245,428,194],"product_tag":[],"class_list":{"0":"post-11042","1":"product","2":"type-product","3":"status-publish","4":"has-post-thumbnail","6":"product_cat-still","7":"product_cat-yuk-tekeri-still","8":"product_cat-yuk-tekeri-vulkoprin","9":"product_cat-yuk-tekeri","11":"first","12":"instock","13":"taxable","14":"shipping-taxable","15":"purchasable","16":"product-type-simple"},"_links":{"self":[{"href":"https:\/\/ceoparts.com\/fr\/wp-json\/wp\/v2\/product\/11042","targetHints":{"allow":["GET"]}}],"collection":[{"href":"https:\/\/ceoparts.com\/fr\/wp-json\/wp\/v2\/product"}],"about":[{"href":"https:\/\/ceoparts.com\/fr\/wp-json\/wp\/v2\/types\/product"}],"wp:featuredmedia":[{"embeddable":true,"href":"https:\/\/ceoparts.com\/fr\/wp-json\/wp\/v2\/media\/11046"}],"wp:attachment":[{"href":"https:\/\/ceoparts.com\/fr\/wp-json\/wp\/v2\/media?parent=11042"}],"wp:term":[{"taxonomy":"product_brand","embeddable":true,"href":"https:\/\/ceoparts.com\/fr\/wp-json\/wp\/v2\/product_brand?post=11042"},{"taxonomy":"product_cat","embeddable":true,"href":"https:\/\/ceoparts.com\/fr\/wp-json\/wp\/v2\/product_cat?post=11042"},{"taxonomy":"product_tag","embeddable":true,"href":"https:\/\/ceoparts.com\/fr\/wp-json\/wp\/v2\/product_tag?post=11042"}],"curies":[{"name":"wp","href":"https:\/\/api.w.org\/{rel}","templated":true}]}}