{"id":11053,"date":"2024-10-01T15:02:31","date_gmt":"2024-10-01T12:02:31","guid":{"rendered":"https:\/\/ceoparts.com\/?post_type=product&#038;p=11053"},"modified":"2026-05-16T20:03:31","modified_gmt":"2026-05-16T17:03:31","slug":"300x106-30-wicke-vulkollan-6b-frenli-yuk-tekeri","status":"publish","type":"product","link":"https:\/\/ceoparts.com\/fr\/urun\/300x106-30-wicke-vulkollan-6b-frenli-yuk-tekeri\/","title":{"rendered":"300&#215;106-30 Wicke Vulkollan 6B Avec Frein Roulettes charge &#8211; 7578681"},"content":{"rendered":"<p>300&#215;106-30 Wicke Vulkollan 6B Avec Frein Roulettes charge &#8211; 7578681<\/p>","protected":false},"excerpt":{"rendered":"<p data-start=\"0\" data-end=\"396\"><br data-start=\"3052\" data-end=\"3055\" \/>300\u00d7106-30 roue de charge frein\u00e9e Wicke Vulkollan 6B est une roue de charge frein\u00e9e de haute qualit\u00e9 utilis\u00e9e pour les chariots \u00e9l\u00e9vateurs et v\u00e9hicules industriels. Elle a un diam\u00e8tre de 300 mm, une largeur de 106 mm et un al\u00e9sage de 30 mm. \u00c9quip\u00e9e d\u2019un syst\u00e8me \u00e0 6 billes. Le rev\u00eatement Wicke Vulkollan offre une excellente r\u00e9sistance \u00e0 l\u2019usure et \u00e9lasticit\u00e9. Le syst\u00e8me de freinage am\u00e9liore le contr\u00f4le du v\u00e9hicule et assure une utilisation s\u00fbre.<\/p>\n<p data-start=\"3505\" data-end=\"3882\"><strong data-start=\"3505\" data-end=\"3527\">Caract\u00e9ristiques :<\/strong><br data-start=\"3527\" data-end=\"3530\" \/><strong data-start=\"3530\" data-end=\"3550\">Nom du produit :<\/strong> 300\u00d7106-30 roue de charge frein\u00e9e Wicke Vulkollan 6B<br data-start=\"3603\" data-end=\"3606\" \/><strong data-start=\"3606\" data-end=\"3622\">Code pi\u00e8ce :<\/strong> 7578681<br data-start=\"3630\" data-end=\"3633\" \/><strong data-start=\"3633\" data-end=\"3647\">Mat\u00e9riau :<\/strong> Rev\u00eatement Wicke Vulkollan, corps en acier<br data-start=\"3690\" data-end=\"3693\" \/><strong data-start=\"3693\" data-end=\"3719\">Domaine d\u2019utilisation:<\/strong> Roue de charge pour chariots \u00e9l\u00e9vateurs et v\u00e9hicules industriels<br data-start=\"3784\" data-end=\"3787\" \/><strong data-start=\"3787\" data-end=\"3800\">Avantage:<\/strong> Haute r\u00e9sistance \u00e0 l\u2019usure, syst\u00e8me de freinage, structure \u00e9lastique et durable<\/p>\n<p data-start=\"3884\" data-end=\"4302\">\n","protected":false},"featured_media":11057,"template":"","meta":[],"product_brand":[],"product_cat":[405,194],"product_tag":[],"class_list":{"0":"post-11053","1":"product","2":"type-product","3":"status-publish","4":"has-post-thumbnail","6":"product_cat-yuk-tekeri-wicke","7":"product_cat-yuk-tekeri","9":"first","10":"instock","11":"taxable","12":"shipping-taxable","13":"purchasable","14":"product-type-simple"},"_links":{"self":[{"href":"https:\/\/ceoparts.com\/fr\/wp-json\/wp\/v2\/product\/11053","targetHints":{"allow":["GET"]}}],"collection":[{"href":"https:\/\/ceoparts.com\/fr\/wp-json\/wp\/v2\/product"}],"about":[{"href":"https:\/\/ceoparts.com\/fr\/wp-json\/wp\/v2\/types\/product"}],"wp:featuredmedia":[{"embeddable":true,"href":"https:\/\/ceoparts.com\/fr\/wp-json\/wp\/v2\/media\/11057"}],"wp:attachment":[{"href":"https:\/\/ceoparts.com\/fr\/wp-json\/wp\/v2\/media?parent=11053"}],"wp:term":[{"taxonomy":"product_brand","embeddable":true,"href":"https:\/\/ceoparts.com\/fr\/wp-json\/wp\/v2\/product_brand?post=11053"},{"taxonomy":"product_cat","embeddable":true,"href":"https:\/\/ceoparts.com\/fr\/wp-json\/wp\/v2\/product_cat?post=11053"},{"taxonomy":"product_tag","embeddable":true,"href":"https:\/\/ceoparts.com\/fr\/wp-json\/wp\/v2\/product_tag?post=11053"}],"curies":[{"name":"wp","href":"https:\/\/api.w.org\/{rel}","templated":true}]}}