{"id":11068,"date":"2024-10-01T15:30:21","date_gmt":"2024-10-01T12:30:21","guid":{"rendered":"https:\/\/ceoparts.com\/?post_type=product&#038;p=11068"},"modified":"2026-05-16T12:09:13","modified_gmt":"2026-05-16T09:09:13","slug":"350x106-6b-stellana-yuk-tekeri-7540800-7610264","status":"publish","type":"product","link":"https:\/\/ceoparts.com\/fr\/urun\/350x106-6b-stellana-yuk-tekeri-7540800-7610264\/","title":{"rendered":"350&#215;106 6B BT RRE200 Stellana Vulkollan Roulettes charge &#8211; 7540800"},"content":{"rendered":"<p>350&#215;106 6B BT RRE200 Stellana Vulkollan Roulettes charge &#8211; 7540800<\/p>\n<p><\/p>\n<p data-start=\"5217\" data-end=\"5612\" data-is-last-node=\"\" data-is-only-node=\"\">\n<table>\n<tbody>\n<tr>\n<td>970920<\/td>\n<td>Vulk Hjul 350\/300\u00d7106<\/td>\n<\/tr>\n<tr>\n<td>963600<\/td>\n<td>Bricka 72,5\/52,5\u00d79,5<\/td>\n<\/tr>\n<tr>\n<td>8037<\/td>\n<td>BUSHING \u00d840\/52\u00d789-14<\/td>\n<\/tr>\n<tr>\n<td>8033<\/td>\n<td>Bricka 52,5\/30,2\u00d710,2<\/td>\n<\/tr>\n<tr>\n<td>7997<\/td>\n<td>Sp\u00e5rring SgH 72<\/td>\n<\/tr>\n<tr>\n<td>101252<\/td>\n<td>Rullager DAC \u00d873\u00d755-40<\/td>\n<\/tr>\n<tr>\n<td>101212<\/td>\n<td>Buntband 4,8\u00d7360 TY528MR<\/td>\n<\/tr>\n<\/tbody>\n<\/table>\n<p>BT RRE200<\/p>","protected":false},"excerpt":{"rendered":"<p data-start=\"0\" data-end=\"408\"><br data-start=\"3078\" data-end=\"3081\" \/>350\u00d7106 6B BT RRE200 roue de charge Stellana Vulkollan est une roue tr\u00e8s durable utilis\u00e9e pour les chariots \u00e9l\u00e9vateurs et v\u00e9hicules industriels. Elle a un diam\u00e8tre de 350 mm, une largeur de 106 mm et est \u00e9quip\u00e9e d\u2019un syst\u00e8me de roulement \u00e0 6 billes. Le rev\u00eatement Stellana Vulkollan offre une grande r\u00e9sistance \u00e0 l\u2019usure, de l\u2019\u00e9lasticit\u00e9 et une absorption des vibrations. Elle assure une longue dur\u00e9e de vie m\u00eame sous charges lourdes et une excellente adh\u00e9rence.<\/p>\n<p data-start=\"3545\" data-end=\"3933\"><strong data-start=\"3545\" data-end=\"3567\">Caract\u00e9ristiques :<\/strong><br data-start=\"3567\" data-end=\"3570\" \/><strong data-start=\"3570\" data-end=\"3590\">Nom du produit :<\/strong> 350\u00d7106 6B BT RRE200 roue de charge Stellana Vulkollan<br data-start=\"3645\" data-end=\"3648\" \/><strong data-start=\"3648\" data-end=\"3664\">Code pi\u00e8ce :<\/strong> 7540800<br data-start=\"3672\" data-end=\"3675\" \/><strong data-start=\"3675\" data-end=\"3689\">Mat\u00e9riau :<\/strong> Rev\u00eatement Stellana Vulkollan, corps en acier<br data-start=\"3735\" data-end=\"3738\" \/><strong data-start=\"3738\" data-end=\"3764\">Domaine d\u2019utilisation:<\/strong> Roue de charge pour chariots \u00e9l\u00e9vateurs et v\u00e9hicules industriels<br data-start=\"3829\" data-end=\"3832\" \/><strong data-start=\"3832\" data-end=\"3845\">Avantage:<\/strong> Haute r\u00e9sistance \u00e0 l\u2019usure, absorption des vibrations, structure \u00e9lastique et durable<\/p>\n<p data-start=\"3935\" data-end=\"4379\">\n","protected":false},"featured_media":11073,"template":"","meta":[],"product_brand":[],"product_cat":[251,255,416,419,194],"product_tag":[],"class_list":{"0":"post-11068","1":"product","2":"type-product","3":"status-publish","4":"has-post-thumbnail","6":"product_cat-bt","7":"product_cat-yuk-tekeri-bt","8":"product_cat-stellana","9":"product_cat-yuk-tekeri-stellana","10":"product_cat-yuk-tekeri","12":"first","13":"instock","14":"taxable","15":"shipping-taxable","16":"purchasable","17":"product-type-simple"},"_links":{"self":[{"href":"https:\/\/ceoparts.com\/fr\/wp-json\/wp\/v2\/product\/11068","targetHints":{"allow":["GET"]}}],"collection":[{"href":"https:\/\/ceoparts.com\/fr\/wp-json\/wp\/v2\/product"}],"about":[{"href":"https:\/\/ceoparts.com\/fr\/wp-json\/wp\/v2\/types\/product"}],"wp:featuredmedia":[{"embeddable":true,"href":"https:\/\/ceoparts.com\/fr\/wp-json\/wp\/v2\/media\/11073"}],"wp:attachment":[{"href":"https:\/\/ceoparts.com\/fr\/wp-json\/wp\/v2\/media?parent=11068"}],"wp:term":[{"taxonomy":"product_brand","embeddable":true,"href":"https:\/\/ceoparts.com\/fr\/wp-json\/wp\/v2\/product_brand?post=11068"},{"taxonomy":"product_cat","embeddable":true,"href":"https:\/\/ceoparts.com\/fr\/wp-json\/wp\/v2\/product_cat?post=11068"},{"taxonomy":"product_tag","embeddable":true,"href":"https:\/\/ceoparts.com\/fr\/wp-json\/wp\/v2\/product_tag?post=11068"}],"curies":[{"name":"wp","href":"https:\/\/api.w.org\/{rel}","templated":true}]}}