{"id":11117,"date":"2024-10-07T14:34:34","date_gmt":"2024-10-07T11:34:34","guid":{"rendered":"https:\/\/ceoparts.com\/?post_type=product&#038;p=11117"},"modified":"2026-05-03T02:44:55","modified_gmt":"2026-05-02T23:44:55","slug":"230x70-45-rota-eski-tip-kanalli-yuruyus-tekeri-0009903819","status":"publish","type":"product","link":"https:\/\/ceoparts.com\/fr\/urun\/230x70-45-rota-eski-tip-kanalli-yuruyus-tekeri-0009903819\/","title":{"rendered":"230&#215;70-45 Rota Roue de marche canalis\u00e9e \u2013 0009903819"},"content":{"rendered":"<p>230&#215;70-45 Rota Roue de marche canalis\u00e9e \u2013 0009903819<\/p>\n<p>LINDE 0009903819, 0009934071<\/p>\n<p>1151\u00a0T16\/T16P\/T20\/T20P<br \/>\n1152\u00a0T16\/T18\/T20\/T16L<br \/>\n1160\u00a0D06\/D08<br \/>\n1169\u00a0L10\/L12\/L14C<br \/>\n1169\u00a0L10P\/L12P\/L14P<br \/>\n1172\u00a0L10\/L12\/L12i<\/p>\n<p>Still 4359920 4400716<\/p>\n<p>EXU<br \/>\nEXU AC16 (0143, 0150, 0151, 0152)<br \/>\nEXU AC18 (0143, 0150, 0151, 0152)<br \/>\nEXU AC20 (0143, 0150, 0151, 0152)<br \/>\nEXU AC22 (0143, 0150, 0151, 0152)<br \/>\nEXU LINDE USA (0147)<br \/>\nEXU-H (0202)<br \/>\nEXU-H AC (0203)<br \/>\nEXU-H AC Autolift (0161, 0162, 0163)<br \/>\nEXU-SF20 (0160, 0179)<br \/>\nEXU-SF20 09\/2013-&gt;<br \/>\nEXV<br \/>\nEXV10 (4572) 02\/2015-&gt;<br \/>\nEXV10BASIC (4572) 02\/2015-&gt;<br \/>\nEXV12 (4572) 02\/2015-&gt;<br \/>\nEXV12I (4572) 02\/2015-&gt;<br \/>\nEXV14C (4572) 02\/2015-&gt;<br \/>\nEXV14IC (4572) 02\/2015-&gt;<br \/>\nEXVBasic (0251, 0252, 0253, 0254)<br \/>\nEXVBasic (0270, 0271, 0272, 0273) 01\/2013-&gt;<br \/>\nEXD<br \/>\nEXD-SF20 (0260,0261, 0283, 0284)<br \/>\nEXD-SF20 (0283, 0284)<br \/>\nEXD18 (0285, 0286)<br \/>\nEXD20 (0260,0261, 0283, 0284)<br \/>\nEXD20 (0283, 0284)<br \/>\nEGU<br \/>\nEGU 16 (0115, 0117, 0119, 0125)<br \/>\nEGU 18 (0115, 0117, 0119, 0125)<br \/>\nEGU 20 (0115, 0117, 0119, 0125)<br \/>\nEGU 20-S (0115, 0117, 0119, 0125)<br \/>\nEGU-H (0201)<br \/>\nEGU20 (0122)<br \/>\nEGU20S (0123)<br \/>\nEGV<br \/>\nEGV14 (0248,0250)<br \/>\nEGV16 (0248,0250)<br \/>\nLTX<br \/>\nLTX-T04<br \/>\nLTX20<br \/>\nTSD<br \/>\nTSD-SF20<br \/>\nTSD20<br \/>\nEGD<br \/>\nEGD16 (0219)<br \/>\nCL<br \/>\nCL10 Basic (4572) 01\/2013 -&gt;<br \/>\nCL12 Basic (4572) 01\/2013-&gt;<br \/>\nCL12i Basic (4572) 01\/2013-&gt;<\/p>","protected":false},"excerpt":{"rendered":"<p data-start=\"95\" data-end=\"540\"><br data-start=\"3240\" data-end=\"3243\" \/>230\u00d770-45 Rota roue de marche rainur\u00e9e est une roue hautes performances sp\u00e9cialement con\u00e7ue pour les chariots \u00e9l\u00e9vateurs et \u00e9quipements de transport industriel. Avec un diam\u00e8tre de 230 mm, une largeur de 70 mm et un al\u00e9sage de 45 mm, ce mod\u00e8le offre une conduite stable et une direction \u00e9quilibr\u00e9e gr\u00e2ce \u00e0 sa structure rainur\u00e9e. Son rev\u00eatement en polyur\u00e9thane est r\u00e9sistant \u00e0 l\u2019usure et \u00e0 la d\u00e9formation sous forte charge. Fonctionnement silencieux et antid\u00e9rapant.<\/p>\n<p data-start=\"3710\" data-end=\"4099\"><strong data-start=\"3710\" data-end=\"3732\">Caract\u00e9ristiques :<\/strong><br data-start=\"3732\" data-end=\"3735\" \/><strong data-start=\"3735\" data-end=\"3755\">Nom du produit :<\/strong> 230\u00d770-45 Rota roue de marche rainur\u00e9e<br data-start=\"3794\" data-end=\"3797\" \/><strong data-start=\"3797\" data-end=\"3813\">Code pi\u00e8ce :<\/strong> 0009903819<br data-start=\"3824\" data-end=\"3827\" \/><strong data-start=\"3827\" data-end=\"3841\">Mat\u00e9riau :<\/strong> Rev\u00eatement en polyur\u00e9thane, corps en acier<br data-start=\"3884\" data-end=\"3887\" \/><strong data-start=\"3887\" data-end=\"3913\">Domaine d\u2019utilisation:<\/strong> Roue de marche pour chariots \u00e9l\u00e9vateurs et \u00e9quipements industriels<br data-start=\"3980\" data-end=\"3983\" \/><strong data-start=\"3983\" data-end=\"3996\">Avantage:<\/strong> Conduite stable avec rainures, haute r\u00e9sistance \u00e0 l\u2019usure, fonctionnement silencieux et antid\u00e9rapant<\/p>\n<p data-start=\"4101\" data-end=\"4525\">\n","protected":false},"featured_media":11121,"template":"","meta":[],"product_brand":[],"product_cat":[246,249,412,414,241,244,193],"product_tag":[],"class_list":{"0":"post-11117","1":"product","2":"type-product","3":"status-publish","4":"has-post-thumbnail","6":"product_cat-linde","7":"product_cat-yuruyus-tekeri-linde","8":"product_cat-tellure-rota","9":"product_cat-yuruyus-tekeri-rota","10":"product_cat-still","11":"product_cat-yuruyus-tekeri-still","12":"product_cat-yuruyus-tekeri","14":"first","15":"instock","16":"taxable","17":"shipping-taxable","18":"purchasable","19":"product-type-simple"},"_links":{"self":[{"href":"https:\/\/ceoparts.com\/fr\/wp-json\/wp\/v2\/product\/11117","targetHints":{"allow":["GET"]}}],"collection":[{"href":"https:\/\/ceoparts.com\/fr\/wp-json\/wp\/v2\/product"}],"about":[{"href":"https:\/\/ceoparts.com\/fr\/wp-json\/wp\/v2\/types\/product"}],"wp:featuredmedia":[{"embeddable":true,"href":"https:\/\/ceoparts.com\/fr\/wp-json\/wp\/v2\/media\/11121"}],"wp:attachment":[{"href":"https:\/\/ceoparts.com\/fr\/wp-json\/wp\/v2\/media?parent=11117"}],"wp:term":[{"taxonomy":"product_brand","embeddable":true,"href":"https:\/\/ceoparts.com\/fr\/wp-json\/wp\/v2\/product_brand?post=11117"},{"taxonomy":"product_cat","embeddable":true,"href":"https:\/\/ceoparts.com\/fr\/wp-json\/wp\/v2\/product_cat?post=11117"},{"taxonomy":"product_tag","embeddable":true,"href":"https:\/\/ceoparts.com\/fr\/wp-json\/wp\/v2\/product_tag?post=11117"}],"curies":[{"name":"wp","href":"https:\/\/api.w.org\/{rel}","templated":true}]}}