{"id":11123,"date":"2024-10-07T14:46:45","date_gmt":"2024-10-07T11:46:45","guid":{"rendered":"https:\/\/ceoparts.com\/?post_type=product&#038;p=11123"},"modified":"2026-05-16T16:34:37","modified_gmt":"2026-05-16T13:34:37","slug":"230x70-45-yuruyus-tekeri-7535733-7535735","status":"publish","type":"product","link":"https:\/\/ceoparts.com\/fr\/urun\/230x70-45-yuruyus-tekeri-7535733-7535735\/","title":{"rendered":"230&#215;70-45 Wicke T\u00eate frais\u00e9e Roue de marche &#8211; 7535733 -7535735"},"content":{"rendered":"<p>230&#215;70-45 Wicke T\u00eate frais\u00e9e Roue de marche &#8211; 7535733 -7535735<\/p>\n<p>BT 7535733 7535734 7535735<\/p>\n<p>BT TOYOTA LPE 200\/220\/250<\/p>","protected":false},"excerpt":{"rendered":"<p data-start=\"0\" data-end=\"473\"><br data-start=\"3450\" data-end=\"3453\" \/>230\u00d770-45 Wicke roue de marche \u00e0 al\u00e9sage conique est con\u00e7ue pour les chariots \u00e9l\u00e9vateurs et v\u00e9hicules industriels afin d&#8217;assurer hautes performances et long\u00e9vit\u00e9. Avec un diam\u00e8tre de 230 mm, une largeur de 70 mm et un al\u00e9sage de 45 mm, ce mod\u00e8le garantit un montage facile et un appui stable gr\u00e2ce \u00e0 sa structure int\u00e9rieure frais\u00e9e. Son rev\u00eatement en polyur\u00e9thane assure une excellente adh\u00e9rence et \u00e9vite le glissement. Haute r\u00e9sistance \u00e0 l&#8217;usure et \u00e0 la d\u00e9formation sous forte charge.<\/p>\n<p data-start=\"3940\" data-end=\"4342\"><strong data-start=\"3940\" data-end=\"3962\">Caract\u00e9ristiques :<\/strong><br data-start=\"3962\" data-end=\"3965\" \/><strong data-start=\"3965\" data-end=\"3985\">Nom du produit :<\/strong> 230\u00d770-45 Wicke roue de marche \u00e0 al\u00e9sage conique<br data-start=\"4034\" data-end=\"4037\" \/><strong data-start=\"4037\" data-end=\"4053\">Code pi\u00e8ce :<\/strong> 7535733, 7535735<br data-start=\"4070\" data-end=\"4073\" \/><strong data-start=\"4073\" data-end=\"4087\">Mat\u00e9riau :<\/strong> Rev\u00eatement en polyur\u00e9thane, corps en acier<br data-start=\"4130\" data-end=\"4133\" \/><strong data-start=\"4133\" data-end=\"4159\">Domaine d\u2019utilisation:<\/strong> Roue de marche pour chariots \u00e9l\u00e9vateurs et v\u00e9hicules industriels<br data-start=\"4224\" data-end=\"4227\" \/><strong data-start=\"4227\" data-end=\"4240\">Avantage:<\/strong> Structure frais\u00e9e, haute r\u00e9sistance \u00e0 l\u2019usure, surface antid\u00e9rapante, r\u00e9sistance aux fortes charges<\/p>\n<p data-start=\"4344\" data-end=\"4822\">\n","protected":false},"featured_media":12033,"template":"","meta":[],"product_brand":[],"product_cat":[404,521,529,251,254,193],"product_tag":[],"class_list":{"0":"post-11123","1":"product","2":"type-product","3":"status-publish","4":"has-post-thumbnail","6":"product_cat-yuruyus-tekeri-wicke","7":"product_cat-toyota","8":"product_cat-yuruyus-tekeri-toyota","9":"product_cat-bt","10":"product_cat-yuruyus-tekeri-bt","11":"product_cat-yuruyus-tekeri","13":"first","14":"instock","15":"taxable","16":"shipping-taxable","17":"purchasable","18":"product-type-simple"},"_links":{"self":[{"href":"https:\/\/ceoparts.com\/fr\/wp-json\/wp\/v2\/product\/11123","targetHints":{"allow":["GET"]}}],"collection":[{"href":"https:\/\/ceoparts.com\/fr\/wp-json\/wp\/v2\/product"}],"about":[{"href":"https:\/\/ceoparts.com\/fr\/wp-json\/wp\/v2\/types\/product"}],"wp:featuredmedia":[{"embeddable":true,"href":"https:\/\/ceoparts.com\/fr\/wp-json\/wp\/v2\/media\/12033"}],"wp:attachment":[{"href":"https:\/\/ceoparts.com\/fr\/wp-json\/wp\/v2\/media?parent=11123"}],"wp:term":[{"taxonomy":"product_brand","embeddable":true,"href":"https:\/\/ceoparts.com\/fr\/wp-json\/wp\/v2\/product_brand?post=11123"},{"taxonomy":"product_cat","embeddable":true,"href":"https:\/\/ceoparts.com\/fr\/wp-json\/wp\/v2\/product_cat?post=11123"},{"taxonomy":"product_tag","embeddable":true,"href":"https:\/\/ceoparts.com\/fr\/wp-json\/wp\/v2\/product_tag?post=11123"}],"curies":[{"name":"wp","href":"https:\/\/api.w.org\/{rel}","templated":true}]}}