{"id":11133,"date":"2024-10-07T15:38:16","date_gmt":"2024-10-07T12:38:16","guid":{"rendered":"https:\/\/ceoparts.com\/?post_type=product&#038;p=11133"},"modified":"2026-05-16T12:11:08","modified_gmt":"2026-05-16T09:11:08","slug":"230x70-45-wicke-kaydirmaz-yuruyus-tekeri","status":"publish","type":"product","link":"https:\/\/ceoparts.com\/fr\/urun\/230x70-45-wicke-kaydirmaz-yuruyus-tekeri\/","title":{"rendered":"230&#215;70-45 Wicke Non-slip Roue de marche &#8211; 7535733 , 7535735"},"content":{"rendered":"<p>230&#215;70-45 Wicke Non-slip Roue de marche &#8211; 7535733 , 7535735<\/p>\n<p>BT 7535733 7535734 7535735<\/p>\n<p>BT TOYOTA LPE 200\/220\/250<\/p>","protected":false},"excerpt":{"rendered":"<p data-start=\"0\" data-end=\"424\"><br data-start=\"3194\" data-end=\"3197\" \/>230\u00d770-45 Wicke roue de roulement antid\u00e9rapante est con\u00e7ue pour les chariots \u00e9l\u00e9vateurs et v\u00e9hicules industriels afin de garantir une utilisation s\u00fbre et stable. Avec un diam\u00e8tre de 230 mm, une largeur de 70 mm et un al\u00e9sage de 45 mm, ce mod\u00e8le offre une excellente adh\u00e9rence au sol gr\u00e2ce \u00e0 sa surface antid\u00e9rapante. Son rev\u00eatement en polyur\u00e9thane de haute qualit\u00e9 assure une r\u00e9sistance sup\u00e9rieure \u00e0 l&#8217;usure et \u00e0 la d\u00e9formation sous forte charge.<\/p>\n<p data-start=\"3645\" data-end=\"4060\"><strong data-start=\"3645\" data-end=\"3667\">Caract\u00e9ristiques :<\/strong><br data-start=\"3667\" data-end=\"3670\" \/><strong data-start=\"3670\" data-end=\"3690\">Nom du produit :<\/strong> 230\u00d770-45 Wicke roue de roulement antid\u00e9rapante<br data-start=\"3738\" data-end=\"3741\" \/><strong data-start=\"3741\" data-end=\"3757\">Code pi\u00e8ce :<\/strong> 7535733, 7535735<br data-start=\"3774\" data-end=\"3777\" \/><strong data-start=\"3777\" data-end=\"3791\">Mat\u00e9riau :<\/strong> Rev\u00eatement en polyur\u00e9thane, corps en acier<br data-start=\"3834\" data-end=\"3837\" \/><strong data-start=\"3837\" data-end=\"3863\">Domaine d\u2019utilisation:<\/strong> Roue de roulement pour chariots \u00e9l\u00e9vateurs et v\u00e9hicules industriels<br data-start=\"3931\" data-end=\"3934\" \/><strong data-start=\"3934\" data-end=\"3947\">Avantage:<\/strong> Surface antid\u00e9rapante, haute r\u00e9sistance \u00e0 l\u2019usure, r\u00e9sistance aux charges lourdes et fonctionnement silencieux<\/p>\n<p data-start=\"4062\" data-end=\"4500\">\n","protected":false},"featured_media":11138,"template":"","meta":[],"product_brand":[],"product_cat":[251,254,404,521,529,193],"product_tag":[],"class_list":{"0":"post-11133","1":"product","2":"type-product","3":"status-publish","4":"has-post-thumbnail","6":"product_cat-bt","7":"product_cat-yuruyus-tekeri-bt","8":"product_cat-yuruyus-tekeri-wicke","9":"product_cat-toyota","10":"product_cat-yuruyus-tekeri-toyota","11":"product_cat-yuruyus-tekeri","13":"first","14":"instock","15":"taxable","16":"shipping-taxable","17":"purchasable","18":"product-type-simple"},"_links":{"self":[{"href":"https:\/\/ceoparts.com\/fr\/wp-json\/wp\/v2\/product\/11133","targetHints":{"allow":["GET"]}}],"collection":[{"href":"https:\/\/ceoparts.com\/fr\/wp-json\/wp\/v2\/product"}],"about":[{"href":"https:\/\/ceoparts.com\/fr\/wp-json\/wp\/v2\/types\/product"}],"wp:featuredmedia":[{"embeddable":true,"href":"https:\/\/ceoparts.com\/fr\/wp-json\/wp\/v2\/media\/11138"}],"wp:attachment":[{"href":"https:\/\/ceoparts.com\/fr\/wp-json\/wp\/v2\/media?parent=11133"}],"wp:term":[{"taxonomy":"product_brand","embeddable":true,"href":"https:\/\/ceoparts.com\/fr\/wp-json\/wp\/v2\/product_brand?post=11133"},{"taxonomy":"product_cat","embeddable":true,"href":"https:\/\/ceoparts.com\/fr\/wp-json\/wp\/v2\/product_cat?post=11133"},{"taxonomy":"product_tag","embeddable":true,"href":"https:\/\/ceoparts.com\/fr\/wp-json\/wp\/v2\/product_tag?post=11133"}],"curies":[{"name":"wp","href":"https:\/\/api.w.org\/{rel}","templated":true}]}}