{"id":11145,"date":"2024-10-07T17:26:00","date_gmt":"2024-10-07T14:26:00","guid":{"rendered":"https:\/\/ceoparts.com\/?post_type=product&#038;p=11145"},"modified":"2026-05-16T12:10:13","modified_gmt":"2026-05-16T09:10:13","slug":"230x70-45-tellure-rota-bombeli-yuruyus-tekeri-50460101","status":"publish","type":"product","link":"https:\/\/ceoparts.com\/fr\/urun\/230x70-45-tellure-rota-bombeli-yuruyus-tekeri-50460101\/","title":{"rendered":"230&#215;70-45 5+3 Tellure Rota Roue de marche convexe marron &#8211; 50460101, 50020215"},"content":{"rendered":"<p>230&#215;70-45 5+3 Tellure Rota Roue de marche convexe marron &#8211; 50460101, 50020215<\/p>\n<div class=\"font12\"><span style=\"color: #000000;\">Jungheinrich quartz<\/span><\/div>\n<div class=\"font12\"><span style=\"color: #000000;\">63210590, 50030951, 50020215, 50460101, 51031747, 50019779, 50460103, 50023635<\/span><\/div>\n<div class=\"font12\">\n<p><span style=\"color: #000000;\">\u00a0<\/span><\/p>\n<table border=\"0\" frame=\"void\" rules=\"none\" cellspacing=\"0\">\n<colgroup>\n<col width=\"227\" \/>\n<col width=\"115\" \/><\/colgroup>\n<tbody>\n<tr>\n<td align=\"left\" width=\"227\" height=\"17\">ECE 116<\/td>\n<td align=\"left\" width=\"115\">4.04 &#8211; 7.06<\/td>\n<\/tr>\n<tr>\n<td align=\"left\" height=\"17\">ECE 118<\/td>\n<td align=\"left\">4.10 &#8211;<\/td>\n<\/tr>\n<tr>\n<td align=\"left\" height=\"17\">EJB 14\/16<\/td>\n<td align=\"left\">5.99 &#8211;<\/td>\n<\/tr>\n<tr>\n<td align=\"left\" height=\"17\">EJB 25\/35 (MMC)<\/td>\n<td align=\"left\">8.99 &#8211; 9.06<\/td>\n<\/tr>\n<tr>\n<td align=\"left\" height=\"17\">EJC 10\/12<\/td>\n<td align=\"left\">10.97 &#8211;<\/td>\n<\/tr>\n<tr>\n<td align=\"left\" height=\"17\">EJC 110\/112<\/td>\n<td align=\"left\">9.07 &#8211;<\/td>\n<\/tr>\n<tr>\n<td align=\"left\" height=\"17\">EJC 110\/112<\/td>\n<td align=\"left\">12.04 &#8211; 8.07<\/td>\n<\/tr>\n<tr>\n<td align=\"left\" height=\"17\">EJC 12 C<\/td>\n<td align=\"left\">7.03 &#8211;<\/td>\n<\/tr>\n<tr>\n<td align=\"left\" height=\"17\">EJC 14\/16<\/td>\n<td align=\"left\">6.98 &#8211; 2.06<\/td>\n<\/tr>\n<tr>\n<td align=\"left\" height=\"17\">EJC 20\/25<\/td>\n<td align=\"left\">6.98 &#8211; 3.05<\/td>\n<\/tr>\n<tr>\n<td align=\"left\" height=\"17\">EJC 212 \/ 214 \/ 216<\/td>\n<td align=\"left\">6.08 &#8211;<\/td>\n<\/tr>\n<tr>\n<td align=\"left\" height=\"17\">EJC 212-216<\/td>\n<td align=\"left\">1.06 &#8211; 5.08<\/td>\n<\/tr>\n<tr>\n<td align=\"left\" height=\"17\">EJC 212z \/ 214z \/ 216z<\/td>\n<td align=\"left\">12.10 &#8211;<\/td>\n<\/tr>\n<tr>\n<td align=\"left\" height=\"17\">EJC 220<\/td>\n<td align=\"left\">8.06 &#8211;<\/td>\n<\/tr>\n<tr>\n<td align=\"left\" height=\"17\">EJC B12\/14\/16<\/td>\n<td align=\"left\">4.11 &#8211;<\/td>\n<\/tr>\n<tr>\n<td align=\"left\" height=\"17\">EJC B12\/14\/16<\/td>\n<td align=\"left\">4.11 &#8211;<\/td>\n<\/tr>\n<tr>\n<td align=\"left\" height=\"17\">EJC B14\/B16<\/td>\n<td align=\"left\">5.05 &#8211;<\/td>\n<\/tr>\n<tr>\n<td align=\"left\" height=\"17\">EJC B14\/B16 (US)<\/td>\n<td align=\"left\">11.06 &#8211;<\/td>\n<\/tr>\n<tr>\n<td align=\"left\" height=\"17\">EJC B25 \/B35<\/td>\n<td align=\"left\">5.05 &#8211; 11.06<\/td>\n<\/tr>\n<tr>\n<td align=\"left\" height=\"17\">EJC-20\/25<\/td>\n<td align=\"left\">4.05 &#8211; 12.06<\/td>\n<\/tr>\n<tr>\n<td align=\"left\" height=\"17\">EJC-Z 14\/16<\/td>\n<td align=\"left\">1.99 &#8211; 4.05<\/td>\n<\/tr>\n<tr>\n<td align=\"left\" height=\"17\">EJD 20-3<\/td>\n<td align=\"left\">6.98 &#8211; 7.05<\/td>\n<\/tr>\n<tr>\n<td align=\"left\" height=\"17\">EJD 220<\/td>\n<td align=\"left\">1.10 &#8211;<\/td>\n<\/tr>\n<tr>\n<td align=\"left\" height=\"17\">EJD K18<\/td>\n<td align=\"left\">5.05 &#8211; 5.08<\/td>\n<\/tr>\n<tr>\n<td align=\"left\" height=\"17\">EJD K18<\/td>\n<td align=\"left\">6.08 &#8211;<\/td>\n<\/tr>\n<tr>\n<td align=\"left\" height=\"17\">EJE 116\/118\/120<\/td>\n<td align=\"left\">4.07 &#8211;<\/td>\n<\/tr>\n<tr>\n<td align=\"left\" height=\"17\">EJE 116\/118\/120 (USA)<\/td>\n<td align=\"left\">9.07 &#8211;<\/td>\n<\/tr>\n<tr>\n<td align=\"left\" height=\"17\">EJE 135\/145<\/td>\n<td align=\"left\">9.03 &#8211; 10.06<\/td>\n<\/tr>\n<tr>\n<td align=\"left\" height=\"17\">EJE 220\/225<\/td>\n<td align=\"left\">5.07 &#8211;<\/td>\n<\/tr>\n<tr>\n<td align=\"left\" height=\"17\">EJE 220\/225 (USA)<\/td>\n<td align=\"left\">8.07 &#8211;<\/td>\n<\/tr>\n<tr>\n<td align=\"left\" height=\"17\">EJE 220r\/222r<\/td>\n<td align=\"left\">5.06 &#8211;<\/td>\n<\/tr>\n<tr>\n<td align=\"left\" height=\"17\">EJE 235<\/td>\n<td align=\"left\">5.08 &#8211;<\/td>\n<\/tr>\n<tr>\n<td align=\"left\" height=\"17\">EJE 30<\/td>\n<td align=\"left\">1.98 &#8211; 5.05<\/td>\n<\/tr>\n<tr>\n<td align=\"left\" height=\"17\">EJE 30<\/td>\n<td align=\"left\">6.05 &#8211;<\/td>\n<\/tr>\n<tr>\n<td align=\"left\" height=\"17\">EJE\/-R 20-25<\/td>\n<td align=\"left\">1.97 &#8211; 8.03<\/td>\n<\/tr>\n<tr>\n<td align=\"left\" height=\"17\">ELE 16-20 ac<\/td>\n<td align=\"left\">9.02 &#8211; 8.03<\/td>\n<\/tr>\n<tr>\n<td align=\"left\" height=\"17\">EMC 110 RK<\/td>\n<td align=\"left\">1.11 &#8211;<\/td>\n<\/tr>\n<tr>\n<td align=\"left\" height=\"17\">ERE 120<\/td>\n<td align=\"left\">6.08 &#8211;<\/td>\n<\/tr>\n<tr>\n<td align=\"left\" height=\"17\">ERE 120<\/td>\n<td align=\"left\">9.05 &#8211; 10.07<\/td>\n<\/tr>\n<tr>\n<td align=\"left\" height=\"17\">MWH 10\/12 (KOM)<\/td>\n<td align=\"left\">12.98 &#8211;<\/td>\n<\/tr>\n<tr>\n<td align=\"left\" height=\"17\">MWH 14\/16 (KOM)<\/td>\n<td align=\"left\">12.98 &#8211;<\/td>\n<\/tr>\n<tr>\n<td align=\"left\" height=\"17\">MWH G 14\/16 (KOM)<\/td>\n<td align=\"left\">1.99 &#8211;<\/td>\n<\/tr>\n<tr>\n<td align=\"left\" height=\"17\">PMW23N<\/td>\n<td align=\"left\">9.05 &#8211; 10.07<\/td>\n<\/tr>\n<tr>\n<td align=\"left\" height=\"17\">PMWT15\/18N<\/td>\n<td align=\"left\">10.05 &#8211;<\/td>\n<\/tr>\n<tr>\n<td align=\"left\" height=\"17\">PW23<\/td>\n<td align=\"left\">9.07 &#8211;<\/td>\n<\/tr>\n<tr>\n<td align=\"left\" height=\"17\">PWF11<\/td>\n<td align=\"left\">3.09 &#8211;<\/td>\n<\/tr>\n<tr>\n<td align=\"left\" height=\"17\">WL 14\/16<\/td>\n<td align=\"left\">12.03 &#8211; 4.08<\/td>\n<\/tr>\n<tr>\n<td align=\"left\" height=\"17\">WL 14\/16 (BOSS)<\/td>\n<td align=\"left\">5.99 &#8211; 11.03<\/td>\n<\/tr>\n<tr>\n<td align=\"left\" height=\"17\">WL 14\/16 (MIC)<\/td>\n<td align=\"left\">5.99 &#8211; 11.03<\/td>\n<\/tr>\n<tr>\n<td align=\"left\" height=\"17\">WL 14\/16 (STB)<\/td>\n<td align=\"left\">5.99 &#8211; 11.03<\/td>\n<\/tr>\n<tr>\n<td align=\"left\" height=\"17\">WN 116\/118\/120<\/td>\n<td align=\"left\">4.07 &#8211; 4.08<\/td>\n<\/tr>\n<tr>\n<td align=\"left\" height=\"17\">WN 16-20 AC<\/td>\n<td align=\"left\">9.02 &#8211; 10.07<\/td>\n<\/tr>\n<tr>\n<td align=\"left\" height=\"17\">WN 20-25 C\/WN20-22rC<\/td>\n<td align=\"left\">9.03 &#8211; 10.07<\/td>\n<\/tr>\n<tr>\n<td align=\"left\" height=\"17\">WN 20C\/25C<\/td>\n<td align=\"left\">5.07 &#8211;<\/td>\n<\/tr>\n<tr>\n<td align=\"left\" height=\"17\">WP 10\/12<\/td>\n<td align=\"left\">9.07 &#8211; 4.08<\/td>\n<\/tr>\n<tr>\n<td align=\"left\" height=\"17\">WP 10\/12 C (BOSS)<\/td>\n<td align=\"left\">12.98 &#8211; 10.02<\/td>\n<\/tr>\n<tr>\n<td align=\"left\" height=\"17\">WP 10\/12 C (MIC)<\/td>\n<td align=\"left\">12.98 &#8211; 10.02<\/td>\n<\/tr>\n<tr>\n<td align=\"left\" height=\"17\">WP 10\/12 C (MIC)<\/td>\n<td align=\"left\">8.02 &#8211;<\/td>\n<\/tr>\n<tr>\n<td align=\"left\" height=\"17\">WP 10\/12 C (STB)<\/td>\n<td align=\"left\">12.98 &#8211; 10.02<\/td>\n<\/tr>\n<tr>\n<td align=\"left\" height=\"17\">WP 12 C<\/td>\n<td align=\"left\">7.03 &#8211;<\/td>\n<\/tr>\n<tr>\n<td align=\"left\" height=\"17\">WP 12-16<\/td>\n<td align=\"left\">1.06 &#8211; 4.08<\/td>\n<\/tr>\n<tr>\n<td align=\"left\" height=\"17\">WP 14 I\/16 I (MIC)<\/td>\n<td align=\"left\">8.02 &#8211; 4.08<\/td>\n<\/tr>\n<tr>\n<td align=\"left\" height=\"17\">WP 14\/16 (BOSS)<\/td>\n<td align=\"left\">12.98 &#8211;<\/td>\n<\/tr>\n<tr>\n<td align=\"left\" height=\"17\">WP 14\/16 (MIC)<\/td>\n<td align=\"left\">8.02 &#8211; 4.08<\/td>\n<\/tr>\n<tr>\n<td align=\"left\" height=\"17\">WP 14\/16 (MIC)<\/td>\n<td align=\"left\">12.98 &#8211; 8.02<\/td>\n<\/tr>\n<tr>\n<td align=\"left\" height=\"17\">WP 14\/16 (STB)<\/td>\n<td align=\"left\">12.98 &#8211;<\/td>\n<\/tr>\n<tr>\n<td align=\"left\" height=\"17\">WP 14\/16 i (BOSS)<\/td>\n<td align=\"left\">1.99 &#8211;<\/td>\n<\/tr>\n<tr>\n<td align=\"left\" height=\"17\">WP 14\/16 i (MIC)<\/td>\n<td align=\"left\">1.99 &#8211;<\/td>\n<\/tr>\n<tr>\n<td align=\"left\" height=\"17\">WP 14\/16 i (STB)<\/td>\n<td align=\"left\">1.99 &#8211;<\/td>\n<\/tr>\n<tr>\n<td align=\"left\" height=\"17\">WP 20 D (MIC)<\/td>\n<td align=\"left\">8.02 &#8211; 4.08<\/td>\n<\/tr>\n<tr>\n<td align=\"left\" height=\"17\">WP 20 D (MIC)<\/td>\n<td align=\"left\">11.00 &#8211; 7.02<\/td>\n<\/tr>\n<tr>\n<td align=\"left\" height=\"17\">WP6000<\/td>\n<td align=\"left\">10.05 &#8211; 10.07<\/td>\n<\/tr>\n<\/tbody>\n<\/table>\n<\/div>\n<table border=\"0\" frame=\"void\" rules=\"none\" cellspacing=\"0\">\n<colgroup>\n<col width=\"159\" \/>\n<col width=\"145\" \/><\/colgroup>\n<tbody>\n<tr>\n<td align=\"left\" width=\"159\" height=\"17\">EJC 12,5<\/td>\n<td align=\"left\" width=\"145\">9.92 &#8211; 7.93<\/td>\n<\/tr>\n<tr>\n<td align=\"left\" height=\"17\">EJE 16\/20<\/td>\n<td align=\"left\">8.93 &#8211; 4.94<\/td>\n<\/tr>\n<tr>\n<td align=\"left\" height=\"17\">EJC 12-16<\/td>\n<td align=\"left\">7.94 &#8211; 6.96<\/td>\n<\/tr>\n<tr>\n<td align=\"left\" height=\"17\">EJC-Z 12,5\/16<\/td>\n<td align=\"left\">7.94 &#8211; 6.96<\/td>\n<\/tr>\n<tr>\n<td align=\"left\" height=\"17\">EJE\/-R 18-24<\/td>\n<td align=\"left\">5.94 &#8211; 5.96<\/td>\n<\/tr>\n<tr>\n<td align=\"left\" height=\"17\">EJE-L 14\/16<\/td>\n<td align=\"left\">9.92 &#8211; 7.93<\/td>\n<\/tr>\n<tr>\n<td align=\"left\" height=\"17\">EJE 16\/20<\/td>\n<td align=\"left\">9.92 &#8211; 7.93<\/td>\n<\/tr>\n<tr>\n<td align=\"left\" height=\"17\">EJE\/-R 20<\/td>\n<td align=\"left\">9.92 &#8211; 7.93<\/td>\n<\/tr>\n<tr>\n<td align=\"left\" height=\"17\">EJC 16<\/td>\n<td align=\"left\">11.92 &#8211; 7.93<\/td>\n<\/tr>\n<tr>\n<td align=\"left\" height=\"17\">EJE\/-R 20-24<\/td>\n<td align=\"left\">6.96 &#8211; 4.97<\/td>\n<\/tr>\n<tr>\n<td align=\"left\" height=\"17\">EJC-Z 14\/16<\/td>\n<td align=\"left\">7.96 &#8211; 12.98<\/td>\n<\/tr>\n<tr>\n<td align=\"left\" height=\"17\">EJE\/-R 20-25<\/td>\n<td align=\"left\">1.97 &#8211; 8.03<\/td>\n<\/tr>\n<tr>\n<td align=\"left\" height=\"17\">ERE 120<\/td>\n<td align=\"left\">9.05 &#8211; 10.07<\/td>\n<\/tr>\n<tr>\n<td align=\"left\" height=\"17\">ECE 118<\/td>\n<td align=\"left\">12.06 &#8211; 3.10<\/td>\n<\/tr>\n<tr>\n<td align=\"left\" height=\"18\">ERE 120 (Qingpu)<\/td>\n<td align=\"left\">9.06 &#8211; 12.08<\/td>\n<\/tr>\n<tr>\n<td align=\"left\" height=\"17\">ERE 120<\/td>\n<td align=\"left\">6.08 &#8211;<\/td>\n<\/tr>\n<tr>\n<td align=\"left\" height=\"17\">EJE 235<\/td>\n<td align=\"left\">5.08 &#8211;<\/td>\n<\/tr>\n<tr>\n<td align=\"left\" height=\"18\">ERE 120 (Qingpu)<\/td>\n<td align=\"left\">1.09 &#8211; 8.09<\/td>\n<\/tr>\n<tr>\n<td align=\"left\" height=\"17\">ERE 120n<\/td>\n<td align=\"left\">9.09 &#8211;<\/td>\n<\/tr>\n<tr>\n<td align=\"left\" height=\"17\">ERD K18<\/td>\n<td align=\"left\">10.09 &#8211;<\/td>\n<\/tr>\n<\/tbody>\n<\/table>\n<table border=\"0\" frame=\"void\" rules=\"none\" cellspacing=\"0\">\n<colgroup>\n<col width=\"159\" \/>\n<col width=\"140\" \/><\/colgroup>\n<tbody>\n<tr>\n<td align=\"left\" width=\"159\" height=\"17\">EJC-L 10<\/td>\n<td align=\"left\" width=\"140\">5.94 &#8211; 6.96<\/td>\n<\/tr>\n<tr>\n<td align=\"left\" height=\"17\">EJC-Z 12,5\/16<\/td>\n<td align=\"left\">7.94 &#8211; 6.96<\/td>\n<\/tr>\n<tr>\n<td align=\"left\" height=\"17\">EJE\/-R 18-24<\/td>\n<td align=\"left\">5.94 &#8211; 5.96<\/td>\n<\/tr>\n<tr>\n<td align=\"left\" height=\"17\">EJE\/-R 20-24<\/td>\n<td align=\"left\">6.96 &#8211; 4.97<\/td>\n<\/tr>\n<tr>\n<td align=\"left\" height=\"17\">ELE 16-20<\/td>\n<td align=\"left\">4.96 &#8211; 8.02<\/td>\n<\/tr>\n<tr>\n<td align=\"left\" height=\"17\">EJC-L 10<\/td>\n<td align=\"left\">7.96 &#8211; 9.97<\/td>\n<\/tr>\n<tr>\n<td align=\"left\" height=\"17\">ELS 18<\/td>\n<td align=\"left\">7.96 &#8211; 4.04<\/td>\n<\/tr>\n<tr>\n<td align=\"left\" height=\"17\">EJC 14\/16<\/td>\n<td align=\"left\">6.98 &#8211; 2.06<\/td>\n<\/tr>\n<tr>\n<td align=\"left\" height=\"17\">ELE 35\/45 (MMC)<\/td>\n<td align=\"left\">9.98 &#8211; 8.02<\/td>\n<\/tr>\n<tr>\n<td align=\"left\" height=\"17\">EJE 16-4<\/td>\n<td align=\"left\">1.00 &#8211;<\/td>\n<\/tr>\n<tr>\n<td align=\"left\" height=\"17\">ELS 12<\/td>\n<td align=\"left\">2.03 &#8211; 12.03<\/td>\n<\/tr>\n<\/tbody>\n<\/table>","protected":false},"excerpt":{"rendered":"<p data-start=\"0\" data-end=\"505\"><br data-start=\"3558\" data-end=\"3561\" \/>230\u00d770-45 5+3 Tellure Rota roue de roulement bomb\u00e9e marron est une roue robuste et de haute qualit\u00e9 pour les chariots \u00e9l\u00e9vateurs et les syst\u00e8mes de transport industriel. Avec un diam\u00e8tre de 230 mm, une largeur de 70 mm et un al\u00e9sage de 45 mm, ce mod\u00e8le offre une excellente adh\u00e9rence au sol gr\u00e2ce \u00e0 son rev\u00eatement en polyur\u00e9thane marron et sa surface bomb\u00e9e. La structure en caoutchouc 5+3 couches de Tellure Rota garantit une r\u00e9sistance \u00e9lev\u00e9e \u00e0 l\u2019usure et une longue dur\u00e9e de vie.<\/p>\n<p data-start=\"4045\" data-end=\"4526\"><strong data-start=\"4045\" data-end=\"4067\">Caract\u00e9ristiques :<\/strong><br data-start=\"4067\" data-end=\"4070\" \/><strong data-start=\"4070\" data-end=\"4090\">Nom du produit :<\/strong> 230\u00d770-45 5+3 Tellure Rota roue de roulement bomb\u00e9e marron<br data-start=\"4149\" data-end=\"4152\" \/><strong data-start=\"4152\" data-end=\"4168\">Code pi\u00e8ce :<\/strong> 50460101, 50020215<br data-start=\"4187\" data-end=\"4190\" \/><strong data-start=\"4190\" data-end=\"4204\">Mat\u00e9riau :<\/strong> Rev\u00eatement en polyur\u00e9thane 5+3 couches, corps en acier robuste<br data-start=\"4267\" data-end=\"4270\" \/><strong data-start=\"4270\" data-end=\"4296\">Domaine d\u2019utilisation:<\/strong> Roue de roulement pour chariots \u00e9l\u00e9vateurs et syst\u00e8mes de transport industriel<br data-start=\"4375\" data-end=\"4378\" \/><strong data-start=\"4378\" data-end=\"4391\">Avantage:<\/strong> Excellente adh\u00e9rence gr\u00e2ce \u00e0 la structure bomb\u00e9e, surface antid\u00e9rapante et r\u00e9sistante \u00e0 l\u2019usure, fonctionnement silencieux et stable<\/p>\n<p data-start=\"4528\" data-end=\"4990\">\n","protected":false},"featured_media":11146,"template":"","meta":[],"product_brand":[],"product_cat":[236,239,412,414,193],"product_tag":[],"class_list":{"0":"post-11145","1":"product","2":"type-product","3":"status-publish","4":"has-post-thumbnail","6":"product_cat-jungheinrich","7":"product_cat-yuruyus-tekeri-jungheinrich","8":"product_cat-tellure-rota","9":"product_cat-yuruyus-tekeri-rota","10":"product_cat-yuruyus-tekeri","12":"first","13":"instock","14":"taxable","15":"shipping-taxable","16":"purchasable","17":"product-type-simple"},"_links":{"self":[{"href":"https:\/\/ceoparts.com\/fr\/wp-json\/wp\/v2\/product\/11145","targetHints":{"allow":["GET"]}}],"collection":[{"href":"https:\/\/ceoparts.com\/fr\/wp-json\/wp\/v2\/product"}],"about":[{"href":"https:\/\/ceoparts.com\/fr\/wp-json\/wp\/v2\/types\/product"}],"wp:featuredmedia":[{"embeddable":true,"href":"https:\/\/ceoparts.com\/fr\/wp-json\/wp\/v2\/media\/11146"}],"wp:attachment":[{"href":"https:\/\/ceoparts.com\/fr\/wp-json\/wp\/v2\/media?parent=11145"}],"wp:term":[{"taxonomy":"product_brand","embeddable":true,"href":"https:\/\/ceoparts.com\/fr\/wp-json\/wp\/v2\/product_brand?post=11145"},{"taxonomy":"product_cat","embeddable":true,"href":"https:\/\/ceoparts.com\/fr\/wp-json\/wp\/v2\/product_cat?post=11145"},{"taxonomy":"product_tag","embeddable":true,"href":"https:\/\/ceoparts.com\/fr\/wp-json\/wp\/v2\/product_tag?post=11145"}],"curies":[{"name":"wp","href":"https:\/\/api.w.org\/{rel}","templated":true}]}}