{"id":11155,"date":"2024-10-08T15:50:17","date_gmt":"2024-10-08T12:50:17","guid":{"rendered":"https:\/\/ceoparts.com\/?post_type=product&#038;p=11155"},"modified":"2026-05-16T15:04:39","modified_gmt":"2026-05-16T12:04:39","slug":"125x50-54-20-wicke-denge-tekeri-156259","status":"publish","type":"product","link":"https:\/\/ceoparts.com\/fr\/urun\/125x50-54-20-wicke-denge-tekeri-156259\/","title":{"rendered":"125&#215;50\/54-20 Wicke Roues D&#8217;\u00e9quilibre &#8211; 156259"},"content":{"rendered":"<p>125&#215;50\/54-20 Wicke Roues D&#8217;\u00e9quilibre &#8211; 156259<\/p>\n<p><\/p>\n<p>MO 15<\/p>\n<p>PPO 1500MX<\/p>\n<p>MPH 16<br \/>\nMPL 10<br \/>\nMPL 12<br \/>\nMPL 12 F<br \/>\nMPL 16D<\/p>\n<p>PPH 1600 MX<\/p>\n<p>PPS 1000 MX<br \/>\nPPS 1200 MX<br \/>\nPPS 1200MXF<br \/>\nPPS 1600 MXD<\/p>\n<p>S12 F<br \/>\nS16 D<\/p>\n<p>SWE 080 L<br \/>\nSWE100 STAXIO<br \/>\nSWE 120 IKEA<br \/>\nSWE 120 STAXIO<br \/>\nSWE 120 L<br \/>\nSWE 120 LIKEA<br \/>\nSWE 140 STAXIO<br \/>\nSWE 140 L STAXIO<br \/>\nSWE 160 D IKEA<br \/>\nSWE 160D<br \/>\nSWE 200 D IKEA<br \/>\nSWE 200 D<\/p>\n<p>LWE 140 LEVIO<br \/>\nLWE 160LEVIO<br \/>\nLWE 180<br \/>\nLWE 180 LEVIO<br \/>\nLWE 200<br \/>\nLWE 200 N<br \/>\nLWE 250LEVIO<\/p>\n<p>MP 14 C<br \/>\nMP 14<br \/>\nMP 16<br \/>\nMP 20<br \/>\nMP 20L<\/p>\n<p>PPL 2000 MX<\/p>\n<p>PPT 1400 C<br \/>\nPPT 1400 MX<br \/>\nPPT 1400MXC<br \/>\nPPT 1600 MX<br \/>\nPPT 1800 MMD<br \/>\nPPT 2000 MX<br \/>\nPPT 2000MMD<\/p>\n<p>W18 ORION<br \/>\nW20 ORION<br \/>\nW20 N<\/p>","protected":false},"excerpt":{"rendered":"<p data-start=\"0\" data-end=\"415\"><br data-start=\"2957\" data-end=\"2960\" \/>125\u00d750\/54-20 Wicke roue de charge est une roue durable et de haute qualit\u00e9 utilis\u00e9e sur les chariots \u00e9l\u00e9vateurs et les \u00e9quipements de manutention. Avec un diam\u00e8tre de 125 mm, une largeur de 50 mm et un al\u00e9sage de 54 mm, ce mod\u00e8le am\u00e9liore la maniabilit\u00e9 dans les espaces restreints tout en assurant stabilit\u00e9 et s\u00e9curit\u00e9. Son rev\u00eatement en polyur\u00e9thane haute qualit\u00e9 sign\u00e9 Wicke garantit une longue dur\u00e9e de vie et une excellente r\u00e9sistance \u00e0 l\u2019usure.<\/p>\n<p data-start=\"3413\" data-end=\"3798\"><strong data-start=\"3413\" data-end=\"3435\">Caract\u00e9ristiques :<\/strong><br data-start=\"3435\" data-end=\"3438\" \/><strong data-start=\"3438\" data-end=\"3458\">Nom du produit :<\/strong> 125\u00d750\/54-20 Wicke roue de charge<br data-start=\"3492\" data-end=\"3495\" \/><strong data-start=\"3495\" data-end=\"3511\">Code pi\u00e8ce :<\/strong> 156259<br data-start=\"3518\" data-end=\"3521\" \/><strong data-start=\"3521\" data-end=\"3535\">Mat\u00e9riau :<\/strong> Rev\u00eatement en polyur\u00e9thane, corps en acier<br data-start=\"3578\" data-end=\"3581\" \/><strong data-start=\"3581\" data-end=\"3607\">Domaine d\u2019utilisation:<\/strong> Roue de charge pour chariots \u00e9l\u00e9vateurs et \u00e9quipements de manutention<br data-start=\"3677\" data-end=\"3680\" \/><strong data-start=\"3680\" data-end=\"3693\">Avantage:<\/strong> R\u00e9sistance \u00e9lev\u00e9e \u00e0 l\u2019usure, fonctionnement silencieux, excellente maniabilit\u00e9 dans les espaces exigus<\/p>\n<p data-start=\"3800\" data-end=\"4219\">\n","protected":false},"featured_media":12047,"template":"","meta":[],"product_brand":[],"product_cat":[403,185],"product_tag":[],"class_list":{"0":"post-11155","1":"product","2":"type-product","3":"status-publish","4":"has-post-thumbnail","6":"product_cat-denge-tekeri-wicke","7":"product_cat-denge-tekeri","9":"first","10":"instock","11":"taxable","12":"shipping-taxable","13":"purchasable","14":"product-type-simple"},"_links":{"self":[{"href":"https:\/\/ceoparts.com\/fr\/wp-json\/wp\/v2\/product\/11155","targetHints":{"allow":["GET"]}}],"collection":[{"href":"https:\/\/ceoparts.com\/fr\/wp-json\/wp\/v2\/product"}],"about":[{"href":"https:\/\/ceoparts.com\/fr\/wp-json\/wp\/v2\/types\/product"}],"wp:featuredmedia":[{"embeddable":true,"href":"https:\/\/ceoparts.com\/fr\/wp-json\/wp\/v2\/media\/12047"}],"wp:attachment":[{"href":"https:\/\/ceoparts.com\/fr\/wp-json\/wp\/v2\/media?parent=11155"}],"wp:term":[{"taxonomy":"product_brand","embeddable":true,"href":"https:\/\/ceoparts.com\/fr\/wp-json\/wp\/v2\/product_brand?post=11155"},{"taxonomy":"product_cat","embeddable":true,"href":"https:\/\/ceoparts.com\/fr\/wp-json\/wp\/v2\/product_cat?post=11155"},{"taxonomy":"product_tag","embeddable":true,"href":"https:\/\/ceoparts.com\/fr\/wp-json\/wp\/v2\/product_tag?post=11155"}],"curies":[{"name":"wp","href":"https:\/\/api.w.org\/{rel}","templated":true}]}}