{"id":11179,"date":"2024-10-09T09:34:13","date_gmt":"2024-10-09T06:34:13","guid":{"rendered":"https:\/\/ceoparts.com\/?post_type=product&#038;p=11179"},"modified":"2026-05-16T14:02:56","modified_gmt":"2026-05-16T11:02:56","slug":"230x75-30-wicke-yuruyus-tekeri","status":"publish","type":"product","link":"https:\/\/ceoparts.com\/fr\/urun\/230x75-30-wicke-yuruyus-tekeri\/","title":{"rendered":"230&#215;75-30 Wicke Roue de marche- 580013479 , 2770500"},"content":{"rendered":"<p>230&#215;75-30 Wicke Roue de marche- 580013479 , 2770500<\/p>\n<p><\/p>\n<div class=\"font12\">\n<div class=\"font12\">MS10\/12\/14\/16 Powerthane 230&#215;75\/85 30 mm<\/div>\n<div class=\"font12\">Yale MP16\/18\/20\/22 Seria: C852 D438<\/div>\n<div class=\"font12\">Hyster C438, B846, OMG 420-103-010 D438(R5-P4)<\/div>\n<div class=\"font12\">HYSTER S 1,6 \u2013 B456X02884C\/2005MS10E<\/div>\n<div><\/div>\n<div class=\"font12\">MS10\/12\/14\/16 B852<\/div>\n<div class=\"font12\">MP16\/18\/20\/22<\/div>\n<div class=\"font12\"><\/div>\n<div class=\"font12\">Hyster C438,<\/div>\n<div class=\"font12\">Hyster C456<\/div>\n<div class=\"font12\">Hystew \/Yale MP20L D842<\/div>\n<div class=\"font12\"><\/div>\n<div class=\"font12\">OMG 420-103-010<br \/>\n(R5-P4)<\/div>\n<\/div>\n<p><\/p>","protected":false},"excerpt":{"rendered":"<p data-start=\"0\" data-end=\"431\"><br data-start=\"3054\" data-end=\"3057\" \/>230\u00d775-30 Wicke roue de roulement est une roue durable et r\u00e9sistante utilis\u00e9e pour les chariots \u00e9l\u00e9vateurs et les v\u00e9hicules industriels. Avec un diam\u00e8tre de 230 mm, une largeur de 75 mm et un al\u00e9sage de 30 mm, ce produit poss\u00e8de un rev\u00eatement en caoutchouc de haute qualit\u00e9 Wicke, assurant un d\u00e9placement s\u00fbr et stable sur les surfaces difficiles. Sa surface antid\u00e9rapante am\u00e9liore la maniabilit\u00e9 tout en offrant une grande r\u00e9sistance \u00e0 l\u2019usure.<\/p>\n<p data-start=\"3504\" data-end=\"3884\"><strong data-start=\"3504\" data-end=\"3526\">Caract\u00e9ristiques :<\/strong><br data-start=\"3526\" data-end=\"3529\" \/><strong data-start=\"3529\" data-end=\"3549\">Nom du produit :<\/strong> 230\u00d775-30 Wicke roue de roulement<br data-start=\"3583\" data-end=\"3586\" \/><strong data-start=\"3586\" data-end=\"3602\">Code pi\u00e8ce :<\/strong> 580013479, 2770500<br data-start=\"3621\" data-end=\"3624\" \/><strong data-start=\"3624\" data-end=\"3638\">Mat\u00e9riau :<\/strong> Rev\u00eatement en caoutchouc haute r\u00e9sistance, corps en acier<br data-start=\"3696\" data-end=\"3699\" \/><strong data-start=\"3699\" data-end=\"3725\">Domaine d\u2019utilisation:<\/strong> Roue de roulement pour chariots \u00e9l\u00e9vateurs et v\u00e9hicules industriels<br data-start=\"3793\" data-end=\"3796\" \/><strong data-start=\"3796\" data-end=\"3809\">Avantage:<\/strong> Excellente adh\u00e9rence, surface antid\u00e9rapante, grande r\u00e9sistance \u00e0 l\u2019usure<\/p>\n<p data-start=\"3886\" data-end=\"4323\">\n","protected":false},"featured_media":11180,"template":"","meta":[],"product_brand":[],"product_cat":[256,260,401,404,193],"product_tag":[],"class_list":{"0":"post-11179","1":"product","2":"type-product","3":"status-publish","4":"has-post-thumbnail","6":"product_cat-hyster","7":"product_cat-yuruyus-tekeri-hyster","8":"product_cat-wicke","9":"product_cat-yuruyus-tekeri-wicke","10":"product_cat-yuruyus-tekeri","12":"first","13":"instock","14":"taxable","15":"shipping-taxable","16":"purchasable","17":"product-type-simple"},"_links":{"self":[{"href":"https:\/\/ceoparts.com\/fr\/wp-json\/wp\/v2\/product\/11179","targetHints":{"allow":["GET"]}}],"collection":[{"href":"https:\/\/ceoparts.com\/fr\/wp-json\/wp\/v2\/product"}],"about":[{"href":"https:\/\/ceoparts.com\/fr\/wp-json\/wp\/v2\/types\/product"}],"wp:featuredmedia":[{"embeddable":true,"href":"https:\/\/ceoparts.com\/fr\/wp-json\/wp\/v2\/media\/11180"}],"wp:attachment":[{"href":"https:\/\/ceoparts.com\/fr\/wp-json\/wp\/v2\/media?parent=11179"}],"wp:term":[{"taxonomy":"product_brand","embeddable":true,"href":"https:\/\/ceoparts.com\/fr\/wp-json\/wp\/v2\/product_brand?post=11179"},{"taxonomy":"product_cat","embeddable":true,"href":"https:\/\/ceoparts.com\/fr\/wp-json\/wp\/v2\/product_cat?post=11179"},{"taxonomy":"product_tag","embeddable":true,"href":"https:\/\/ceoparts.com\/fr\/wp-json\/wp\/v2\/product_tag?post=11179"}],"curies":[{"name":"wp","href":"https:\/\/api.w.org\/{rel}","templated":true}]}}