{"id":11187,"date":"2024-10-09T14:08:14","date_gmt":"2024-10-09T11:08:14","guid":{"rendered":"https:\/\/ceoparts.com\/?post_type=product&#038;p=11187"},"modified":"2026-05-17T14:48:59","modified_gmt":"2026-05-17T11:48:59","slug":"230x70-45-wicke-gri-kanalli-yuruyus-tekeri","status":"publish","type":"product","link":"https:\/\/ceoparts.com\/fr\/urun\/230x70-45-wicke-gri-kanalli-yuruyus-tekeri\/","title":{"rendered":"230&#215;75-45 Wicke Cannel\u00e9, Gris marche &#8211; 39902358"},"content":{"rendered":"<p>230&#215;75-45 Wicke Cannel\u00e9, Gris marche &#8211; 39902358<\/p>\n<p>50014505505, 50014505506, 0009903820, 0009930820, 0039902348, 0039902353, 0039902358<\/p>\n<p>&nbsp;<\/p>\n<table border=\"0\" frame=\"void\" rules=\"none\" cellspacing=\"0\">\n<colgroup>\n<col width=\"98\" \/>\n<col width=\"156\" \/><\/colgroup>\n<tbody>\n<tr>\n<td align=\"left\" width=\"98\" height=\"17\">1151<\/td>\n<td align=\"left\" width=\"156\">T16\/T16P\/T20\/T20P<\/td>\n<\/tr>\n<tr>\n<td align=\"left\" height=\"17\">1152<\/td>\n<td align=\"left\">T16\/T18\/T20\/T16L<\/td>\n<\/tr>\n<tr>\n<td align=\"left\" height=\"17\">1169<\/td>\n<td align=\"left\">L10\/L12<\/td>\n<\/tr>\n<tr>\n<td align=\"left\" height=\"17\">1172<\/td>\n<td align=\"left\">L10\/L12\/L12i<\/td>\n<\/tr>\n<\/tbody>\n<\/table>\n<p>1160\u00a0\u00a0\u00a0\u00a0\u00a0\u00a0\u00a0\u00a0\u00a0\u00a0\u00a0\u00a0\u00a0\u00a0\u00a0\u00a0\u00a0DO6\/D08<\/p>","protected":false},"excerpt":{"rendered":"<p data-start=\"0\" data-end=\"407\"><br data-start=\"3186\" data-end=\"3189\" \/>230\u00d775-45 Wicke roue de roulement rainur\u00e9e grise est une roue durable et de haute qualit\u00e9 con\u00e7ue pour les chariots \u00e9l\u00e9vateurs et v\u00e9hicules industriels. Avec un diam\u00e8tre de 230 mm, une largeur de 75 mm et un al\u00e9sage de 45 mm, ce produit poss\u00e8de un rev\u00eatement en caoutchouc gris et un design rainur\u00e9 de Wicke, offrant une excellente traction et une longue dur\u00e9e de vie dans des conditions difficiles. La surface rainur\u00e9e emp\u00eache le glissement et assure une conduite stable et s\u00fbre.<\/p>\n<p data-start=\"3670\" data-end=\"4056\"><strong data-start=\"3670\" data-end=\"3692\">Caract\u00e9ristiques :<\/strong><br data-start=\"3692\" data-end=\"3695\" \/><strong data-start=\"3695\" data-end=\"3715\">Nom du produit :<\/strong> 230\u00d775-45 Wicke roue de roulement rainur\u00e9e grise<br data-start=\"3764\" data-end=\"3767\" \/><strong data-start=\"3767\" data-end=\"3783\">Code pi\u00e8ce :<\/strong> 39902358<br data-start=\"3792\" data-end=\"3795\" \/><strong data-start=\"3795\" data-end=\"3809\">Mat\u00e9riau :<\/strong> Rev\u00eatement en caoutchouc gris rainur\u00e9, corps m\u00e9tallique robuste<br data-start=\"3873\" data-end=\"3876\" \/><strong data-start=\"3876\" data-end=\"3902\">Domaine d\u2019utilisation:<\/strong> Roue de roulement pour chariots \u00e9l\u00e9vateurs et v\u00e9hicules industriels<br data-start=\"3970\" data-end=\"3973\" \/><strong data-start=\"3973\" data-end=\"3986\">Avantage:<\/strong> Surface rainur\u00e9e, haute r\u00e9sistance \u00e0 l\u2019usure et longue dur\u00e9e de vie<\/p>\n<p data-start=\"4058\" data-end=\"4542\">\n","protected":false},"featured_media":11188,"template":"","meta":[],"product_brand":[],"product_cat":[251,254,404,193],"product_tag":[],"class_list":{"0":"post-11187","1":"product","2":"type-product","3":"status-publish","4":"has-post-thumbnail","6":"product_cat-bt","7":"product_cat-yuruyus-tekeri-bt","8":"product_cat-yuruyus-tekeri-wicke","9":"product_cat-yuruyus-tekeri","11":"first","12":"instock","13":"taxable","14":"shipping-taxable","15":"purchasable","16":"product-type-simple"},"_links":{"self":[{"href":"https:\/\/ceoparts.com\/fr\/wp-json\/wp\/v2\/product\/11187","targetHints":{"allow":["GET"]}}],"collection":[{"href":"https:\/\/ceoparts.com\/fr\/wp-json\/wp\/v2\/product"}],"about":[{"href":"https:\/\/ceoparts.com\/fr\/wp-json\/wp\/v2\/types\/product"}],"wp:featuredmedia":[{"embeddable":true,"href":"https:\/\/ceoparts.com\/fr\/wp-json\/wp\/v2\/media\/11188"}],"wp:attachment":[{"href":"https:\/\/ceoparts.com\/fr\/wp-json\/wp\/v2\/media?parent=11187"}],"wp:term":[{"taxonomy":"product_brand","embeddable":true,"href":"https:\/\/ceoparts.com\/fr\/wp-json\/wp\/v2\/product_brand?post=11187"},{"taxonomy":"product_cat","embeddable":true,"href":"https:\/\/ceoparts.com\/fr\/wp-json\/wp\/v2\/product_cat?post=11187"},{"taxonomy":"product_tag","embeddable":true,"href":"https:\/\/ceoparts.com\/fr\/wp-json\/wp\/v2\/product_tag?post=11187"}],"curies":[{"name":"wp","href":"https:\/\/api.w.org\/{rel}","templated":true}]}}