{"id":11192,"date":"2024-10-09T14:18:50","date_gmt":"2024-10-09T11:18:50","guid":{"rendered":"https:\/\/ceoparts.com\/?post_type=product&#038;p=11192"},"modified":"2026-05-16T13:30:44","modified_gmt":"2026-05-16T10:30:44","slug":"230x70-45-wicke-gri-yuruyus-tekeri","status":"publish","type":"product","link":"https:\/\/ceoparts.com\/fr\/urun\/230x70-45-wicke-gri-yuruyus-tekeri\/","title":{"rendered":"230&#215;75-45 Wicke Gris Marche &#8211; 39902358"},"content":{"rendered":"<p>230&#215;75-45 Wicke Gris Marche &#8211; 39902358<\/p>\n<p>50014505505, 50014505506, 0009903820, 0009930820, 0039902348, 0039902353, 0039902358<\/p>\n<p>&nbsp;<\/p>\n<table border=\"0\" frame=\"void\" rules=\"none\" cellspacing=\"0\">\n<colgroup>\n<col width=\"98\" \/>\n<col width=\"156\" \/><\/colgroup>\n<tbody>\n<tr>\n<td align=\"left\" width=\"98\" height=\"17\">1151<\/td>\n<td align=\"left\" width=\"156\">T16\/T16P\/T20\/T20P<\/td>\n<\/tr>\n<tr>\n<td align=\"left\" height=\"17\">1152<\/td>\n<td align=\"left\">T16\/T18\/T20\/T16L<\/td>\n<\/tr>\n<tr>\n<td align=\"left\" height=\"17\">1169<\/td>\n<td align=\"left\">L10\/L12<\/td>\n<\/tr>\n<tr>\n<td align=\"left\" height=\"17\">1172<\/td>\n<td align=\"left\">L10\/L12\/L12i<\/td>\n<\/tr>\n<\/tbody>\n<\/table>\n<p>1160\u00a0\u00a0\u00a0\u00a0\u00a0\u00a0\u00a0\u00a0\u00a0\u00a0\u00a0\u00a0\u00a0\u00a0\u00a0\u00a0\u00a0DO6\/D08<\/p>","protected":false},"excerpt":{"rendered":"<p data-start=\"0\" data-end=\"348\"><br data-start=\"2825\" data-end=\"2828\" \/>230\u00d775-45 Wicke roue de roulement grise est une roue durable et de haute qualit\u00e9 con\u00e7ue pour les chariots \u00e9l\u00e9vateurs et v\u00e9hicules industriels. Avec un diam\u00e8tre de 230 mm, une largeur de 75 mm et un al\u00e9sage de 45 mm, ce produit poss\u00e8de un rev\u00eatement en caoutchouc gris Wicke, assurant une conduite stable et s\u00fbre. Il offre une haute r\u00e9sistance \u00e0 l\u2019usure dans des conditions de travail difficiles.<\/p>\n<p data-start=\"3225\" data-end=\"3598\"><strong data-start=\"3225\" data-end=\"3247\">Caract\u00e9ristiques :<\/strong><br data-start=\"3247\" data-end=\"3250\" \/><strong data-start=\"3250\" data-end=\"3270\">Nom du produit :<\/strong> 230\u00d775-45 Wicke roue de roulement grise<br data-start=\"3310\" data-end=\"3313\" \/><strong data-start=\"3313\" data-end=\"3329\">Code pi\u00e8ce :<\/strong> 39902358<br data-start=\"3338\" data-end=\"3341\" \/><strong data-start=\"3341\" data-end=\"3355\">Mat\u00e9riau :<\/strong> Rev\u00eatement en caoutchouc gris, corps m\u00e9tallique robuste<br data-start=\"3411\" data-end=\"3414\" \/><strong data-start=\"3414\" data-end=\"3440\">Domaine d\u2019utilisation:<\/strong> Roue de roulement pour chariots \u00e9l\u00e9vateurs et v\u00e9hicules industriels<br data-start=\"3508\" data-end=\"3511\" \/><strong data-start=\"3511\" data-end=\"3524\">Avantage:<\/strong> Haute r\u00e9sistance \u00e0 l\u2019usure, construction durable et longue dur\u00e9e de vie<\/p>\n<p data-start=\"3600\" data-end=\"3998\">\n","protected":false},"featured_media":11193,"template":"","meta":[],"product_brand":[],"product_cat":[404,193],"product_tag":[],"class_list":{"0":"post-11192","1":"product","2":"type-product","3":"status-publish","4":"has-post-thumbnail","6":"product_cat-yuruyus-tekeri-wicke","7":"product_cat-yuruyus-tekeri","9":"first","10":"instock","11":"taxable","12":"shipping-taxable","13":"purchasable","14":"product-type-simple"},"_links":{"self":[{"href":"https:\/\/ceoparts.com\/fr\/wp-json\/wp\/v2\/product\/11192","targetHints":{"allow":["GET"]}}],"collection":[{"href":"https:\/\/ceoparts.com\/fr\/wp-json\/wp\/v2\/product"}],"about":[{"href":"https:\/\/ceoparts.com\/fr\/wp-json\/wp\/v2\/types\/product"}],"wp:featuredmedia":[{"embeddable":true,"href":"https:\/\/ceoparts.com\/fr\/wp-json\/wp\/v2\/media\/11193"}],"wp:attachment":[{"href":"https:\/\/ceoparts.com\/fr\/wp-json\/wp\/v2\/media?parent=11192"}],"wp:term":[{"taxonomy":"product_brand","embeddable":true,"href":"https:\/\/ceoparts.com\/fr\/wp-json\/wp\/v2\/product_brand?post=11192"},{"taxonomy":"product_cat","embeddable":true,"href":"https:\/\/ceoparts.com\/fr\/wp-json\/wp\/v2\/product_cat?post=11192"},{"taxonomy":"product_tag","embeddable":true,"href":"https:\/\/ceoparts.com\/fr\/wp-json\/wp\/v2\/product_tag?post=11192"}],"curies":[{"name":"wp","href":"https:\/\/api.w.org\/{rel}","templated":true}]}}