{"id":11206,"date":"2024-10-09T15:52:10","date_gmt":"2024-10-09T12:52:10","guid":{"rendered":"https:\/\/ceoparts.com\/?post_type=product&#038;p=11206"},"modified":"2026-05-16T10:57:18","modified_gmt":"2026-05-16T07:57:18","slug":"230x75-45-tellure-rota-kanalli-yuruyus-tekeri","status":"publish","type":"product","link":"https:\/\/ceoparts.com\/fr\/urun\/230x75-45-tellure-rota-kanalli-yuruyus-tekeri\/","title":{"rendered":"230&#215;75-45 Tellure Rota Cannel\u00e9,  Roue de marche &#8211; 4359920, 4400716, 0009903819"},"content":{"rendered":"<p>230&#215;75-45 Tellure Rota Cannel\u00e9,  Roue de marche &#8211; 4359920, 4400716, 0009903819<\/p>\n<p>LINDE 0009903819, 0009934071<\/p>\n<p>1151\u00a0T16\/T16P\/T20\/T20P<br \/>\n1152\u00a0T16\/T18\/T20\/T16L<br \/>\n1160\u00a0D06\/D08<br \/>\n1169\u00a0L10\/L12\/L14C<br \/>\n1169\u00a0L10P\/L12P\/L14P<br \/>\n1172\u00a0L10\/L12\/L12i<\/p>\n<p>Still 4359920 4400716<\/p>\n<p>EXU<br \/>\nEXU AC16 (0143, 0150, 0151, 0152)<br \/>\nEXU AC18 (0143, 0150, 0151, 0152)<br \/>\nEXU AC20 (0143, 0150, 0151, 0152)<br \/>\nEXU AC22 (0143, 0150, 0151, 0152)<br \/>\nEXU LINDE USA (0147)<br \/>\nEXU-H (0202)<br \/>\nEXU-H AC (0203)<br \/>\nEXU-H AC Autolift (0161, 0162, 0163)<br \/>\nEXU-SF20 (0160, 0179)<br \/>\nEXU-SF20 09\/2013-&gt;<br \/>\nEXV<br \/>\nEXV10 (4572) 02\/2015-&gt;<br \/>\nEXV10BASIC (4572) 02\/2015-&gt;<br \/>\nEXV12 (4572) 02\/2015-&gt;<br \/>\nEXV12I (4572) 02\/2015-&gt;<br \/>\nEXV14C (4572) 02\/2015-&gt;<br \/>\nEXV14IC (4572) 02\/2015-&gt;<br \/>\nEXVBasic (0251, 0252, 0253, 0254)<br \/>\nEXVBasic (0270, 0271, 0272, 0273) 01\/2013-&gt;<br \/>\nEXD<br \/>\nEXD-SF20 (0260,0261, 0283, 0284)<br \/>\nEXD-SF20 (0283, 0284)<br \/>\nEXD18 (0285, 0286)<br \/>\nEXD20 (0260,0261, 0283, 0284)<br \/>\nEXD20 (0283, 0284)<br \/>\nEGU<br \/>\nEGU 16 (0115, 0117, 0119, 0125)<br \/>\nEGU 18 (0115, 0117, 0119, 0125)<br \/>\nEGU 20 (0115, 0117, 0119, 0125)<br \/>\nEGU 20-S (0115, 0117, 0119, 0125)<br \/>\nEGU-H (0201)<br \/>\nEGU20 (0122)<br \/>\nEGU20S (0123)<br \/>\nEGV<br \/>\nEGV14 (0248,0250)<br \/>\nEGV16 (0248,0250)<br \/>\nLTX<br \/>\nLTX-T04<br \/>\nLTX20<br \/>\nTSD<br \/>\nTSD-SF20<br \/>\nTSD20<br \/>\nEGD<br \/>\nEGD16 (0219)<br \/>\nCL<br \/>\nCL10 Basic (4572) 01\/2013 -&gt;<br \/>\nCL12 Basic (4572) 01\/2013-&gt;<br \/>\nCL12i Basic (4572) 01\/2013-&gt;<\/p>","protected":false},"excerpt":{"rendered":"<p data-start=\"0\" data-end=\"409\"><br data-start=\"3244\" data-end=\"3247\" \/>230\u00d775-45 Tellure Rota roue de roulement rainur\u00e9e est une roue durable et de haute qualit\u00e9 utilis\u00e9e pour les chariots \u00e9l\u00e9vateurs et v\u00e9hicules industriels. Avec un diam\u00e8tre de 230 mm, une largeur de 75 mm et un al\u00e9sage de 45 mm, ce produit poss\u00e8de un rev\u00eatement en caoutchouc rainur\u00e9 sp\u00e9cial Tellure Rota, offrant une excellente traction et une longue dur\u00e9e de vie dans des conditions difficiles. La surface rainur\u00e9e emp\u00eache le glissement et assure une conduite stable et s\u00fbre.<\/p>\n<p data-start=\"3725\" data-end=\"4127\"><strong data-start=\"3725\" data-end=\"3747\">Caract\u00e9ristiques :<\/strong><br data-start=\"3747\" data-end=\"3750\" \/><strong data-start=\"3750\" data-end=\"3770\">Nom du produit :<\/strong> 230\u00d775-45 Tellure Rota roue de roulement rainur\u00e9e<br data-start=\"3820\" data-end=\"3823\" \/><strong data-start=\"3823\" data-end=\"3839\">Code pi\u00e8ce :<\/strong> 4359920, 4400716, 0009903819<br data-start=\"3868\" data-end=\"3871\" \/><strong data-start=\"3871\" data-end=\"3885\">Mat\u00e9riau :<\/strong> Rev\u00eatement en caoutchouc rainur\u00e9, corps m\u00e9tallique robuste<br data-start=\"3944\" data-end=\"3947\" \/><strong data-start=\"3947\" data-end=\"3973\">Domaine d\u2019utilisation:<\/strong> Roue de roulement pour chariots \u00e9l\u00e9vateurs et v\u00e9hicules industriels<br data-start=\"4041\" data-end=\"4044\" \/><strong data-start=\"4044\" data-end=\"4057\">Avantage:<\/strong> Surface rainur\u00e9e, haute r\u00e9sistance \u00e0 l\u2019usure et longue dur\u00e9e de vie<\/p>\n<p data-start=\"4129\" data-end=\"4602\">\n","protected":false},"featured_media":11207,"template":"","meta":[],"product_brand":[],"product_cat":[251,254,412,414,241,244,246,249,193],"product_tag":[],"class_list":{"0":"post-11206","1":"product","2":"type-product","3":"status-publish","4":"has-post-thumbnail","6":"product_cat-bt","7":"product_cat-yuruyus-tekeri-bt","8":"product_cat-tellure-rota","9":"product_cat-yuruyus-tekeri-rota","10":"product_cat-still","11":"product_cat-yuruyus-tekeri-still","12":"product_cat-linde","13":"product_cat-yuruyus-tekeri-linde","14":"product_cat-yuruyus-tekeri","16":"first","17":"instock","18":"taxable","19":"shipping-taxable","20":"purchasable","21":"product-type-simple"},"_links":{"self":[{"href":"https:\/\/ceoparts.com\/fr\/wp-json\/wp\/v2\/product\/11206","targetHints":{"allow":["GET"]}}],"collection":[{"href":"https:\/\/ceoparts.com\/fr\/wp-json\/wp\/v2\/product"}],"about":[{"href":"https:\/\/ceoparts.com\/fr\/wp-json\/wp\/v2\/types\/product"}],"wp:featuredmedia":[{"embeddable":true,"href":"https:\/\/ceoparts.com\/fr\/wp-json\/wp\/v2\/media\/11207"}],"wp:attachment":[{"href":"https:\/\/ceoparts.com\/fr\/wp-json\/wp\/v2\/media?parent=11206"}],"wp:term":[{"taxonomy":"product_brand","embeddable":true,"href":"https:\/\/ceoparts.com\/fr\/wp-json\/wp\/v2\/product_brand?post=11206"},{"taxonomy":"product_cat","embeddable":true,"href":"https:\/\/ceoparts.com\/fr\/wp-json\/wp\/v2\/product_cat?post=11206"},{"taxonomy":"product_tag","embeddable":true,"href":"https:\/\/ceoparts.com\/fr\/wp-json\/wp\/v2\/product_tag?post=11206"}],"curies":[{"name":"wp","href":"https:\/\/api.w.org\/{rel}","templated":true}]}}