{"id":11217,"date":"2024-10-09T16:24:40","date_gmt":"2024-10-09T13:24:40","guid":{"rendered":"https:\/\/ceoparts.com\/?post_type=product&#038;p=11217"},"modified":"2026-05-16T16:32:51","modified_gmt":"2026-05-16T13:32:51","slug":"230x70-45-stellana-havsasiz-yuruyus-tekeri","status":"publish","type":"product","link":"https:\/\/ceoparts.com\/fr\/urun\/230x70-45-stellana-havsasiz-yuruyus-tekeri\/","title":{"rendered":"230&#215;70-45 Stellana Non frais\u00e9 Roue de marche &#8211; 239003"},"content":{"rendered":"<p>230&#215;70-45 Stellana Non frais\u00e9 Roue de marche &#8211; 239003<\/p>\n<p>BT TOYOTA 239003\u00a0\u00a0 230&#215;60\/75-45<\/p>\n<p>SWE080L<br \/>\nSWE100 STAXIO<br \/>\nSWE120 STAXIO<br \/>\nSWE120L STAXIO<br \/>\nSWE140 STAXIO<br \/>\nSWE140L STAXIO<br \/>\nLWE140 LEVIO (838)<br \/>\nLWE160 LEVIO (838)<br \/>\nLWE180 LEVIO (838)<br \/>\nLWE200 LEVIO (839)<br \/>\nLWE250 LEVIO (840)<\/p>","protected":false},"excerpt":{"rendered":"<p data-start=\"0\" data-end=\"448\"><br data-start=\"3273\" data-end=\"3276\" \/>230\u00d770-45 Stellana roue de roulement sans fraisage est une roue durable et de haute qualit\u00e9 utilis\u00e9e pour les chariots \u00e9l\u00e9vateurs et v\u00e9hicules industriels. Avec un diam\u00e8tre de 230 mm, une largeur de 70 mm et un al\u00e9sage de 45 mm, ce produit est sp\u00e9cialement con\u00e7u par Stellana sans fraisage (conique). Cela facilite l\u2019installation et la maintenance. Sa haute r\u00e9sistance \u00e0 l\u2019usure et sa construction robuste garantissent une longue dur\u00e9e de vie dans des conditions de travail difficiles.<\/p>\n<p data-start=\"3763\" data-end=\"4169\"><strong data-start=\"3763\" data-end=\"3785\">Caract\u00e9ristiques :<\/strong><br data-start=\"3785\" data-end=\"3788\" \/><strong data-start=\"3788\" data-end=\"3808\">Nom du produit :<\/strong> 230\u00d770-45 Stellana roue de roulement sans fraisage<br data-start=\"3859\" data-end=\"3862\" \/><strong data-start=\"3862\" data-end=\"3878\">Code pi\u00e8ce :<\/strong> 239003<br data-start=\"3885\" data-end=\"3888\" \/><strong data-start=\"3888\" data-end=\"3902\">Mat\u00e9riau :<\/strong> Rev\u00eatement en caoutchouc durable, corps m\u00e9tallique robuste<br data-start=\"3961\" data-end=\"3964\" \/><strong data-start=\"3964\" data-end=\"3990\">Domaine d\u2019utilisation:<\/strong> Roue de roulement pour chariots \u00e9l\u00e9vateurs et v\u00e9hicules industriels<br data-start=\"4058\" data-end=\"4061\" \/><strong data-start=\"4061\" data-end=\"4074\">Avantage:<\/strong> Design sans fraisage, installation facile, haute r\u00e9sistance \u00e0 l\u2019usure et longue dur\u00e9e de vie<\/p>\n<p data-start=\"4171\" data-end=\"4649\">\n","protected":false},"featured_media":11218,"template":"","meta":[],"product_brand":[],"product_cat":[251,254,416,418,521,529,193],"product_tag":[],"class_list":{"0":"post-11217","1":"product","2":"type-product","3":"status-publish","4":"has-post-thumbnail","6":"product_cat-bt","7":"product_cat-yuruyus-tekeri-bt","8":"product_cat-stellana","9":"product_cat-yuruyus-tekeri-stellana","10":"product_cat-toyota","11":"product_cat-yuruyus-tekeri-toyota","12":"product_cat-yuruyus-tekeri","14":"first","15":"instock","16":"taxable","17":"shipping-taxable","18":"purchasable","19":"product-type-simple"},"_links":{"self":[{"href":"https:\/\/ceoparts.com\/fr\/wp-json\/wp\/v2\/product\/11217","targetHints":{"allow":["GET"]}}],"collection":[{"href":"https:\/\/ceoparts.com\/fr\/wp-json\/wp\/v2\/product"}],"about":[{"href":"https:\/\/ceoparts.com\/fr\/wp-json\/wp\/v2\/types\/product"}],"wp:featuredmedia":[{"embeddable":true,"href":"https:\/\/ceoparts.com\/fr\/wp-json\/wp\/v2\/media\/11218"}],"wp:attachment":[{"href":"https:\/\/ceoparts.com\/fr\/wp-json\/wp\/v2\/media?parent=11217"}],"wp:term":[{"taxonomy":"product_brand","embeddable":true,"href":"https:\/\/ceoparts.com\/fr\/wp-json\/wp\/v2\/product_brand?post=11217"},{"taxonomy":"product_cat","embeddable":true,"href":"https:\/\/ceoparts.com\/fr\/wp-json\/wp\/v2\/product_cat?post=11217"},{"taxonomy":"product_tag","embeddable":true,"href":"https:\/\/ceoparts.com\/fr\/wp-json\/wp\/v2\/product_tag?post=11217"}],"curies":[{"name":"wp","href":"https:\/\/api.w.org\/{rel}","templated":true}]}}