{"id":11267,"date":"2024-10-10T11:19:14","date_gmt":"2024-10-10T08:19:14","guid":{"rendered":"https:\/\/ceoparts.com\/?post_type=product&#038;p=11267"},"modified":"2026-05-16T13:30:12","modified_gmt":"2026-05-16T10:30:12","slug":"230x90-45-tellure-rota-yuruyus-tekeri-0039933826-0039933800","status":"publish","type":"product","link":"https:\/\/ceoparts.com\/fr\/urun\/230x90-45-tellure-rota-yuruyus-tekeri-0039933826-0039933800\/","title":{"rendered":"230&#215;90-45 Tellure Rota Roue de marche 0039933826 \/ 0039933800"},"content":{"rendered":"<p>230&#215;90-45 Tellure Rota Roue de marche 0039933826 \/ 0039933800<\/p>\n<div class=\"font12\">Linde:<\/div>\n<div class=\"font12\"><\/div>\n<div class=\"font12\">Vulkollan 0039933800<\/div>\n<div class=\"font12\">OEM Stellana<\/div>\n<div class=\"font12\"><\/div>\n<div class=\"font12\">372\u00a0L14\/16<br \/>\n372\u00a0L14\/16\/L14AP\/16AP<\/div>\n<div class=\"font12\">1173 L14\/L16<\/div>\n<div class=\"font12\"><\/div>\n<div class=\"font12\">Still 0039933826<\/div>\n<div class=\"font12\"><\/div>\n<div class=\"font12\">EXH 25-30 EXH-SF 20-25 (2360-2363)<\/div>","protected":false},"excerpt":{"rendered":"<div>\n<p data-start=\"0\" data-end=\"423\"><br data-start=\"3161\" data-end=\"3164\" \/>230\u00d790-45 Tellure Rota roue de roulement est une roue durable et performante utilis\u00e9e pour les chariots \u00e9l\u00e9vateurs et v\u00e9hicules industriels. Avec un diam\u00e8tre de 230 mm, une largeur de 90 mm et un al\u00e9sage de 45 mm, ce produit est fabriqu\u00e9 par Tellure Rota avec des mat\u00e9riaux de haute qualit\u00e9 et des normes artisanales \u00e9lev\u00e9es. Sa construction robuste et sa bonne traction assurent une utilisation durable et fiable dans des conditions de travail difficiles.<\/p>\n<p data-start=\"3622\" data-end=\"4008\"><strong data-start=\"3622\" data-end=\"3644\">Caract\u00e9ristiques :<\/strong><br data-start=\"3644\" data-end=\"3647\" \/><strong data-start=\"3647\" data-end=\"3667\">Nom du produit :<\/strong> 230\u00d790-45 Tellure Rota roue de roulement<br data-start=\"3708\" data-end=\"3711\" \/><strong data-start=\"3711\" data-end=\"3727\">Code pi\u00e8ce :<\/strong> 0039933826, 0039933800<br data-start=\"3750\" data-end=\"3753\" \/><strong data-start=\"3753\" data-end=\"3767\">Mat\u00e9riau :<\/strong> Rev\u00eatement en caoutchouc durable et corps m\u00e9tallique solide<br data-start=\"3827\" data-end=\"3830\" \/><strong data-start=\"3830\" data-end=\"3856\">Domaine d\u2019utilisation:<\/strong> Roue de roulement pour chariots \u00e9l\u00e9vateurs et v\u00e9hicules industriels<br data-start=\"3924\" data-end=\"3927\" \/><strong data-start=\"3927\" data-end=\"3940\">Avantage:<\/strong> Haute r\u00e9sistance \u00e0 l\u2019usure, bonne traction et longue dur\u00e9e de vie<\/p>\n<p data-start=\"4010\" data-end=\"4458\">\n","protected":false},"featured_media":11268,"template":"","meta":[],"product_brand":[],"product_cat":[414,241,244,246,249,412,193],"product_tag":[],"class_list":{"0":"post-11267","1":"product","2":"type-product","3":"status-publish","4":"has-post-thumbnail","6":"product_cat-yuruyus-tekeri-rota","7":"product_cat-still","8":"product_cat-yuruyus-tekeri-still","9":"product_cat-linde","10":"product_cat-yuruyus-tekeri-linde","11":"product_cat-tellure-rota","12":"product_cat-yuruyus-tekeri","14":"first","15":"instock","16":"taxable","17":"shipping-taxable","18":"purchasable","19":"product-type-simple"},"_links":{"self":[{"href":"https:\/\/ceoparts.com\/fr\/wp-json\/wp\/v2\/product\/11267","targetHints":{"allow":["GET"]}}],"collection":[{"href":"https:\/\/ceoparts.com\/fr\/wp-json\/wp\/v2\/product"}],"about":[{"href":"https:\/\/ceoparts.com\/fr\/wp-json\/wp\/v2\/types\/product"}],"wp:featuredmedia":[{"embeddable":true,"href":"https:\/\/ceoparts.com\/fr\/wp-json\/wp\/v2\/media\/11268"}],"wp:attachment":[{"href":"https:\/\/ceoparts.com\/fr\/wp-json\/wp\/v2\/media?parent=11267"}],"wp:term":[{"taxonomy":"product_brand","embeddable":true,"href":"https:\/\/ceoparts.com\/fr\/wp-json\/wp\/v2\/product_brand?post=11267"},{"taxonomy":"product_cat","embeddable":true,"href":"https:\/\/ceoparts.com\/fr\/wp-json\/wp\/v2\/product_cat?post=11267"},{"taxonomy":"product_tag","embeddable":true,"href":"https:\/\/ceoparts.com\/fr\/wp-json\/wp\/v2\/product_tag?post=11267"}],"curies":[{"name":"wp","href":"https:\/\/api.w.org\/{rel}","templated":true}]}}