{"id":11272,"date":"2024-10-10T13:57:29","date_gmt":"2024-10-10T10:57:29","guid":{"rendered":"https:\/\/ceoparts.com\/?post_type=product&#038;p=11272"},"modified":"2026-05-17T20:42:38","modified_gmt":"2026-05-17T17:42:38","slug":"230x90-60-yuruyus-tekeri","status":"publish","type":"product","link":"https:\/\/ceoparts.com\/fr\/urun\/230x90-60-yuruyus-tekeri\/","title":{"rendered":"230&#215;90-65 Ceoparts Roue de marche &#8211; 0039902305"},"content":{"rendered":"<p>230&#215;90-65 Ceoparts Roue de marche &#8211; 0039902305<\/p>\n<p>LINDE 230&#215;90-65 0039902305<\/p>\n<p>360 T16\/T18\/T20<br \/>\n360 T16\/T18\/T20\/T16L<br \/>\n379 L10\/12-L10\/12AS<\/p>","protected":false},"excerpt":{"rendered":"<p data-start=\"0\" data-end=\"394\"><br data-start=\"2923\" data-end=\"2926\" \/>230\u00d790-65 Ceoparts roue de roulement est une roue durable et performante utilis\u00e9e pour les chariots \u00e9l\u00e9vateurs et v\u00e9hicules industriels. Avec un diam\u00e8tre de 230 mm, une largeur de 90 mm et un al\u00e9sage de 65 mm, ce produit est fabriqu\u00e9 avec des mat\u00e9riaux de haute qualit\u00e9 par Ceoparts. Sa construction robuste et sa bonne traction assurent une utilisation durable et fiable dans des conditions de travail difficiles.<\/p>\n<p data-start=\"3342\" data-end=\"3712\"><strong data-start=\"3342\" data-end=\"3364\">Caract\u00e9ristiques :<\/strong><br data-start=\"3364\" data-end=\"3367\" \/><strong data-start=\"3367\" data-end=\"3387\">Nom du produit :<\/strong> 230\u00d790-65 Ceoparts roue de roulement<br data-start=\"3424\" data-end=\"3427\" \/><strong data-start=\"3427\" data-end=\"3443\">Code pi\u00e8ce :<\/strong> 0039902305<br data-start=\"3454\" data-end=\"3457\" \/><strong data-start=\"3457\" data-end=\"3471\">Mat\u00e9riau :<\/strong> Rev\u00eatement en caoutchouc durable et corps m\u00e9tallique solide<br data-start=\"3531\" data-end=\"3534\" \/><strong data-start=\"3534\" data-end=\"3560\">Domaine d\u2019utilisation:<\/strong> Roue de roulement pour chariots \u00e9l\u00e9vateurs et v\u00e9hicules industriels<br data-start=\"3628\" data-end=\"3631\" \/><strong data-start=\"3631\" data-end=\"3644\">Avantage:<\/strong> Haute r\u00e9sistance \u00e0 l\u2019usure, bonne traction et longue dur\u00e9e de vie<\/p>\n<p data-start=\"3714\" data-end=\"4125\">\n","protected":false},"featured_media":11273,"template":"","meta":[],"product_brand":[],"product_cat":[246,249,395,397,193],"product_tag":[],"class_list":{"0":"post-11272","1":"product","2":"type-product","3":"status-publish","4":"has-post-thumbnail","6":"product_cat-linde","7":"product_cat-yuruyus-tekeri-linde","8":"product_cat-ceoparts","9":"product_cat-yuruyus-tekeri-ceo","10":"product_cat-yuruyus-tekeri","12":"first","13":"instock","14":"taxable","15":"shipping-taxable","16":"purchasable","17":"product-type-simple"},"_links":{"self":[{"href":"https:\/\/ceoparts.com\/fr\/wp-json\/wp\/v2\/product\/11272","targetHints":{"allow":["GET"]}}],"collection":[{"href":"https:\/\/ceoparts.com\/fr\/wp-json\/wp\/v2\/product"}],"about":[{"href":"https:\/\/ceoparts.com\/fr\/wp-json\/wp\/v2\/types\/product"}],"wp:featuredmedia":[{"embeddable":true,"href":"https:\/\/ceoparts.com\/fr\/wp-json\/wp\/v2\/media\/11273"}],"wp:attachment":[{"href":"https:\/\/ceoparts.com\/fr\/wp-json\/wp\/v2\/media?parent=11272"}],"wp:term":[{"taxonomy":"product_brand","embeddable":true,"href":"https:\/\/ceoparts.com\/fr\/wp-json\/wp\/v2\/product_brand?post=11272"},{"taxonomy":"product_cat","embeddable":true,"href":"https:\/\/ceoparts.com\/fr\/wp-json\/wp\/v2\/product_cat?post=11272"},{"taxonomy":"product_tag","embeddable":true,"href":"https:\/\/ceoparts.com\/fr\/wp-json\/wp\/v2\/product_tag?post=11272"}],"curies":[{"name":"wp","href":"https:\/\/api.w.org\/{rel}","templated":true}]}}