{"id":11285,"date":"2024-10-10T14:59:04","date_gmt":"2024-10-10T11:59:04","guid":{"rendered":"https:\/\/ceoparts.com\/?post_type=product&#038;p=11285"},"modified":"2026-05-16T14:01:35","modified_gmt":"2026-05-16T11:01:35","slug":"250x100-80-stellana-vulkolan-yuruyus-tekeri","status":"publish","type":"product","link":"https:\/\/ceoparts.com\/fr\/urun\/250x100-80-stellana-vulkolan-yuruyus-tekeri\/","title":{"rendered":"250&#215;100-80 Stellana Vulkollan Roue de marche &#8211; 0009903813, 4493241"},"content":{"rendered":"<p>250&#215;100-80 Stellana Vulkollan Roue de marche &#8211; 0009903813, 4493241<\/p>\n<p>CS 10M\/711041\/06-06<br \/>\nCS 16S\/711042\/06-06<br \/>\nCS 20\/711040\/06-06<br \/>\nCS 30Z\/711043\/06-06<br \/>\nCX-T\/711050\/01-08<br \/>\nCX20\/711044\/01-07<br \/>\nCXM 10\/711045\/01-07<br \/>\nCXS 16\/711046\/01-07<br \/>\nCXZ 30\/711047\/01-07<br \/>\nEXD S20\/710249\/01-07<br \/>\nEXU-S\/710148-710149\/01-07<\/p>","protected":false},"excerpt":{"rendered":"<p data-start=\"0\" data-end=\"419\"><br data-start=\"3086\" data-end=\"3089\" \/>250\u00d7100-80 Stellana Vulkollan roue de roulement est une roue durable et performante sp\u00e9cialement con\u00e7ue pour les chariots \u00e9l\u00e9vateurs et v\u00e9hicules industriels. Avec un diam\u00e8tre de 250 mm, une largeur de 100 mm et un al\u00e9sage de 80 mm, son mat\u00e9riau Vulkollan offre une haute r\u00e9sistance \u00e0 l\u2019usure, une absorption des chocs et une longue dur\u00e9e de vie. Cela garantit un fonctionnement silencieux et stable dans des conditions de travail difficiles.<\/p>\n<p data-start=\"3533\" data-end=\"3943\"><strong data-start=\"3533\" data-end=\"3555\">Caract\u00e9ristiques :<\/strong><br data-start=\"3555\" data-end=\"3558\" \/><strong data-start=\"3558\" data-end=\"3578\">Nom du produit :<\/strong> 250\u00d7100-80 Stellana Vulkollan roue de roulement<br data-start=\"3626\" data-end=\"3629\" \/><strong data-start=\"3629\" data-end=\"3645\">Code pi\u00e8ce :<\/strong> 0009903813, 4493241<br data-start=\"3665\" data-end=\"3668\" \/><strong data-start=\"3668\" data-end=\"3682\">Mat\u00e9riau :<\/strong> Rev\u00eatement Vulkollan, corps m\u00e9tallique robuste<br data-start=\"3729\" data-end=\"3732\" \/><strong data-start=\"3732\" data-end=\"3758\">Domaine d\u2019utilisation:<\/strong> Roue de roulement pour chariots \u00e9l\u00e9vateurs et v\u00e9hicules industriels<br data-start=\"3826\" data-end=\"3829\" \/><strong data-start=\"3829\" data-end=\"3842\">Avantage:<\/strong> Haute r\u00e9sistance \u00e0 l\u2019usure, absorption des chocs, longue dur\u00e9e de vie et fonctionnement silencieux<\/p>\n<p data-start=\"3945\" data-end=\"4362\">\n","protected":false},"featured_media":11289,"template":"","meta":[],"product_brand":[],"product_cat":[416,418,193],"product_tag":[],"class_list":{"0":"post-11285","1":"product","2":"type-product","3":"status-publish","4":"has-post-thumbnail","6":"product_cat-stellana","7":"product_cat-yuruyus-tekeri-stellana","8":"product_cat-yuruyus-tekeri","10":"first","11":"instock","12":"taxable","13":"shipping-taxable","14":"purchasable","15":"product-type-simple"},"_links":{"self":[{"href":"https:\/\/ceoparts.com\/fr\/wp-json\/wp\/v2\/product\/11285","targetHints":{"allow":["GET"]}}],"collection":[{"href":"https:\/\/ceoparts.com\/fr\/wp-json\/wp\/v2\/product"}],"about":[{"href":"https:\/\/ceoparts.com\/fr\/wp-json\/wp\/v2\/types\/product"}],"wp:featuredmedia":[{"embeddable":true,"href":"https:\/\/ceoparts.com\/fr\/wp-json\/wp\/v2\/media\/11289"}],"wp:attachment":[{"href":"https:\/\/ceoparts.com\/fr\/wp-json\/wp\/v2\/media?parent=11285"}],"wp:term":[{"taxonomy":"product_brand","embeddable":true,"href":"https:\/\/ceoparts.com\/fr\/wp-json\/wp\/v2\/product_brand?post=11285"},{"taxonomy":"product_cat","embeddable":true,"href":"https:\/\/ceoparts.com\/fr\/wp-json\/wp\/v2\/product_cat?post=11285"},{"taxonomy":"product_tag","embeddable":true,"href":"https:\/\/ceoparts.com\/fr\/wp-json\/wp\/v2\/product_tag?post=11285"}],"curies":[{"name":"wp","href":"https:\/\/api.w.org\/{rel}","templated":true}]}}