{"id":11290,"date":"2024-10-10T15:06:14","date_gmt":"2024-10-10T12:06:14","guid":{"rendered":"https:\/\/ceoparts.com\/?post_type=product&#038;p=11290"},"modified":"2026-05-16T21:36:21","modified_gmt":"2026-05-16T18:36:21","slug":"250x100-80-wicke-kanalli-yuruyus-tekeri","status":"publish","type":"product","link":"https:\/\/ceoparts.com\/fr\/urun\/250x100-80-wicke-kanalli-yuruyus-tekeri\/","title":{"rendered":"250&#215;100-80 Wicke Cannel\u00e9,  Roue de marche &#8211; 0009903813, 4493241"},"content":{"rendered":"<p>250&#215;100-80 Wicke Cannel\u00e9,  Roue de marche &#8211; 0009903813, 4493241<\/p>\n<p>CS 10M\/711041\/06-06<br \/>\nCS 16S\/711042\/06-06<br \/>\nCS 20\/711040\/06-06<br \/>\nCS 30Z\/711043\/06-06<br \/>\nCX-T\/711050\/01-08<br \/>\nCX20\/711044\/01-07<br \/>\nCXM 10\/711045\/01-07<br \/>\nCXS 16\/711046\/01-07<br \/>\nCXZ 30\/711047\/01-07<br \/>\nEXD S20\/710249\/01-07<br \/>\nEXU-S\/710148-710149\/01-07<\/p>","protected":false},"excerpt":{"rendered":"<p data-start=\"0\" data-end=\"425\"><br data-start=\"3389\" data-end=\"3392\" \/>250\u00d7100-80 Wicke roue de roulement rainur\u00e9e est une roue durable et performante utilis\u00e9e pour les chariots \u00e9l\u00e9vateurs et v\u00e9hicules industriels. Avec un diam\u00e8tre de 250 mm, une largeur de 100 mm et un al\u00e9sage de 80 mm, ce produit offre une traction et une adh\u00e9rence sup\u00e9rieures gr\u00e2ce aux mat\u00e9riaux de qualit\u00e9 et \u00e0 la surface rainur\u00e9e de Wicke. Sa haute r\u00e9sistance \u00e0 l\u2019usure et sa construction robuste assurent une longue dur\u00e9e de vie et un fonctionnement silencieux dans des conditions de travail difficiles.<\/p>\n<p data-start=\"3901\" data-end=\"4356\"><strong data-start=\"3901\" data-end=\"3923\">Caract\u00e9ristiques :<\/strong><br data-start=\"3923\" data-end=\"3926\" \/><strong data-start=\"3926\" data-end=\"3946\">Nom du produit :<\/strong> 250\u00d7100-80 Wicke roue de roulement rainur\u00e9e<br data-start=\"3990\" data-end=\"3993\" \/><strong data-start=\"3993\" data-end=\"4009\">Code pi\u00e8ce :<\/strong> 0009903813, 4493241<br data-start=\"4029\" data-end=\"4032\" \/><strong data-start=\"4032\" data-end=\"4046\">Mat\u00e9riau :<\/strong> Rev\u00eatement en caoutchouc de haute qualit\u00e9 et corps m\u00e9tallique robuste<br data-start=\"4116\" data-end=\"4119\" \/><strong data-start=\"4119\" data-end=\"4145\">Domaine d\u2019utilisation:<\/strong> Roue de roulement pour chariots \u00e9l\u00e9vateurs et v\u00e9hicules industriels<br data-start=\"4213\" data-end=\"4216\" \/><strong data-start=\"4216\" data-end=\"4229\">Avantage:<\/strong> Traction am\u00e9lior\u00e9e gr\u00e2ce \u00e0 la surface rainur\u00e9e, haute r\u00e9sistance \u00e0 l\u2019usure, longue dur\u00e9e de vie et fonctionnement silencieux<\/p>\n<p data-start=\"4358\" data-end=\"4847\">\n","protected":false},"featured_media":11295,"template":"","meta":[],"product_brand":[],"product_cat":[251,254,401,404,193],"product_tag":[],"class_list":{"0":"post-11290","1":"product","2":"type-product","3":"status-publish","4":"has-post-thumbnail","6":"product_cat-bt","7":"product_cat-yuruyus-tekeri-bt","8":"product_cat-wicke","9":"product_cat-yuruyus-tekeri-wicke","10":"product_cat-yuruyus-tekeri","12":"first","13":"instock","14":"taxable","15":"shipping-taxable","16":"purchasable","17":"product-type-simple"},"_links":{"self":[{"href":"https:\/\/ceoparts.com\/fr\/wp-json\/wp\/v2\/product\/11290","targetHints":{"allow":["GET"]}}],"collection":[{"href":"https:\/\/ceoparts.com\/fr\/wp-json\/wp\/v2\/product"}],"about":[{"href":"https:\/\/ceoparts.com\/fr\/wp-json\/wp\/v2\/types\/product"}],"wp:featuredmedia":[{"embeddable":true,"href":"https:\/\/ceoparts.com\/fr\/wp-json\/wp\/v2\/media\/11295"}],"wp:attachment":[{"href":"https:\/\/ceoparts.com\/fr\/wp-json\/wp\/v2\/media?parent=11290"}],"wp:term":[{"taxonomy":"product_brand","embeddable":true,"href":"https:\/\/ceoparts.com\/fr\/wp-json\/wp\/v2\/product_brand?post=11290"},{"taxonomy":"product_cat","embeddable":true,"href":"https:\/\/ceoparts.com\/fr\/wp-json\/wp\/v2\/product_cat?post=11290"},{"taxonomy":"product_tag","embeddable":true,"href":"https:\/\/ceoparts.com\/fr\/wp-json\/wp\/v2\/product_tag?post=11290"}],"curies":[{"name":"wp","href":"https:\/\/api.w.org\/{rel}","templated":true}]}}