{"id":11304,"date":"2024-10-10T17:27:53","date_gmt":"2024-10-10T14:27:53","guid":{"rendered":"https:\/\/ceoparts.com\/?post_type=product&#038;p=11304"},"modified":"2026-05-16T13:15:56","modified_gmt":"2026-05-16T10:15:56","slug":"254x90-40-msl-kanalli-yuruyus-tekeri-580052985","status":"publish","type":"product","link":"https:\/\/ceoparts.com\/fr\/urun\/254x90-40-msl-kanalli-yuruyus-tekeri-580052985\/","title":{"rendered":"254&#215;90-40 MSL Cannel\u00e9 Roue de marche &#8211; 580052985"},"content":{"rendered":"<p>254&#215;90-40 MSL Cannel\u00e9 Roue de marche &#8211; 580052985<\/p>\n<p><\/p>\n<p>580052985<\/p>\n<p>Yale, Hyster 254&#215;90-40 5 SZPILEK<\/p>\n<p>Yale MP20X\/MP20XD<\/p>\n<p>Yale MP20X<\/p>\n<p>Yale MP20 XD<\/p>\n<div class=\"font12\">HYSTER P20S, Yale<\/div>\n<div class=\"font12\">HYSTER P20S NR C439X<\/div>\n<div class=\"font12\">HYSTER LO.2.0, L.O.2.0M\/L<\/div>","protected":false},"excerpt":{"rendered":"<p data-start=\"0\" data-end=\"384\"><br data-start=\"3004\" data-end=\"3007\" \/>254\u00d790-40 MSL roue de roulement rainur\u00e9e est une roue durable et performante utilis\u00e9e pour les chariots \u00e9l\u00e9vateurs et v\u00e9hicules industriels. Elle a un diam\u00e8tre de 254 mm, une largeur de 90 mm et un al\u00e9sage de 40 mm. La surface rainur\u00e9e offre une meilleure traction et adh\u00e9rence. Avec une haute r\u00e9sistance \u00e0 l\u2019usure et une construction robuste, elle assure une longue dur\u00e9e de vie dans des conditions de travail difficiles.<\/p>\n<p data-start=\"3431\" data-end=\"3835\"><strong data-start=\"3431\" data-end=\"3453\">Caract\u00e9ristiques :<\/strong><br data-start=\"3453\" data-end=\"3456\" \/><strong data-start=\"3456\" data-end=\"3476\">Nom du produit :<\/strong> 254\u00d790-40 MSL roue de roulement rainur\u00e9e<br data-start=\"3517\" data-end=\"3520\" \/><strong data-start=\"3520\" data-end=\"3536\">Code pi\u00e8ce :<\/strong> 580052985<br data-start=\"3546\" data-end=\"3549\" \/><strong data-start=\"3549\" data-end=\"3563\">Mat\u00e9riau :<\/strong> Rev\u00eatement en caoutchouc durable et corps m\u00e9tallique robuste<br data-start=\"3624\" data-end=\"3627\" \/><strong data-start=\"3627\" data-end=\"3653\">Domaine d\u2019utilisation:<\/strong> Roue de roulement pour chariots \u00e9l\u00e9vateurs et v\u00e9hicules industriels<br data-start=\"3721\" data-end=\"3724\" \/><strong data-start=\"3724\" data-end=\"3737\">Avantage:<\/strong> Traction am\u00e9lior\u00e9e gr\u00e2ce \u00e0 la surface rainur\u00e9e, haute r\u00e9sistance \u00e0 l\u2019usure, longue dur\u00e9e de vie<\/p>\n<p data-start=\"3837\" data-end=\"4236\">\n","protected":false},"featured_media":11305,"template":"","meta":[],"product_brand":[],"product_cat":[256,260,395,397,193],"product_tag":[214],"class_list":{"0":"post-11304","1":"product","2":"type-product","3":"status-publish","4":"has-post-thumbnail","6":"product_cat-hyster","7":"product_cat-yuruyus-tekeri-hyster","8":"product_cat-ceoparts","9":"product_cat-yuruyus-tekeri-ceo","10":"product_cat-yuruyus-tekeri","11":"product_tag-yale","13":"first","14":"instock","15":"taxable","16":"shipping-taxable","17":"purchasable","18":"product-type-simple"},"_links":{"self":[{"href":"https:\/\/ceoparts.com\/fr\/wp-json\/wp\/v2\/product\/11304","targetHints":{"allow":["GET"]}}],"collection":[{"href":"https:\/\/ceoparts.com\/fr\/wp-json\/wp\/v2\/product"}],"about":[{"href":"https:\/\/ceoparts.com\/fr\/wp-json\/wp\/v2\/types\/product"}],"wp:featuredmedia":[{"embeddable":true,"href":"https:\/\/ceoparts.com\/fr\/wp-json\/wp\/v2\/media\/11305"}],"wp:attachment":[{"href":"https:\/\/ceoparts.com\/fr\/wp-json\/wp\/v2\/media?parent=11304"}],"wp:term":[{"taxonomy":"product_brand","embeddable":true,"href":"https:\/\/ceoparts.com\/fr\/wp-json\/wp\/v2\/product_brand?post=11304"},{"taxonomy":"product_cat","embeddable":true,"href":"https:\/\/ceoparts.com\/fr\/wp-json\/wp\/v2\/product_cat?post=11304"},{"taxonomy":"product_tag","embeddable":true,"href":"https:\/\/ceoparts.com\/fr\/wp-json\/wp\/v2\/product_tag?post=11304"}],"curies":[{"name":"wp","href":"https:\/\/api.w.org\/{rel}","templated":true}]}}