{"id":11309,"date":"2024-10-10T17:44:57","date_gmt":"2024-10-10T14:44:57","guid":{"rendered":"https:\/\/ceoparts.com\/?post_type=product&#038;p=11309"},"modified":"2026-05-16T19:51:58","modified_gmt":"2026-05-16T16:51:58","slug":"254x102-80-wicke-yuruyus-tekeri","status":"publish","type":"product","link":"https:\/\/ceoparts.com\/fr\/urun\/254x102-80-wicke-yuruyus-tekeri\/","title":{"rendered":"254&#215;102-80 Wicke Roue de marche"},"content":{"rendered":"<p>254&#215;102-80 Wicke Roue de marche<\/p>\n<div class=\"font12\">Linde 0039902311<\/div>\n<div class=\"font12\"><\/div>\n<div class=\"font12\">1110\u00a0V08-01\/V08-02<br \/>\n1111\u00a0N20VI &#8211; N20VLI<br \/>\n1190\u00a0P30C\/P50C<br \/>\n131\u00a0T20AP\/T20SP<br \/>\n131\u00a0T30<br \/>\n131\u00a0L14\/16AS<br \/>\n131\u00a0P50<br \/>\n132\u00a0N20\/N24\/N20L\/N20LI<br \/>\n132\u00a0P30<br \/>\n133\u00a0L12\/L14-L12L\/L14L-L12LHP<br \/>\n139\u00a0L12\/16R<br \/>\n140\u00a0T20R<br \/>\n141\u00a0P30\/50<br \/>\n141\u00a0T20AP<br \/>\n141\u00a0T20\/30<br \/>\n141\u00a0L12L\/L12LP<br \/>\n141\u00a0L16AS<br \/>\n144\u00a0T20S\/T20SF<br \/>\n144\u00a0L12LS\/L20LS<br \/>\n149\u00a0N20\/N25\/N20L\/LI\/LX<br \/>\n149\u00a0N20V-N20VI<br \/>\n149\u00a0P20<br \/>\n365\u00a0L14\/16\/L14AP\/16AP<\/div>\n<div class=\"font12\"><\/div>","protected":false},"excerpt":{"rendered":"<div>\n<p data-start=\"0\" data-end=\"442\"><br data-start=\"3196\" data-end=\"3199\" \/>254\u00d7102-80 Wicke roue de roulement est une roue durable et fiable con\u00e7ue pour les chariots \u00e9l\u00e9vateurs et \u00e9quipements de transport industriels. Avec un diam\u00e8tre de 254 mm, une largeur de 102 mm et un al\u00e9sage de 80 mm, ce produit offre une haute r\u00e9sistance \u00e0 l\u2019usure et une longue dur\u00e9e de vie gr\u00e2ce aux mat\u00e9riaux de qualit\u00e9 et aux normes de fabrication de Wicke. Il assure un fonctionnement silencieux et stable dans des conditions de travail difficiles, am\u00e9liorant l\u2019efficacit\u00e9 op\u00e9rationnelle des chariots \u00e9l\u00e9vateurs.<\/p>\n<p data-start=\"3718\" data-end=\"4115\"><strong data-start=\"3718\" data-end=\"3740\">Caract\u00e9ristiques :<\/strong><br data-start=\"3740\" data-end=\"3743\" \/><strong data-start=\"3743\" data-end=\"3763\">Nom du produit :<\/strong> 254\u00d7102-80 Wicke roue de roulement<br data-start=\"3798\" data-end=\"3801\" \/><strong data-start=\"3801\" data-end=\"3817\">Code pi\u00e8ce :<\/strong> 0039902311<br data-start=\"3828\" data-end=\"3831\" \/><strong data-start=\"3831\" data-end=\"3845\">Mat\u00e9riau :<\/strong> Caoutchouc de haute qualit\u00e9 et corps m\u00e9tallique durable<br data-start=\"3901\" data-end=\"3904\" \/><strong data-start=\"3904\" data-end=\"3930\">Domaine d\u2019utilisation:<\/strong> Roue de roulement pour chariots \u00e9l\u00e9vateurs et \u00e9quipements industriels<br data-start=\"4000\" data-end=\"4003\" \/><strong data-start=\"4003\" data-end=\"4016\">Avantage:<\/strong> Haute r\u00e9sistance \u00e0 l\u2019usure, fonctionnement silencieux, longue dur\u00e9e de vie et performance stable<\/p>\n<p data-start=\"4117\" data-end=\"4626\">\n","protected":false},"featured_media":11310,"template":"","meta":[],"product_brand":[],"product_cat":[246,249,401,404,193],"product_tag":[],"class_list":{"0":"post-11309","1":"product","2":"type-product","3":"status-publish","4":"has-post-thumbnail","6":"product_cat-linde","7":"product_cat-yuruyus-tekeri-linde","8":"product_cat-wicke","9":"product_cat-yuruyus-tekeri-wicke","10":"product_cat-yuruyus-tekeri","12":"first","13":"instock","14":"taxable","15":"shipping-taxable","16":"purchasable","17":"product-type-simple"},"_links":{"self":[{"href":"https:\/\/ceoparts.com\/fr\/wp-json\/wp\/v2\/product\/11309","targetHints":{"allow":["GET"]}}],"collection":[{"href":"https:\/\/ceoparts.com\/fr\/wp-json\/wp\/v2\/product"}],"about":[{"href":"https:\/\/ceoparts.com\/fr\/wp-json\/wp\/v2\/types\/product"}],"wp:featuredmedia":[{"embeddable":true,"href":"https:\/\/ceoparts.com\/fr\/wp-json\/wp\/v2\/media\/11310"}],"wp:attachment":[{"href":"https:\/\/ceoparts.com\/fr\/wp-json\/wp\/v2\/media?parent=11309"}],"wp:term":[{"taxonomy":"product_brand","embeddable":true,"href":"https:\/\/ceoparts.com\/fr\/wp-json\/wp\/v2\/product_brand?post=11309"},{"taxonomy":"product_cat","embeddable":true,"href":"https:\/\/ceoparts.com\/fr\/wp-json\/wp\/v2\/product_cat?post=11309"},{"taxonomy":"product_tag","embeddable":true,"href":"https:\/\/ceoparts.com\/fr\/wp-json\/wp\/v2\/product_tag?post=11309"}],"curies":[{"name":"wp","href":"https:\/\/api.w.org\/{rel}","templated":true}]}}