{"id":11338,"date":"2024-10-11T11:10:15","date_gmt":"2024-10-11T08:10:15","guid":{"rendered":"https:\/\/ceoparts.com\/?post_type=product&#038;p=11338"},"modified":"2026-05-16T21:10:48","modified_gmt":"2026-05-16T18:10:48","slug":"350x140-90-vulkoprin-vulkolan-havsali-yuruyus-tekeri-7594123","status":"publish","type":"product","link":"https:\/\/ceoparts.com\/fr\/urun\/350x140-90-vulkoprin-vulkolan-havsali-yuruyus-tekeri-7594123\/","title":{"rendered":"350&#215;140-90 Vulkoprin Vulkollan T\u00eate frais\u00e9e Roue de marche &#8211; 7594123"},"content":{"rendered":"<p>350&#215;140-90 Vulkoprin Vulkollan T\u00eate frais\u00e9e Roue de marche &#8211; 7594123<\/p>\n<p>BT Toyota OME, 8FBRE, RRE, FRE, VCE<\/p>","protected":false},"excerpt":{"rendered":"<p data-start=\"0\" data-end=\"477\"><br data-start=\"3580\" data-end=\"3583\" \/>350\u00d7140-90 Vulkoprin Vulkollan roue de roulement frais\u00e9e est une roue durable con\u00e7ue pour les chariots \u00e9l\u00e9vateurs et v\u00e9hicules de transport industriels. Avec un diam\u00e8tre de 350 mm, une largeur de 140 mm et un al\u00e9sage de 90 mm, elle poss\u00e8de un rev\u00eatement vulkollan de haute qualit\u00e9 fabriqu\u00e9 par Vulkoprin, offrant une excellente r\u00e9sistance \u00e0 l\u2019abrasion, aux produits chimiques et aux chocs. Son design frais\u00e9e permet une meilleure r\u00e9partition de la charge et une stabilit\u00e9 accrue, assurant une performance durable et silencieuse dans des conditions de travail difficiles.<\/p>\n<p data-start=\"4155\" data-end=\"4579\"><strong data-start=\"4155\" data-end=\"4177\">Caract\u00e9ristiques :<\/strong><br data-start=\"4177\" data-end=\"4180\" \/><strong data-start=\"4180\" data-end=\"4200\">Nom du produit :<\/strong> 350\u00d7140-90 Vulkoprin Vulkollan roue de roulement frais\u00e9e<br data-start=\"4257\" data-end=\"4260\" \/><strong data-start=\"4260\" data-end=\"4276\">Code pi\u00e8ce :<\/strong> 7594123<br data-start=\"4284\" data-end=\"4287\" \/><strong data-start=\"4287\" data-end=\"4301\">Mat\u00e9riau :<\/strong> Rev\u00eatement vulkollan durable et corps m\u00e9tallique robuste<br data-start=\"4358\" data-end=\"4361\" \/><strong data-start=\"4361\" data-end=\"4387\">Domaine d\u2019utilisation:<\/strong> Roue de roulement pour chariots \u00e9l\u00e9vateurs et v\u00e9hicules industriels<br data-start=\"4455\" data-end=\"4458\" \/><strong data-start=\"4458\" data-end=\"4471\">Avantage:<\/strong> Haute r\u00e9sistance \u00e0 l\u2019usure et aux chocs, durabilit\u00e9 chimique, stabilit\u00e9 am\u00e9lior\u00e9e gr\u00e2ce au design frais\u00e9e<\/p>\n<p data-start=\"4581\" data-end=\"5112\">\n","protected":false},"featured_media":11339,"template":"","meta":[],"product_brand":[],"product_cat":[429,521,529,251,254,427,193],"product_tag":[],"class_list":{"0":"post-11338","1":"product","2":"type-product","3":"status-publish","4":"has-post-thumbnail","6":"product_cat-yuruyus-tekeri-vulkoprin","7":"product_cat-toyota","8":"product_cat-yuruyus-tekeri-toyota","9":"product_cat-bt","10":"product_cat-yuruyus-tekeri-bt","11":"product_cat-vulkoprin","12":"product_cat-yuruyus-tekeri","14":"first","15":"instock","16":"taxable","17":"shipping-taxable","18":"purchasable","19":"product-type-simple"},"_links":{"self":[{"href":"https:\/\/ceoparts.com\/fr\/wp-json\/wp\/v2\/product\/11338","targetHints":{"allow":["GET"]}}],"collection":[{"href":"https:\/\/ceoparts.com\/fr\/wp-json\/wp\/v2\/product"}],"about":[{"href":"https:\/\/ceoparts.com\/fr\/wp-json\/wp\/v2\/types\/product"}],"wp:featuredmedia":[{"embeddable":true,"href":"https:\/\/ceoparts.com\/fr\/wp-json\/wp\/v2\/media\/11339"}],"wp:attachment":[{"href":"https:\/\/ceoparts.com\/fr\/wp-json\/wp\/v2\/media?parent=11338"}],"wp:term":[{"taxonomy":"product_brand","embeddable":true,"href":"https:\/\/ceoparts.com\/fr\/wp-json\/wp\/v2\/product_brand?post=11338"},{"taxonomy":"product_cat","embeddable":true,"href":"https:\/\/ceoparts.com\/fr\/wp-json\/wp\/v2\/product_cat?post=11338"},{"taxonomy":"product_tag","embeddable":true,"href":"https:\/\/ceoparts.com\/fr\/wp-json\/wp\/v2\/product_tag?post=11338"}],"curies":[{"name":"wp","href":"https:\/\/api.w.org\/{rel}","templated":true}]}}