{"id":11388,"date":"2024-10-14T14:30:27","date_gmt":"2024-10-14T11:30:27","guid":{"rendered":"https:\/\/ceoparts.com\/?post_type=product&#038;p=11388"},"modified":"2026-05-16T18:10:28","modified_gmt":"2026-05-16T15:10:28","slug":"80x60-20-demir-ustu-poliuretan-yuk-tekeri","status":"publish","type":"product","link":"https:\/\/ceoparts.com\/fr\/urun\/80x60-20-demir-ustu-poliuretan-yuk-tekeri\/","title":{"rendered":"\u041f\u043e\u043b\u0438\u0443\u0440\u0435\u0442\u0430\u043d\u043e\u0432\u043e\u0435 \u043a\u043e\u043b\u0435\u0441\u043e \u0434\u043b\u044f \u0440\u043e\u043a\u043b\u044b 80&#215;60-20"},"content":{"rendered":"<p>\u041f\u043e\u043b\u0438\u0443\u0440\u0435\u0442\u0430\u043d\u043e\u0432\u043e\u0435 \u043a\u043e\u043b\u0435\u0441\u043e \u0434\u043b\u044f \u0440\u043e\u043a\u043b\u044b 80&#215;60-20<\/p>\n<p>\u041f\u043e\u043b\u0438\u0443\u0440\u0435\u0442\u0430\u043d\u043e\u0432\u043e\u0435 \u043a\u043e\u043b\u0435\u0441\u043e \u0434\u043b\u044f \u0440\u043e\u043a\u043b\u044b 80&#215;60-20<\/p>\n<p><\/p>","protected":false},"excerpt":{"rendered":"<p data-start=\"93\" data-end=\"563\"><br data-start=\"3318\" data-end=\"3321\" \/>Roue de charge 80\u00d760-20 en polyur\u00e9thane sur fer est une roue robuste et r\u00e9sistante con\u00e7ue pour les chariots \u00e9l\u00e9vateurs et \u00e9quipements de manutention. Avec un diam\u00e8tre de 80 mm, une largeur de 60 mm et un al\u00e9sage de 20 mm, elle offre une grande r\u00e9sistance aux chocs et aux d\u00e9formations gr\u00e2ce \u00e0 son corps en fer. Le rev\u00eatement en polyur\u00e9thane r\u00e9sistant \u00e0 l\u2019usure assure un fonctionnement silencieux et une utilisation durable et sans souci dans les zones de stockage et de logistique.<\/p>\n<p data-start=\"3805\" data-end=\"4224\"><strong data-start=\"3805\" data-end=\"3827\">Caract\u00e9ristiques :<\/strong><br data-start=\"3827\" data-end=\"3830\" \/><strong data-start=\"3830\" data-end=\"3850\">Nom du produit :<\/strong> Roue de charge 80\u00d760-20 en polyur\u00e9thane sur fer<br data-start=\"3898\" data-end=\"3901\" \/><strong data-start=\"3901\" data-end=\"3917\">Code pi\u00e8ce :<\/strong> Non sp\u00e9cifi\u00e9<br data-start=\"3930\" data-end=\"3933\" \/><strong data-start=\"3933\" data-end=\"3947\">Mat\u00e9riau :<\/strong> Rev\u00eatement en polyur\u00e9thane r\u00e9sistant \u00e0 l\u2019usure et corps en fer<br data-start=\"4010\" data-end=\"4013\" \/><strong data-start=\"4013\" data-end=\"4039\">Domaine d\u2019utilisation:<\/strong> Roue de charge pour chariots \u00e9l\u00e9vateurs et \u00e9quipements de manutention<br data-start=\"4109\" data-end=\"4112\" \/><strong data-start=\"4112\" data-end=\"4125\">Avantage:<\/strong> Haute capacit\u00e9 de charge, r\u00e9sistance aux chocs et \u00e0 l\u2019usure, fonctionnement silencieux et stable<\/p>\n<p data-start=\"4226\" data-end=\"4669\">\n","protected":false},"featured_media":11391,"template":"","meta":[],"product_brand":[],"product_cat":[398,539,540],"product_tag":[],"class_list":{"0":"post-11388","1":"product","2":"type-product","3":"status-publish","4":"has-post-thumbnail","6":"product_cat-catal-tekeri-ceo","7":"product_cat-transpalet-tekeri","8":"product_cat-poliuretan-transpalet-tekeri","10":"first","11":"instock","12":"taxable","13":"shipping-taxable","14":"purchasable","15":"product-type-simple"},"_links":{"self":[{"href":"https:\/\/ceoparts.com\/fr\/wp-json\/wp\/v2\/product\/11388","targetHints":{"allow":["GET"]}}],"collection":[{"href":"https:\/\/ceoparts.com\/fr\/wp-json\/wp\/v2\/product"}],"about":[{"href":"https:\/\/ceoparts.com\/fr\/wp-json\/wp\/v2\/types\/product"}],"wp:featuredmedia":[{"embeddable":true,"href":"https:\/\/ceoparts.com\/fr\/wp-json\/wp\/v2\/media\/11391"}],"wp:attachment":[{"href":"https:\/\/ceoparts.com\/fr\/wp-json\/wp\/v2\/media?parent=11388"}],"wp:term":[{"taxonomy":"product_brand","embeddable":true,"href":"https:\/\/ceoparts.com\/fr\/wp-json\/wp\/v2\/product_brand?post=11388"},{"taxonomy":"product_cat","embeddable":true,"href":"https:\/\/ceoparts.com\/fr\/wp-json\/wp\/v2\/product_cat?post=11388"},{"taxonomy":"product_tag","embeddable":true,"href":"https:\/\/ceoparts.com\/fr\/wp-json\/wp\/v2\/product_tag?post=11388"}],"curies":[{"name":"wp","href":"https:\/\/api.w.org\/{rel}","templated":true}]}}