{"id":11401,"date":"2024-10-14T15:19:52","date_gmt":"2024-10-14T12:19:52","guid":{"rendered":"https:\/\/ceoparts.com\/?post_type=product&#038;p=11401"},"modified":"2026-05-16T21:10:48","modified_gmt":"2026-05-16T18:10:48","slug":"80x70-20-beyaz-transpalet-tekerlegi","status":"publish","type":"product","link":"https:\/\/ceoparts.com\/fr\/urun\/80x70-20-beyaz-transpalet-tekerlegi\/","title":{"rendered":"80&#215;70-20 Roue de transpalette en polyamide blanche &#8211; 51590760"},"content":{"rendered":"<p>80&#215;70-20 Roue de transpalette en polyamide blanche &#8211; 51590760<\/p>\n<p>80&#215;70-20 Roue de transpalette en polyamide blanche &#8211; 51590760<\/p>\n<p>80&#215;70-20 Roue de transpalette en polyamide blanche<\/p>","protected":false},"excerpt":{"rendered":"<p data-start=\"2240\" data-end=\"2417\">Cette roue en polyamide blanc (80&#215;70 mm) est con\u00e7ue pour r\u00e9sister \u00e0 des charges lourdes. L\u2019al\u00e9sage de 20 mm la rend compatible avec de nombreux mod\u00e8les de transpalettes manuels.<\/p>\n<p data-start=\"2419\" data-end=\"2453\"><strong data-start=\"2419\" data-end=\"2453\">Caract\u00e9ristiques principales :<\/strong><\/p>\n<ul data-start=\"2454\" data-end=\"2813\">\n<li data-start=\"2454\" data-end=\"2505\">\n<p data-start=\"2456\" data-end=\"2505\"><strong data-start=\"2456\" data-end=\"2470\">Mat\u00e9riau :<\/strong> Polyamide blanc haute r\u00e9sistance<\/p>\n<\/li>\n<li data-start=\"2506\" data-end=\"2560\">\n<p data-start=\"2508\" data-end=\"2560\"><strong data-start=\"2508\" data-end=\"2524\">Dimensions :<\/strong> Diam\u00e8tre : 80 mm, Largeur : 70 mm<\/p>\n<\/li>\n<li data-start=\"2561\" data-end=\"2584\">\n<p data-start=\"2563\" data-end=\"2584\"><strong data-start=\"2563\" data-end=\"2576\">Al\u00e9sage :<\/strong> 20 mm<\/p>\n<\/li>\n<li data-start=\"2585\" data-end=\"2675\">\n<p data-start=\"2587\" data-end=\"2675\"><strong data-start=\"2587\" data-end=\"2605\">Applications :<\/strong> Transpalettes manuels, \u00e9quipements d\u2019entrep\u00f4t, syst\u00e8mes logistiques<\/p>\n<\/li>\n<li data-start=\"2676\" data-end=\"2734\">\n<p data-start=\"2678\" data-end=\"2734\"><strong data-start=\"2678\" data-end=\"2704\">R\u00e9sistante \u00e0 l\u2019usure :<\/strong> Parfaite pour les sols durs<\/p>\n<\/li>\n<li data-start=\"2735\" data-end=\"2813\">\n<p data-start=\"2737\" data-end=\"2813\"><strong data-start=\"2737\" data-end=\"2764\">Fonctionnement fluide :<\/strong> Faible frottement pour un d\u00e9placement silencieux<\/p>\n<\/li>\n<\/ul>\n","protected":false},"featured_media":11404,"template":"","meta":[],"product_brand":[],"product_cat":[539,506,541],"product_tag":[],"class_list":{"0":"post-11401","1":"product","2":"type-product","3":"status-publish","4":"has-post-thumbnail","6":"product_cat-transpalet-tekeri","7":"product_cat-tekerler-mekanizmalar","8":"product_cat-poliamid-transpalet-tekeri","10":"first","11":"instock","12":"taxable","13":"shipping-taxable","14":"purchasable","15":"product-type-simple"},"_links":{"self":[{"href":"https:\/\/ceoparts.com\/fr\/wp-json\/wp\/v2\/product\/11401","targetHints":{"allow":["GET"]}}],"collection":[{"href":"https:\/\/ceoparts.com\/fr\/wp-json\/wp\/v2\/product"}],"about":[{"href":"https:\/\/ceoparts.com\/fr\/wp-json\/wp\/v2\/types\/product"}],"wp:featuredmedia":[{"embeddable":true,"href":"https:\/\/ceoparts.com\/fr\/wp-json\/wp\/v2\/media\/11404"}],"wp:attachment":[{"href":"https:\/\/ceoparts.com\/fr\/wp-json\/wp\/v2\/media?parent=11401"}],"wp:term":[{"taxonomy":"product_brand","embeddable":true,"href":"https:\/\/ceoparts.com\/fr\/wp-json\/wp\/v2\/product_brand?post=11401"},{"taxonomy":"product_cat","embeddable":true,"href":"https:\/\/ceoparts.com\/fr\/wp-json\/wp\/v2\/product_cat?post=11401"},{"taxonomy":"product_tag","embeddable":true,"href":"https:\/\/ceoparts.com\/fr\/wp-json\/wp\/v2\/product_tag?post=11401"}],"curies":[{"name":"wp","href":"https:\/\/api.w.org\/{rel}","templated":true}]}}