{"id":11407,"date":"2024-10-15T16:00:51","date_gmt":"2024-10-15T13:00:51","guid":{"rendered":"https:\/\/ceoparts.com\/?post_type=product&#038;p=11407"},"modified":"2026-05-16T06:17:20","modified_gmt":"2026-05-16T03:17:20","slug":"85x65-70-17-rota-yuk-tekeri-1531785-580038706","status":"publish","type":"product","link":"https:\/\/ceoparts.com\/fr\/urun\/85x65-70-17-rota-yuk-tekeri-1531785-580038706\/","title":{"rendered":"85X65\/70-17 Tellure Rota Roulettes Charge &#8211; 1531785 \/ 580038706"},"content":{"rendered":"<p>85X65\/70-17 Tellure Rota Roulettes Charge &#8211; 1531785 \/ 580038706<\/p>","protected":false},"excerpt":{"rendered":"<p data-start=\"109\" data-end=\"569\"><br data-start=\"3141\" data-end=\"3144\" \/>Roue de charge 85\u00d765\/70-17 Tellure Rota est une roue robuste et de qualit\u00e9 pour chariots \u00e9l\u00e9vateurs et \u00e9quipements de stockage. Avec un diam\u00e8tre de 85 mm, une largeur de 65 mm, un logement de roulement de 70 mm et un al\u00e9sage de 17 mm, elle offre une capacit\u00e9 de charge \u00e9lev\u00e9e et un d\u00e9placement stable. Fabriqu\u00e9e selon les standards Tellure Rota, elle assure une longue dur\u00e9e de vie gr\u00e2ce \u00e0 son rev\u00eatement en polyur\u00e9thane r\u00e9sistant \u00e0 l\u2019usure et son corps en acier.<\/p>\n<p data-start=\"3609\" data-end=\"3996\"><strong data-start=\"3609\" data-end=\"3631\">Caract\u00e9ristiques :<\/strong><br data-start=\"3631\" data-end=\"3634\" \/><strong data-start=\"3634\" data-end=\"3654\">Nom du produit :<\/strong> Roue de charge 85\u00d765\/70-17 Tellure Rota<br data-start=\"3694\" data-end=\"3697\" \/><strong data-start=\"3697\" data-end=\"3713\">Code pi\u00e8ce :<\/strong> 1531785 \/ 580038706<br data-start=\"3733\" data-end=\"3736\" \/><strong data-start=\"3736\" data-end=\"3750\">Mat\u00e9riau :<\/strong> Polyur\u00e9thane r\u00e9sistant \u00e0 l\u2019usure et corps en acier<br data-start=\"3801\" data-end=\"3804\" \/><strong data-start=\"3804\" data-end=\"3830\">Domaine d\u2019utilisation:<\/strong> Roue de charge pour chariots \u00e9l\u00e9vateurs et \u00e9quipements de stockage<br data-start=\"3897\" data-end=\"3900\" \/><strong data-start=\"3900\" data-end=\"3913\">Avantage:<\/strong> Capacit\u00e9 de charge \u00e9lev\u00e9e, d\u00e9placement stable et silencieux, longue dur\u00e9e de vie<\/p>\n<p data-start=\"3998\" data-end=\"4431\">\n","protected":false},"featured_media":11408,"template":"","meta":[],"product_brand":[],"product_cat":[400,412,430],"product_tag":[],"class_list":{"0":"post-11407","1":"product","2":"type-product","3":"status-publish","4":"has-post-thumbnail","6":"product_cat-catal-tekeri","7":"product_cat-tellure-rota","8":"product_cat-catal-tekeri-rota","10":"first","11":"instock","12":"taxable","13":"shipping-taxable","14":"purchasable","15":"product-type-simple"},"_links":{"self":[{"href":"https:\/\/ceoparts.com\/fr\/wp-json\/wp\/v2\/product\/11407","targetHints":{"allow":["GET"]}}],"collection":[{"href":"https:\/\/ceoparts.com\/fr\/wp-json\/wp\/v2\/product"}],"about":[{"href":"https:\/\/ceoparts.com\/fr\/wp-json\/wp\/v2\/types\/product"}],"wp:featuredmedia":[{"embeddable":true,"href":"https:\/\/ceoparts.com\/fr\/wp-json\/wp\/v2\/media\/11408"}],"wp:attachment":[{"href":"https:\/\/ceoparts.com\/fr\/wp-json\/wp\/v2\/media?parent=11407"}],"wp:term":[{"taxonomy":"product_brand","embeddable":true,"href":"https:\/\/ceoparts.com\/fr\/wp-json\/wp\/v2\/product_brand?post=11407"},{"taxonomy":"product_cat","embeddable":true,"href":"https:\/\/ceoparts.com\/fr\/wp-json\/wp\/v2\/product_cat?post=11407"},{"taxonomy":"product_tag","embeddable":true,"href":"https:\/\/ceoparts.com\/fr\/wp-json\/wp\/v2\/product_tag?post=11407"}],"curies":[{"name":"wp","href":"https:\/\/api.w.org\/{rel}","templated":true}]}}