{"id":11411,"date":"2024-10-15T16:22:29","date_gmt":"2024-10-15T13:22:29","guid":{"rendered":"https:\/\/ceoparts.com\/?post_type=product&#038;p=11411"},"modified":"2026-05-16T03:49:07","modified_gmt":"2026-05-16T00:49:07","slug":"75x50-50-20-ceoparts-yuk-tekeri","status":"publish","type":"product","link":"https:\/\/ceoparts.com\/fr\/urun\/75x50-50-20-ceoparts-yuk-tekeri\/","title":{"rendered":"75&#215;50\/50-20 Ceoparts Roulettes Charge"},"content":{"rendered":"<p>75&#215;50\/50-20 Ceoparts Roulettes Charge<\/p>","protected":false},"excerpt":{"rendered":"<p data-start=\"91\" data-end=\"513\"><br data-start=\"3102\" data-end=\"3105\" \/>Roue stabilisatrice 75\u00d750\/50-20 Ceoparts est une roue de qualit\u00e9 et durable utilis\u00e9e sur les chariots \u00e9l\u00e9vateurs et \u00e9quipements de stockage pour am\u00e9liorer la stabilit\u00e9 et la maniabilit\u00e9. Avec un diam\u00e8tre de 75 mm, une largeur de 50 mm et un al\u00e9sage de 20 mm, elle garantit un d\u00e9placement fluide et silencieux dans les espaces \u00e9troits et fr\u00e9quent\u00e9s. Son rev\u00eatement en polyur\u00e9thane r\u00e9sistant \u00e0 l\u2019usure assure des performances constantes m\u00eame en usage intensif.<\/p>\n<p data-start=\"3565\" data-end=\"3955\"><strong data-start=\"3565\" data-end=\"3587\">Caract\u00e9ristiques :<\/strong><br data-start=\"3587\" data-end=\"3590\" \/><strong data-start=\"3590\" data-end=\"3610\">Nom du produit :<\/strong> Roue stabilisatrice 75\u00d750\/50-20 Ceoparts<br data-start=\"3651\" data-end=\"3654\" \/><strong data-start=\"3654\" data-end=\"3670\">Code pi\u00e8ce :<\/strong> Non sp\u00e9cifi\u00e9<br data-start=\"3683\" data-end=\"3686\" \/><strong data-start=\"3686\" data-end=\"3700\">Mat\u00e9riau :<\/strong> Polyur\u00e9thane r\u00e9sistant \u00e0 l\u2019usure et corps en acier<br data-start=\"3751\" data-end=\"3754\" \/><strong data-start=\"3754\" data-end=\"3780\">Domaine d\u2019utilisation:<\/strong> Roue stabilisatrice pour chariots \u00e9l\u00e9vateurs et \u00e9quipements de stockage<br data-start=\"3852\" data-end=\"3855\" \/><strong data-start=\"3855\" data-end=\"3868\">Avantage:<\/strong> Fonctionnement silencieux et stable, haute r\u00e9sistance \u00e0 l\u2019usure, longue dur\u00e9e de vie<\/p>\n<p data-start=\"3957\" data-end=\"4399\">\n","protected":false},"featured_media":11427,"template":"","meta":[],"product_brand":[],"product_cat":[395,396,185],"product_tag":[],"class_list":{"0":"post-11411","1":"product","2":"type-product","3":"status-publish","4":"has-post-thumbnail","6":"product_cat-ceoparts","7":"product_cat-denge-tekeri-ceo","8":"product_cat-denge-tekeri","10":"first","11":"instock","12":"taxable","13":"shipping-taxable","14":"purchasable","15":"product-type-simple"},"_links":{"self":[{"href":"https:\/\/ceoparts.com\/fr\/wp-json\/wp\/v2\/product\/11411","targetHints":{"allow":["GET"]}}],"collection":[{"href":"https:\/\/ceoparts.com\/fr\/wp-json\/wp\/v2\/product"}],"about":[{"href":"https:\/\/ceoparts.com\/fr\/wp-json\/wp\/v2\/types\/product"}],"wp:featuredmedia":[{"embeddable":true,"href":"https:\/\/ceoparts.com\/fr\/wp-json\/wp\/v2\/media\/11427"}],"wp:attachment":[{"href":"https:\/\/ceoparts.com\/fr\/wp-json\/wp\/v2\/media?parent=11411"}],"wp:term":[{"taxonomy":"product_brand","embeddable":true,"href":"https:\/\/ceoparts.com\/fr\/wp-json\/wp\/v2\/product_brand?post=11411"},{"taxonomy":"product_cat","embeddable":true,"href":"https:\/\/ceoparts.com\/fr\/wp-json\/wp\/v2\/product_cat?post=11411"},{"taxonomy":"product_tag","embeddable":true,"href":"https:\/\/ceoparts.com\/fr\/wp-json\/wp\/v2\/product_tag?post=11411"}],"curies":[{"name":"wp","href":"https:\/\/api.w.org\/{rel}","templated":true}]}}