{"id":11421,"date":"2024-10-15T17:12:38","date_gmt":"2024-10-15T14:12:38","guid":{"rendered":"https:\/\/ceoparts.com\/?post_type=product&#038;p=11421"},"modified":"2026-05-16T03:49:23","modified_gmt":"2026-05-16T00:49:23","slug":"75x30-30-17-ceoparts-denge-tekeri-kopya","status":"publish","type":"product","link":"https:\/\/ceoparts.com\/fr\/urun\/75x30-30-17-ceoparts-denge-tekeri-kopya\/","title":{"rendered":"80&#215;30-17,5 Ceoparts Roues D&#8217;\u00e9quilibre"},"content":{"rendered":"<p>80&#215;30-17,5 Ceoparts Roues D&#8217;\u00e9quilibre<\/p>","protected":false},"excerpt":{"rendered":"<p data-start=\"99\" data-end=\"538\"><br data-start=\"3196\" data-end=\"3199\" \/>Roue stabilisatrice 80\u00d730-17,5 Ceoparts est une roue de qualit\u00e9 et durable utilis\u00e9e sur les chariots \u00e9l\u00e9vateurs et \u00e9quipements de stockage pour am\u00e9liorer la stabilit\u00e9 et la maniabilit\u00e9. Avec un diam\u00e8tre de 80 mm, une largeur de 30 mm et un al\u00e9sage de 17,5 mm, elle assure un d\u00e9placement \u00e9quilibr\u00e9 et sans vibrations dans les espaces restreints. Fabriqu\u00e9e avec du polyur\u00e9thane de haute qualit\u00e9 Ceoparts, elle garantit une excellente r\u00e9sistance \u00e0 l\u2019usure et une longue dur\u00e9e de vie.<\/p>\n<p data-start=\"3681\" data-end=\"4062\"><strong data-start=\"3681\" data-end=\"3703\">Caract\u00e9ristiques :<\/strong><br data-start=\"3703\" data-end=\"3706\" \/><strong data-start=\"3706\" data-end=\"3726\">Nom du produit :<\/strong> Roue stabilisatrice 80\u00d730-17,5 Ceoparts<br data-start=\"3766\" data-end=\"3769\" \/><strong data-start=\"3769\" data-end=\"3785\">Code pi\u00e8ce :<\/strong> Non sp\u00e9cifi\u00e9<br data-start=\"3798\" data-end=\"3801\" \/><strong data-start=\"3801\" data-end=\"3815\">Mat\u00e9riau :<\/strong> Polyur\u00e9thane r\u00e9sistant \u00e0 l\u2019usure et corps en acier<br data-start=\"3866\" data-end=\"3869\" \/><strong data-start=\"3869\" data-end=\"3895\">Domaine d\u2019utilisation:<\/strong> Roue stabilisatrice pour chariots \u00e9l\u00e9vateurs et \u00e9quipements de stockage<br data-start=\"3967\" data-end=\"3970\" \/><strong data-start=\"3970\" data-end=\"3983\">Avantage:<\/strong> D\u00e9placement sans vibrations, longue dur\u00e9e de vie, haute r\u00e9sistance \u00e0 l\u2019usure<\/p>\n<p data-start=\"4064\" data-end=\"4507\">\n","protected":false},"featured_media":16469,"template":"","meta":[],"product_brand":[],"product_cat":[395,396,185],"product_tag":[],"class_list":{"0":"post-11421","1":"product","2":"type-product","3":"status-publish","4":"has-post-thumbnail","6":"product_cat-ceoparts","7":"product_cat-denge-tekeri-ceo","8":"product_cat-denge-tekeri","10":"first","11":"instock","12":"taxable","13":"shipping-taxable","14":"purchasable","15":"product-type-simple"},"_links":{"self":[{"href":"https:\/\/ceoparts.com\/fr\/wp-json\/wp\/v2\/product\/11421","targetHints":{"allow":["GET"]}}],"collection":[{"href":"https:\/\/ceoparts.com\/fr\/wp-json\/wp\/v2\/product"}],"about":[{"href":"https:\/\/ceoparts.com\/fr\/wp-json\/wp\/v2\/types\/product"}],"wp:featuredmedia":[{"embeddable":true,"href":"https:\/\/ceoparts.com\/fr\/wp-json\/wp\/v2\/media\/16469"}],"wp:attachment":[{"href":"https:\/\/ceoparts.com\/fr\/wp-json\/wp\/v2\/media?parent=11421"}],"wp:term":[{"taxonomy":"product_brand","embeddable":true,"href":"https:\/\/ceoparts.com\/fr\/wp-json\/wp\/v2\/product_brand?post=11421"},{"taxonomy":"product_cat","embeddable":true,"href":"https:\/\/ceoparts.com\/fr\/wp-json\/wp\/v2\/product_cat?post=11421"},{"taxonomy":"product_tag","embeddable":true,"href":"https:\/\/ceoparts.com\/fr\/wp-json\/wp\/v2\/product_tag?post=11421"}],"curies":[{"name":"wp","href":"https:\/\/api.w.org\/{rel}","templated":true}]}}