{"id":11460,"date":"2024-10-16T11:52:20","date_gmt":"2024-10-16T08:52:20","guid":{"rendered":"https:\/\/ceoparts.com\/?post_type=product&#038;p=11460"},"modified":"2026-05-16T10:58:44","modified_gmt":"2026-05-16T07:58:44","slug":"285x100-stellana-yuk-tekeri-0029903807-0009903910","status":"publish","type":"product","link":"https:\/\/ceoparts.com\/fr\/urun\/285x100-stellana-yuk-tekeri-0029903807-0009903910\/","title":{"rendered":"285&#215;100 Stellana Roulettes charge &#8211; 0029903807 \/ 0009903910"},"content":{"rendered":"<p>285&#215;100 Stellana Roulettes charge &#8211; 0029903807 \/ 0009903910<\/p>\n<p>Linde 285&#215;100\u00a0 0029902329, 0029903807<\/p>\n<p>Linde R10\/12\/14 Seria 115 C,<\/p>\n<p>Linde R14\/16\/20 Seria 115-02,<\/p>\n<p>Linde R14\/16\/20 Seria 113<\/p>","protected":false},"excerpt":{"rendered":"<p data-start=\"0\" data-end=\"404\"><br data-start=\"2873\" data-end=\"2876\" \/>Roue de charge 285\u00d7100 Stellana est une roue de charge de haute qualit\u00e9 utilis\u00e9e sur les chariots \u00e9l\u00e9vateurs et gerbeurs, offrant une capacit\u00e9 de charge \u00e9lev\u00e9e. D\u2019un diam\u00e8tre de 285 mm et d\u2019une largeur de 100 mm, elle est fabriqu\u00e9e avec le m\u00e9lange de caoutchouc sp\u00e9cial Stellana, garantissant une r\u00e9sistance maximale aux chocs et \u00e0 l\u2019usure. Sa structure droite et \u00e9quilibr\u00e9e assure une utilisation en toute s\u00e9curit\u00e9 \u00e0 grande vitesse et sous forte charge.<\/p>\n<p data-start=\"3332\" data-end=\"3682\"><strong data-start=\"3332\" data-end=\"3354\">Caract\u00e9ristiques :<\/strong><br data-start=\"3354\" data-end=\"3357\" \/><strong data-start=\"3357\" data-end=\"3377\">Nom du produit :<\/strong> Roue de charge 285\u00d7100 Stellana<br data-start=\"3409\" data-end=\"3412\" \/><strong data-start=\"3412\" data-end=\"3428\">Code pi\u00e8ce :<\/strong> 0029903807, 0009903910<br data-start=\"3451\" data-end=\"3454\" \/><strong data-start=\"3454\" data-end=\"3468\">Mat\u00e9riau :<\/strong> Caoutchouc sp\u00e9cial Stellana et corps en acier<br data-start=\"3514\" data-end=\"3517\" \/><strong data-start=\"3517\" data-end=\"3543\">Domaine d\u2019utilisation:<\/strong> Roue de charge pour chariots \u00e9l\u00e9vateurs et gerbeurs<br data-start=\"3595\" data-end=\"3598\" \/><strong data-start=\"3598\" data-end=\"3611\">Avantage:<\/strong> R\u00e9sistante \u00e0 l\u2019usure, grande capacit\u00e9 de charge, longue dur\u00e9e de vie<\/p>\n<p data-start=\"3684\" data-end=\"4088\">\n","protected":false},"featured_media":11462,"template":"","meta":[],"product_brand":[],"product_cat":[246,250,416,419,194],"product_tag":[],"class_list":{"0":"post-11460","1":"product","2":"type-product","3":"status-publish","4":"has-post-thumbnail","6":"product_cat-linde","7":"product_cat-yuk-tekeri-linde","8":"product_cat-stellana","9":"product_cat-yuk-tekeri-stellana","10":"product_cat-yuk-tekeri","12":"first","13":"instock","14":"taxable","15":"shipping-taxable","16":"purchasable","17":"product-type-simple"},"_links":{"self":[{"href":"https:\/\/ceoparts.com\/fr\/wp-json\/wp\/v2\/product\/11460","targetHints":{"allow":["GET"]}}],"collection":[{"href":"https:\/\/ceoparts.com\/fr\/wp-json\/wp\/v2\/product"}],"about":[{"href":"https:\/\/ceoparts.com\/fr\/wp-json\/wp\/v2\/types\/product"}],"wp:featuredmedia":[{"embeddable":true,"href":"https:\/\/ceoparts.com\/fr\/wp-json\/wp\/v2\/media\/11462"}],"wp:attachment":[{"href":"https:\/\/ceoparts.com\/fr\/wp-json\/wp\/v2\/media?parent=11460"}],"wp:term":[{"taxonomy":"product_brand","embeddable":true,"href":"https:\/\/ceoparts.com\/fr\/wp-json\/wp\/v2\/product_brand?post=11460"},{"taxonomy":"product_cat","embeddable":true,"href":"https:\/\/ceoparts.com\/fr\/wp-json\/wp\/v2\/product_cat?post=11460"},{"taxonomy":"product_tag","embeddable":true,"href":"https:\/\/ceoparts.com\/fr\/wp-json\/wp\/v2\/product_tag?post=11460"}],"curies":[{"name":"wp","href":"https:\/\/api.w.org\/{rel}","templated":true}]}}