{"id":11466,"date":"2024-10-16T14:30:32","date_gmt":"2024-10-16T11:30:32","guid":{"rendered":"https:\/\/ceoparts.com\/?post_type=product&#038;p=11466"},"modified":"2026-05-16T17:29:35","modified_gmt":"2026-05-16T14:29:35","slug":"125x40-50-12-denge-tekeri","status":"publish","type":"product","link":"https:\/\/ceoparts.com\/fr\/urun\/125x40-50-12-denge-tekeri\/","title":{"rendered":"125&#215;40\/50-12 Roues D&#8217;\u00e9quilibre"},"content":{"rendered":"<p>125&#215;40\/50-12 Roues D&#8217;\u00e9quilibre<\/p>","protected":false},"excerpt":{"rendered":"<p data-start=\"0\" data-end=\"293\"><br data-start=\"2418\" data-end=\"2421\" \/>Roue stabilisatrice 125\u00d740\/50-12 est une roue durable et fiable utilis\u00e9e dans les chariots \u00e9l\u00e9vateurs et machines industrielles. Avec un diam\u00e8tre de 125 mm et une largeur de 40\/50 mm, cette roue am\u00e9liore la stabilit\u00e9 du chariot pour un fonctionnement s\u00e9curis\u00e9. Fabriqu\u00e9e avec des mat\u00e9riaux robustes pour une longue dur\u00e9e de vie.<\/p>\n<p data-start=\"2751\" data-end=\"3083\"><strong data-start=\"2751\" data-end=\"2773\">Caract\u00e9ristiques :<\/strong><br data-start=\"2773\" data-end=\"2776\" \/><strong data-start=\"2776\" data-end=\"2796\">Nom du produit :<\/strong> Roue stabilisatrice 125\u00d740\/50-12<br data-start=\"2829\" data-end=\"2832\" \/><strong data-start=\"2832\" data-end=\"2848\">Code pi\u00e8ce :<\/strong> Non sp\u00e9cifi\u00e9<br data-start=\"2861\" data-end=\"2864\" \/><strong data-start=\"2864\" data-end=\"2878\">Mat\u00e9riau :<\/strong> Caoutchouc durable et m\u00e9tal<br data-start=\"2906\" data-end=\"2909\" \/><strong data-start=\"2909\" data-end=\"2935\">Domaine d\u2019utilisation:<\/strong> Roue stabilisatrice pour chariots \u00e9l\u00e9vateurs et machines industrielles<br data-start=\"3006\" data-end=\"3009\" \/><strong data-start=\"3009\" data-end=\"3022\">Avantage:<\/strong> Haute durabilit\u00e9, assure la stabilit\u00e9, longue dur\u00e9e de vie<\/p>\n<p data-start=\"3085\" data-end=\"3396\">\n","protected":false},"featured_media":11472,"template":"","meta":[],"product_brand":[],"product_cat":[395,396,185],"product_tag":[],"class_list":{"0":"post-11466","1":"product","2":"type-product","3":"status-publish","4":"has-post-thumbnail","6":"product_cat-ceoparts","7":"product_cat-denge-tekeri-ceo","8":"product_cat-denge-tekeri","10":"first","11":"instock","12":"taxable","13":"shipping-taxable","14":"purchasable","15":"product-type-simple"},"_links":{"self":[{"href":"https:\/\/ceoparts.com\/fr\/wp-json\/wp\/v2\/product\/11466","targetHints":{"allow":["GET"]}}],"collection":[{"href":"https:\/\/ceoparts.com\/fr\/wp-json\/wp\/v2\/product"}],"about":[{"href":"https:\/\/ceoparts.com\/fr\/wp-json\/wp\/v2\/types\/product"}],"wp:featuredmedia":[{"embeddable":true,"href":"https:\/\/ceoparts.com\/fr\/wp-json\/wp\/v2\/media\/11472"}],"wp:attachment":[{"href":"https:\/\/ceoparts.com\/fr\/wp-json\/wp\/v2\/media?parent=11466"}],"wp:term":[{"taxonomy":"product_brand","embeddable":true,"href":"https:\/\/ceoparts.com\/fr\/wp-json\/wp\/v2\/product_brand?post=11466"},{"taxonomy":"product_cat","embeddable":true,"href":"https:\/\/ceoparts.com\/fr\/wp-json\/wp\/v2\/product_cat?post=11466"},{"taxonomy":"product_tag","embeddable":true,"href":"https:\/\/ceoparts.com\/fr\/wp-json\/wp\/v2\/product_tag?post=11466"}],"curies":[{"name":"wp","href":"https:\/\/api.w.org\/{rel}","templated":true}]}}