{"id":11500,"date":"2024-10-17T13:23:21","date_gmt":"2024-10-17T10:23:21","guid":{"rendered":"https:\/\/ceoparts.com\/?post_type=product&#038;p=11500"},"modified":"2026-05-16T12:52:42","modified_gmt":"2026-05-16T09:52:42","slug":"254x102-45-wicke-yuruyus-tekeri","status":"publish","type":"product","link":"https:\/\/ceoparts.com\/fr\/urun\/254x102-45-wicke-yuruyus-tekeri\/","title":{"rendered":"254&#215;102-45 Wicke Roue de marche &#8211; 0009934121"},"content":{"rendered":"<p>254&#215;102-45 Wicke Roue de marche &#8211; 0009934121<\/p>\n<p>Linde Still\u00a00009934121<\/p>\n<p>FXV 14N\/FXV 16N\u00a0 FXD20\u00a0FXV14 \/ FXV16 SXH 20\u00a0SXD 20\u00a0SXD 20 FXD20N\u00a0FXV14N \/ FXV16N\u00a0FXH20 \/ FXH25\u00a0FXV14 \/ FXV16<\/p>","protected":false},"excerpt":{"rendered":"<p data-start=\"0\" data-end=\"309\"><br data-start=\"2475\" data-end=\"2478\" \/>Roue motrice 254\u00d7102-45 Wicke est une roue durable et fiable utilis\u00e9e dans les chariots \u00e9l\u00e9vateurs et machines industrielles. Avec un diam\u00e8tre de 254 mm et une largeur de 102 mm, cette roue offre de hautes performances et une longue dur\u00e9e de vie dans des conditions de travail difficiles. Son mat\u00e9riau en caoutchouc de qualit\u00e9 garantit une surface antid\u00e9rapante.<\/p>\n<p data-start=\"2842\" data-end=\"3182\"><strong data-start=\"2842\" data-end=\"2864\">Caract\u00e9ristiques :<\/strong><br data-start=\"2864\" data-end=\"2867\" \/><strong data-start=\"2867\" data-end=\"2887\">Nom du produit :<\/strong> Roue motrice 254\u00d7102-45 Wicke<br data-start=\"2917\" data-end=\"2920\" \/><strong data-start=\"2920\" data-end=\"2936\">Code pi\u00e8ce :<\/strong> 0009934121<br data-start=\"2947\" data-end=\"2950\" \/><strong data-start=\"2950\" data-end=\"2964\">Mat\u00e9riau :<\/strong> Caoutchouc durable et construction m\u00e9tallique<br data-start=\"3010\" data-end=\"3013\" \/><strong data-start=\"3013\" data-end=\"3039\">Domaine d\u2019utilisation:<\/strong> Roue motrice pour chariots \u00e9l\u00e9vateurs et machines industrielles<br data-start=\"3103\" data-end=\"3106\" \/><strong data-start=\"3106\" data-end=\"3119\">Avantage:<\/strong> Surface antid\u00e9rapante, longue dur\u00e9e de vie, haute durabilit\u00e9<\/p>\n<p data-start=\"3184\" data-end=\"3519\">\n","protected":false},"featured_media":11501,"template":"","meta":[],"product_brand":[],"product_cat":[241,244,246,249,401,404,193],"product_tag":[],"class_list":{"0":"post-11500","1":"product","2":"type-product","3":"status-publish","4":"has-post-thumbnail","6":"product_cat-still","7":"product_cat-yuruyus-tekeri-still","8":"product_cat-linde","9":"product_cat-yuruyus-tekeri-linde","10":"product_cat-wicke","11":"product_cat-yuruyus-tekeri-wicke","12":"product_cat-yuruyus-tekeri","14":"first","15":"instock","16":"taxable","17":"shipping-taxable","18":"purchasable","19":"product-type-simple"},"_links":{"self":[{"href":"https:\/\/ceoparts.com\/fr\/wp-json\/wp\/v2\/product\/11500","targetHints":{"allow":["GET"]}}],"collection":[{"href":"https:\/\/ceoparts.com\/fr\/wp-json\/wp\/v2\/product"}],"about":[{"href":"https:\/\/ceoparts.com\/fr\/wp-json\/wp\/v2\/types\/product"}],"wp:featuredmedia":[{"embeddable":true,"href":"https:\/\/ceoparts.com\/fr\/wp-json\/wp\/v2\/media\/11501"}],"wp:attachment":[{"href":"https:\/\/ceoparts.com\/fr\/wp-json\/wp\/v2\/media?parent=11500"}],"wp:term":[{"taxonomy":"product_brand","embeddable":true,"href":"https:\/\/ceoparts.com\/fr\/wp-json\/wp\/v2\/product_brand?post=11500"},{"taxonomy":"product_cat","embeddable":true,"href":"https:\/\/ceoparts.com\/fr\/wp-json\/wp\/v2\/product_cat?post=11500"},{"taxonomy":"product_tag","embeddable":true,"href":"https:\/\/ceoparts.com\/fr\/wp-json\/wp\/v2\/product_tag?post=11500"}],"curies":[{"name":"wp","href":"https:\/\/api.w.org\/{rel}","templated":true}]}}