{"id":11543,"date":"2024-10-18T15:35:23","date_gmt":"2024-10-18T12:35:23","guid":{"rendered":"https:\/\/ceoparts.com\/?post_type=product&#038;p=11543"},"modified":"2026-05-16T13:15:32","modified_gmt":"2026-05-16T10:15:32","slug":"350x127-80-wicke-p-yuruyus-tekeri-162602-220403","status":"publish","type":"product","link":"https:\/\/ceoparts.com\/fr\/urun\/350x127-80-wicke-p-yuruyus-tekeri-162602-220403\/","title":{"rendered":"350&#215;127-80 Wicke Roue de marche &#8211; 162602 \/ 220403"},"content":{"rendered":"<p>350&#215;127-80 Wicke Roue de marche &#8211; 162602 \/ 220403<\/p>\n<p><\/p>\n<div class=\"font12\">C15 Vector<br \/>\nVCE 125ACSF<br \/>\nVCE 125ASF<br \/>\nVCE 150A<br \/>\nVCE 150AC<br \/>\nFR 2.7 FREFLAX AC<br \/>\nFRE 270<br \/>\nRR B4-B6 REFLEX AC<br \/>\nRR B4-B6 REFLEX DC<br \/>\nRR B4CC-6CC<br \/>\nRR B5-B6 REFLEX AC<br \/>\nRR B6<br \/>\nRR B7<br \/>\nRR B7-B8 REFLEX AC<br \/>\nRR B7-B8 REFLEX DC<br \/>\nRR B7CC-8CC<br \/>\nRR E4-E6 REFLEX AC<br \/>\nRR E4-E6 REFLEX DC<br \/>\nRR E4CC-E6CC<br \/>\nRR E5-E6 REFLEX AC<br \/>\nRR E6<br \/>\nRR E7<br \/>\nRR E7-E8 REFLEX AC<br \/>\nRR E7-E8 REFLEX DC<br \/>\nRR E7CC-E8CC<br \/>\nVR C<br \/>\nVR SF<br \/>\nVR SF C<br \/>\nVR VEFLEX<\/div>\n<div class=\"font12\"><\/div>\n<div class=\"font12\">RRE140\/E<br \/>\nRRE160\/E<br \/>\nRRE180\/E<br \/>\nRRE200\/E<br \/>\nRRE250\/<\/div>\n<p><\/p>","protected":false},"excerpt":{"rendered":"<p data-start=\"0\" data-end=\"301\"><br data-start=\"2476\" data-end=\"2479\" \/>Roue motrice 350\u00d7127-80 Wicke est une roue durable et performante utilis\u00e9e dans les chariots \u00e9l\u00e9vateurs et machines industrielles. Sa construction robuste et son mat\u00e9riau en caoutchouc de qualit\u00e9 garantissent une longue dur\u00e9e de vie. Avec un diam\u00e8tre de 350 mm et une largeur de 127 mm, elle offre un mouvement fiable dans des conditions de travail difficiles.<\/p>\n<p data-start=\"2841\" data-end=\"3182\"><strong data-start=\"2841\" data-end=\"2863\">Caract\u00e9ristiques :<\/strong><br data-start=\"2863\" data-end=\"2866\" \/><strong data-start=\"2866\" data-end=\"2886\">Nom du produit :<\/strong> Roue motrice 350\u00d7127-80 Wicke<br data-start=\"2916\" data-end=\"2919\" \/><strong data-start=\"2919\" data-end=\"2935\">Code pi\u00e8ce :<\/strong> 162602, 220403<br data-start=\"2950\" data-end=\"2953\" \/><strong data-start=\"2953\" data-end=\"2967\">Mat\u00e9riau :<\/strong> Caoutchouc durable et construction m\u00e9tallique<br data-start=\"3013\" data-end=\"3016\" \/><strong data-start=\"3016\" data-end=\"3042\">Domaine d\u2019utilisation:<\/strong> Roue motrice pour chariots \u00e9l\u00e9vateurs et machines industrielles<br data-start=\"3106\" data-end=\"3109\" \/><strong data-start=\"3109\" data-end=\"3122\">Avantage:<\/strong> Haute durabilit\u00e9, longue dur\u00e9e de vie, performance fiable<\/p>\n<p data-start=\"3184\" data-end=\"3521\">\n","protected":false},"featured_media":11544,"template":"","meta":[],"product_brand":[],"product_cat":[251,254,401,404,193],"product_tag":[],"class_list":{"0":"post-11543","1":"product","2":"type-product","3":"status-publish","4":"has-post-thumbnail","6":"product_cat-bt","7":"product_cat-yuruyus-tekeri-bt","8":"product_cat-wicke","9":"product_cat-yuruyus-tekeri-wicke","10":"product_cat-yuruyus-tekeri","12":"first","13":"instock","14":"taxable","15":"shipping-taxable","16":"purchasable","17":"product-type-simple"},"_links":{"self":[{"href":"https:\/\/ceoparts.com\/fr\/wp-json\/wp\/v2\/product\/11543","targetHints":{"allow":["GET"]}}],"collection":[{"href":"https:\/\/ceoparts.com\/fr\/wp-json\/wp\/v2\/product"}],"about":[{"href":"https:\/\/ceoparts.com\/fr\/wp-json\/wp\/v2\/types\/product"}],"wp:featuredmedia":[{"embeddable":true,"href":"https:\/\/ceoparts.com\/fr\/wp-json\/wp\/v2\/media\/11544"}],"wp:attachment":[{"href":"https:\/\/ceoparts.com\/fr\/wp-json\/wp\/v2\/media?parent=11543"}],"wp:term":[{"taxonomy":"product_brand","embeddable":true,"href":"https:\/\/ceoparts.com\/fr\/wp-json\/wp\/v2\/product_brand?post=11543"},{"taxonomy":"product_cat","embeddable":true,"href":"https:\/\/ceoparts.com\/fr\/wp-json\/wp\/v2\/product_cat?post=11543"},{"taxonomy":"product_tag","embeddable":true,"href":"https:\/\/ceoparts.com\/fr\/wp-json\/wp\/v2\/product_tag?post=11543"}],"curies":[{"name":"wp","href":"https:\/\/api.w.org\/{rel}","templated":true}]}}