{"id":11548,"date":"2024-10-18T17:10:44","date_gmt":"2024-10-18T14:10:44","guid":{"rendered":"https:\/\/ceoparts.com\/?post_type=product&#038;p=11548"},"modified":"2026-05-16T15:01:13","modified_gmt":"2026-05-16T12:01:13","slug":"285x100-wicke-konik-rulmanli-yuk-tekeri-0029902329","status":"publish","type":"product","link":"https:\/\/ceoparts.com\/fr\/urun\/285x100-wicke-konik-rulmanli-yuk-tekeri-0029902329\/","title":{"rendered":"285&#215;100 Wicke Roulettes charge &#8211; 0029902329"},"content":{"rendered":"<p>285&#215;100 Wicke Roulettes charge &#8211; 0029902329<\/p>\n<p>Linde 285&#215;100\u00a0 0029902329, 0029903807<\/p>\n<p>Linde R10\/12\/14 Seria 115 C,<\/p>\n<p>Linde R14\/16\/20 Seria 115-02,<\/p>\n<p>Linde R14\/16\/20 Seria 113<\/p>","protected":false},"excerpt":{"rendered":"<p data-start=\"0\" data-end=\"318\"><br data-start=\"2645\" data-end=\"2648\" \/>Roue de charge \u00e0 roulement conique 285\u00d7100 Wicke est une roue durable et performante utilis\u00e9e dans les chariots \u00e9l\u00e9vateurs et machines industrielles. Le syst\u00e8me de roulement conique offre une grande capacit\u00e9 de charge et une longue dur\u00e9e de vie. Avec un diam\u00e8tre de 285 mm et une largeur de 100 mm, elle assure des performances fiables dans des conditions de travail difficiles.<\/p>\n<p data-start=\"3028\" data-end=\"3405\"><strong data-start=\"3028\" data-end=\"3050\">Caract\u00e9ristiques :<\/strong><br data-start=\"3050\" data-end=\"3053\" \/><strong data-start=\"3053\" data-end=\"3073\">Nom du produit :<\/strong> Roue de charge \u00e0 roulement conique 285\u00d7100 Wicke<br data-start=\"3122\" data-end=\"3125\" \/><strong data-start=\"3125\" data-end=\"3141\">Code pi\u00e8ce :<\/strong> 0029902329<br data-start=\"3152\" data-end=\"3155\" \/><strong data-start=\"3155\" data-end=\"3169\">Mat\u00e9riau :<\/strong> Rev\u00eatement en caoutchouc durable et roulement conique<br data-start=\"3223\" data-end=\"3226\" \/><strong data-start=\"3226\" data-end=\"3252\">Domaine d\u2019utilisation:<\/strong> Roue de charge pour chariots \u00e9l\u00e9vateurs et machines industrielles<br data-start=\"3318\" data-end=\"3321\" \/><strong data-start=\"3321\" data-end=\"3334\">Avantage:<\/strong> Grande capacit\u00e9 de charge, construction durable, longue dur\u00e9e de vie<\/p>\n<p data-start=\"3407\" data-end=\"3761\">\n","protected":false},"featured_media":11549,"template":"","meta":[],"product_brand":[],"product_cat":[246,250,401,405,194],"product_tag":[],"class_list":{"0":"post-11548","1":"product","2":"type-product","3":"status-publish","4":"has-post-thumbnail","6":"product_cat-linde","7":"product_cat-yuk-tekeri-linde","8":"product_cat-wicke","9":"product_cat-yuk-tekeri-wicke","10":"product_cat-yuk-tekeri","12":"first","13":"instock","14":"taxable","15":"shipping-taxable","16":"purchasable","17":"product-type-simple"},"_links":{"self":[{"href":"https:\/\/ceoparts.com\/fr\/wp-json\/wp\/v2\/product\/11548","targetHints":{"allow":["GET"]}}],"collection":[{"href":"https:\/\/ceoparts.com\/fr\/wp-json\/wp\/v2\/product"}],"about":[{"href":"https:\/\/ceoparts.com\/fr\/wp-json\/wp\/v2\/types\/product"}],"wp:featuredmedia":[{"embeddable":true,"href":"https:\/\/ceoparts.com\/fr\/wp-json\/wp\/v2\/media\/11549"}],"wp:attachment":[{"href":"https:\/\/ceoparts.com\/fr\/wp-json\/wp\/v2\/media?parent=11548"}],"wp:term":[{"taxonomy":"product_brand","embeddable":true,"href":"https:\/\/ceoparts.com\/fr\/wp-json\/wp\/v2\/product_brand?post=11548"},{"taxonomy":"product_cat","embeddable":true,"href":"https:\/\/ceoparts.com\/fr\/wp-json\/wp\/v2\/product_cat?post=11548"},{"taxonomy":"product_tag","embeddable":true,"href":"https:\/\/ceoparts.com\/fr\/wp-json\/wp\/v2\/product_tag?post=11548"}],"curies":[{"name":"wp","href":"https:\/\/api.w.org\/{rel}","templated":true}]}}