{"id":11576,"date":"2024-10-19T11:54:36","date_gmt":"2024-10-19T08:54:36","guid":{"rendered":"https:\/\/ceoparts.com\/?post_type=product&#038;p=11576"},"modified":"2026-05-17T22:28:36","modified_gmt":"2026-05-17T19:28:36","slug":"360x130-90-7b-stellana-vulkolan-yuruyus-tekeri-8428189","status":"publish","type":"product","link":"https:\/\/ceoparts.com\/fr\/urun\/360x130-90-7b-stellana-vulkolan-yuruyus-tekeri-8428189\/","title":{"rendered":"360&#215;130-90 7B Stellana Vulkollan Roue de marche &#8211; 8428189"},"content":{"rendered":"<p>360&#215;130-90 7B Stellana Vulkollan Roue de marche &#8211; 8428189<\/p>\n<p>Still FM-X,<\/p>\n<p>STILL FM-XN,<\/p>\n<p>STILL FS-X33<\/p>","protected":false},"excerpt":{"rendered":"<p data-start=\"0\" data-end=\"397\"><br data-start=\"2780\" data-end=\"2783\" \/>Roue motrice 360\u00d7130-90 7B Stellana Vulkollan est une roue durable et performante utilis\u00e9e dans les chariots \u00e9l\u00e9vateurs et machines industrielles. Fabriqu\u00e9e en mat\u00e9riau Vulkollan, elle r\u00e9siste \u00e0 l\u2019usure et aux chocs. Avec un diam\u00e8tre de 360 mm, une largeur de 130 mm et un profil 7B de 90 mm, elle offre un mouvement stable et s\u00fbr. Longue dur\u00e9e de vie et adapt\u00e9e aux conditions de travail difficiles.<\/p>\n<p data-start=\"3185\" data-end=\"3511\"><strong data-start=\"3185\" data-end=\"3207\">Caract\u00e9ristiques :<\/strong><br data-start=\"3207\" data-end=\"3210\" \/><strong data-start=\"3210\" data-end=\"3230\">Nom du produit :<\/strong> Roue motrice 360\u00d7130-90 7B Stellana Vulkollan<br data-start=\"3276\" data-end=\"3279\" \/><strong data-start=\"3279\" data-end=\"3295\">Code pi\u00e8ce :<\/strong> 8428189<br data-start=\"3303\" data-end=\"3306\" \/><strong data-start=\"3306\" data-end=\"3320\">Mat\u00e9riau :<\/strong> Vulkollan<br data-start=\"3330\" data-end=\"3333\" \/><strong data-start=\"3333\" data-end=\"3359\">Domaine d\u2019utilisation:<\/strong> Roue motrice pour chariots \u00e9l\u00e9vateurs et machines industrielles<br data-start=\"3423\" data-end=\"3426\" \/><strong data-start=\"3426\" data-end=\"3439\">Avantage:<\/strong> Haute r\u00e9sistance \u00e0 l\u2019usure, absorption des chocs, longue dur\u00e9e de vie<\/p>\n<p data-start=\"3513\" data-end=\"3907\">\n","protected":false},"featured_media":11577,"template":"","meta":[],"product_brand":[],"product_cat":[241,244,416,418,193],"product_tag":[],"class_list":{"0":"post-11576","1":"product","2":"type-product","3":"status-publish","4":"has-post-thumbnail","6":"product_cat-still","7":"product_cat-yuruyus-tekeri-still","8":"product_cat-stellana","9":"product_cat-yuruyus-tekeri-stellana","10":"product_cat-yuruyus-tekeri","12":"first","13":"instock","14":"taxable","15":"shipping-taxable","16":"purchasable","17":"product-type-simple"},"_links":{"self":[{"href":"https:\/\/ceoparts.com\/fr\/wp-json\/wp\/v2\/product\/11576","targetHints":{"allow":["GET"]}}],"collection":[{"href":"https:\/\/ceoparts.com\/fr\/wp-json\/wp\/v2\/product"}],"about":[{"href":"https:\/\/ceoparts.com\/fr\/wp-json\/wp\/v2\/types\/product"}],"wp:featuredmedia":[{"embeddable":true,"href":"https:\/\/ceoparts.com\/fr\/wp-json\/wp\/v2\/media\/11577"}],"wp:attachment":[{"href":"https:\/\/ceoparts.com\/fr\/wp-json\/wp\/v2\/media?parent=11576"}],"wp:term":[{"taxonomy":"product_brand","embeddable":true,"href":"https:\/\/ceoparts.com\/fr\/wp-json\/wp\/v2\/product_brand?post=11576"},{"taxonomy":"product_cat","embeddable":true,"href":"https:\/\/ceoparts.com\/fr\/wp-json\/wp\/v2\/product_cat?post=11576"},{"taxonomy":"product_tag","embeddable":true,"href":"https:\/\/ceoparts.com\/fr\/wp-json\/wp\/v2\/product_tag?post=11576"}],"curies":[{"name":"wp","href":"https:\/\/api.w.org\/{rel}","templated":true}]}}