{"id":11584,"date":"2024-10-24T11:54:11","date_gmt":"2024-10-24T08:54:11","guid":{"rendered":"https:\/\/ceoparts.com\/?post_type=product&#038;p=11584"},"modified":"2026-05-16T15:02:39","modified_gmt":"2026-05-16T12:02:39","slug":"still-sac-rx-konvartor-48v-400a-51523604129","status":"publish","type":"product","link":"https:\/\/ceoparts.com\/fr\/urun\/still-sac-rx-konvartor-48v-400a-51523604129\/","title":{"rendered":"STILL Convertisseur  RX 48V 400A &#8211; 51523604129"},"content":{"rendered":"<p>STILL Convertisseur  RX 48V 400A &#8211; 51523604129<\/p>\n<p>STILL Convertisseur RX 48V 400A &#8211; 51523604129<\/p>","protected":false},"excerpt":{"rendered":"<p data-start=\"0\" data-end=\"333\"><br data-start=\"2770\" data-end=\"2773\" \/>Convertisseur STILL Sac RX 48V 400A est un convertisseur de puissance d\u2019origine utilis\u00e9 dans les chariots \u00e9l\u00e9vateurs et machines industrielles. Il assure un fonctionnement s\u00fbr et efficace du moteur \u00e9lectrique avec une tension de 48V et un courant de 400A. Fabriqu\u00e9 avec des composants \u00e9lectroniques durables pour une longue dur\u00e9e de vie. Produit d\u2019occasion test\u00e9 et fonctionnel.<\/p>\n<p data-start=\"3153\" data-end=\"3548\"><strong data-start=\"3153\" data-end=\"3175\">Caract\u00e9ristiques :<\/strong><br data-start=\"3175\" data-end=\"3178\" \/><strong data-start=\"3178\" data-end=\"3198\">Nom du produit :<\/strong> Convertisseur STILL Sac RX 48V 400A<br data-start=\"3234\" data-end=\"3237\" \/><strong data-start=\"3237\" data-end=\"3253\">Code pi\u00e8ce :<\/strong> 51523604129<br data-start=\"3265\" data-end=\"3268\" \/><strong data-start=\"3268\" data-end=\"3282\">Mat\u00e9riau :<\/strong> Circuit \u00e9lectronique de haute qualit\u00e9 et bo\u00eetier plastique durable<br data-start=\"3349\" data-end=\"3352\" \/><strong data-start=\"3352\" data-end=\"3378\">Domaine d\u2019utilisation:<\/strong> Convertisseur de puissance pour chariots \u00e9l\u00e9vateurs et machines industrielles<br data-start=\"3456\" data-end=\"3459\" \/><strong data-start=\"3459\" data-end=\"3472\">Avantage:<\/strong> Haute capacit\u00e9 de courant, construction robuste, produit d\u2019occasion test\u00e9<\/p>\n<p data-start=\"3550\" data-end=\"3908\">\n","protected":false},"featured_media":11585,"template":"","meta":[],"product_brand":[],"product_cat":[241,431,524],"product_tag":[],"class_list":{"0":"post-11584","1":"product","2":"type-product","3":"status-publish","4":"has-post-thumbnail","6":"product_cat-still","7":"product_cat-ekranlar-ve-kartlar","8":"product_cat-yedek-parca-still","10":"first","11":"instock","12":"taxable","13":"shipping-taxable","14":"purchasable","15":"product-type-simple"},"_links":{"self":[{"href":"https:\/\/ceoparts.com\/fr\/wp-json\/wp\/v2\/product\/11584","targetHints":{"allow":["GET"]}}],"collection":[{"href":"https:\/\/ceoparts.com\/fr\/wp-json\/wp\/v2\/product"}],"about":[{"href":"https:\/\/ceoparts.com\/fr\/wp-json\/wp\/v2\/types\/product"}],"wp:featuredmedia":[{"embeddable":true,"href":"https:\/\/ceoparts.com\/fr\/wp-json\/wp\/v2\/media\/11585"}],"wp:attachment":[{"href":"https:\/\/ceoparts.com\/fr\/wp-json\/wp\/v2\/media?parent=11584"}],"wp:term":[{"taxonomy":"product_brand","embeddable":true,"href":"https:\/\/ceoparts.com\/fr\/wp-json\/wp\/v2\/product_brand?post=11584"},{"taxonomy":"product_cat","embeddable":true,"href":"https:\/\/ceoparts.com\/fr\/wp-json\/wp\/v2\/product_cat?post=11584"},{"taxonomy":"product_tag","embeddable":true,"href":"https:\/\/ceoparts.com\/fr\/wp-json\/wp\/v2\/product_tag?post=11584"}],"curies":[{"name":"wp","href":"https:\/\/api.w.org\/{rel}","templated":true}]}}