{"id":11604,"date":"2024-10-24T17:27:27","date_gmt":"2024-10-24T14:27:27","guid":{"rendered":"https:\/\/ceoparts.com\/?post_type=product&#038;p=11604"},"modified":"2026-05-16T04:57:17","modified_gmt":"2026-05-16T01:57:17","slug":"still-abe2-forklift-gosterge-kontrol-paneli-57310052646","status":"publish","type":"product","link":"https:\/\/ceoparts.com\/fr\/urun\/still-abe2-forklift-gosterge-kontrol-paneli-57310052646\/","title":{"rendered":"Panneau de contr\u00f4le d&#8217;affichage STILL Abe2 chariot \u00e9l\u00e9vateur &#8211; 57310052646"},"content":{"rendered":"<p>Panneau de contr\u00f4le d&#8217;affichage STILL Abe2 chariot \u00e9l\u00e9vateur &#8211; 57310052646<\/p>","protected":false},"excerpt":{"rendered":"<p data-start=\"0\" data-end=\"310\"><br data-start=\"2651\" data-end=\"2654\" \/>Panneau de contr\u00f4le indicateur STILL Abe2 pour chariot \u00e9l\u00e9vateur est un panneau de contr\u00f4le d\u2019origine utilis\u00e9 dans les chariots \u00e9l\u00e9vateurs et machines industrielles. Il g\u00e8re \u00e9lectroniquement les indicateurs et fonctions du v\u00e9hicule. Fabriqu\u00e9 avec des mat\u00e9riaux durables et des composants \u00e9lectroniques de qualit\u00e9. Produit d\u2019occasion test\u00e9 et fonctionnel.<\/p>\n<p data-start=\"3010\" data-end=\"3384\"><strong data-start=\"3010\" data-end=\"3032\">Caract\u00e9ristiques :<\/strong><br data-start=\"3032\" data-end=\"3035\" \/><strong data-start=\"3035\" data-end=\"3055\">Nom du produit :<\/strong> Panneau de contr\u00f4le indicateur STILL Abe2<br data-start=\"3097\" data-end=\"3100\" \/><strong data-start=\"3100\" data-end=\"3116\">Code pi\u00e8ce :<\/strong> 57310052646<br data-start=\"3128\" data-end=\"3131\" \/><strong data-start=\"3131\" data-end=\"3145\">Mat\u00e9riau :<\/strong> Circuit \u00e9lectronique de haute qualit\u00e9 et bo\u00eetier plastique robuste<br data-start=\"3212\" data-end=\"3215\" \/><strong data-start=\"3215\" data-end=\"3241\">Domaine d\u2019utilisation:<\/strong> Syst\u00e8me d\u2019indicateurs et de contr\u00f4le pour chariots \u00e9l\u00e9vateurs<br data-start=\"3303\" data-end=\"3306\" \/><strong data-start=\"3306\" data-end=\"3319\">Avantage:<\/strong> Mesure pr\u00e9cise, construction robuste, produit d\u2019occasion test\u00e9<\/p>\n<p data-start=\"3386\" data-end=\"3736\">\n","protected":false},"featured_media":11605,"template":"","meta":[],"product_brand":[],"product_cat":[241,431,524],"product_tag":[],"class_list":{"0":"post-11604","1":"product","2":"type-product","3":"status-publish","4":"has-post-thumbnail","6":"product_cat-still","7":"product_cat-ekranlar-ve-kartlar","8":"product_cat-yedek-parca-still","10":"first","11":"instock","12":"taxable","13":"shipping-taxable","14":"purchasable","15":"product-type-simple"},"_links":{"self":[{"href":"https:\/\/ceoparts.com\/fr\/wp-json\/wp\/v2\/product\/11604","targetHints":{"allow":["GET"]}}],"collection":[{"href":"https:\/\/ceoparts.com\/fr\/wp-json\/wp\/v2\/product"}],"about":[{"href":"https:\/\/ceoparts.com\/fr\/wp-json\/wp\/v2\/types\/product"}],"wp:featuredmedia":[{"embeddable":true,"href":"https:\/\/ceoparts.com\/fr\/wp-json\/wp\/v2\/media\/11605"}],"wp:attachment":[{"href":"https:\/\/ceoparts.com\/fr\/wp-json\/wp\/v2\/media?parent=11604"}],"wp:term":[{"taxonomy":"product_brand","embeddable":true,"href":"https:\/\/ceoparts.com\/fr\/wp-json\/wp\/v2\/product_brand?post=11604"},{"taxonomy":"product_cat","embeddable":true,"href":"https:\/\/ceoparts.com\/fr\/wp-json\/wp\/v2\/product_cat?post=11604"},{"taxonomy":"product_tag","embeddable":true,"href":"https:\/\/ceoparts.com\/fr\/wp-json\/wp\/v2\/product_tag?post=11604"}],"curies":[{"name":"wp","href":"https:\/\/api.w.org\/{rel}","templated":true}]}}