{"id":11611,"date":"2024-10-25T14:14:25","date_gmt":"2024-10-25T11:14:25","guid":{"rendered":"https:\/\/ceoparts.com\/?post_type=product&#038;p=11611"},"modified":"2026-05-16T05:45:36","modified_gmt":"2026-05-16T02:45:36","slug":"exu-grup-kart-24v-330a-3903601799","status":"publish","type":"product","link":"https:\/\/ceoparts.com\/fr\/urun\/exu-grup-kart-24v-330a-3903601799\/","title":{"rendered":"Carte de Groupe EXU 24V &#8211; 330A &#8211; 3903601799"},"content":{"rendered":"<p>Carte de Groupe EXU 24V &#8211; 330A &#8211; 3903601799<\/p>","protected":false},"excerpt":{"rendered":"<p data-start=\"0\" data-end=\"324\"><br data-start=\"2744\" data-end=\"2747\" \/>Carte de groupe EXU 24V 330A est une carte de contr\u00f4le de puissance d\u2019origine utilis\u00e9e dans les chariots \u00e9l\u00e9vateurs et machines industrielles. Elle assure un fonctionnement s\u00fbr et efficace du moteur \u00e9lectrique avec une tension de 24V et un courant de 330A. Fabriqu\u00e9e avec des composants \u00e9lectroniques durables pour une longue dur\u00e9e de vie. Produit d\u2019occasion test\u00e9 et fonctionnel.<\/p>\n<p data-start=\"3129\" data-end=\"3520\"><strong data-start=\"3129\" data-end=\"3151\">Caract\u00e9ristiques :<\/strong><br data-start=\"3151\" data-end=\"3154\" \/><strong data-start=\"3154\" data-end=\"3174\">Nom du produit :<\/strong> Carte de groupe EXU 24V 330A<br data-start=\"3203\" data-end=\"3206\" \/><strong data-start=\"3206\" data-end=\"3222\">Code pi\u00e8ce :<\/strong> 3903601799<br data-start=\"3233\" data-end=\"3236\" \/><strong data-start=\"3236\" data-end=\"3250\">Mat\u00e9riau :<\/strong> Circuit \u00e9lectronique de haute qualit\u00e9 et bo\u00eetier plastique durable<br data-start=\"3317\" data-end=\"3320\" \/><strong data-start=\"3320\" data-end=\"3346\">Domaine d\u2019utilisation:<\/strong> Carte de contr\u00f4le de puissance pour chariots \u00e9l\u00e9vateurs et machines industrielles<br data-start=\"3428\" data-end=\"3431\" \/><strong data-start=\"3431\" data-end=\"3444\">Avantage:<\/strong> Haute capacit\u00e9 de courant, construction robuste, produit d\u2019occasion test\u00e9<\/p>\n<p data-start=\"3522\" data-end=\"3875\">\n","protected":false},"featured_media":11612,"template":"","meta":[],"product_brand":[],"product_cat":[431],"product_tag":[],"class_list":{"0":"post-11611","1":"product","2":"type-product","3":"status-publish","4":"has-post-thumbnail","6":"product_cat-ekranlar-ve-kartlar","8":"first","9":"instock","10":"taxable","11":"shipping-taxable","12":"purchasable","13":"product-type-simple"},"_links":{"self":[{"href":"https:\/\/ceoparts.com\/fr\/wp-json\/wp\/v2\/product\/11611","targetHints":{"allow":["GET"]}}],"collection":[{"href":"https:\/\/ceoparts.com\/fr\/wp-json\/wp\/v2\/product"}],"about":[{"href":"https:\/\/ceoparts.com\/fr\/wp-json\/wp\/v2\/types\/product"}],"wp:featuredmedia":[{"embeddable":true,"href":"https:\/\/ceoparts.com\/fr\/wp-json\/wp\/v2\/media\/11612"}],"wp:attachment":[{"href":"https:\/\/ceoparts.com\/fr\/wp-json\/wp\/v2\/media?parent=11611"}],"wp:term":[{"taxonomy":"product_brand","embeddable":true,"href":"https:\/\/ceoparts.com\/fr\/wp-json\/wp\/v2\/product_brand?post=11611"},{"taxonomy":"product_cat","embeddable":true,"href":"https:\/\/ceoparts.com\/fr\/wp-json\/wp\/v2\/product_cat?post=11611"},{"taxonomy":"product_tag","embeddable":true,"href":"https:\/\/ceoparts.com\/fr\/wp-json\/wp\/v2\/product_tag?post=11611"}],"curies":[{"name":"wp","href":"https:\/\/api.w.org\/{rel}","templated":true}]}}