{"id":11620,"date":"2024-10-25T14:22:58","date_gmt":"2024-10-25T11:22:58","guid":{"rendered":"https:\/\/ceoparts.com\/?post_type=product&#038;p=11620"},"modified":"2026-05-16T06:16:25","modified_gmt":"2026-05-16T03:16:25","slug":"still-sac-umrichter-karti-48v-600a-50633654209","status":"publish","type":"product","link":"https:\/\/ceoparts.com\/fr\/urun\/still-sac-umrichter-karti-48v-600a-50633654209\/","title":{"rendered":"Carte Inverseur STILL Sac 48V 600A &#8211; 50633654209"},"content":{"rendered":"<p>Carte Inverseur STILL Sac 48V 600A &#8211; 50633654209<\/p>","protected":false},"excerpt":{"rendered":"<p data-start=\"0\" data-end=\"346\"><br data-start=\"2834\" data-end=\"2837\" \/>Carte onduleur Still Sac 48V 600A est une carte de contr\u00f4le de puissance d\u2019origine utilis\u00e9e dans les chariots \u00e9l\u00e9vateurs et machines industrielles. Elle assure un fonctionnement efficace et s\u00fbr du moteur \u00e9lectrique avec une tension de 48V et un courant de 600A. Fabriqu\u00e9e avec des composants \u00e9lectroniques durables pour une longue dur\u00e9e de vie. Produit d\u2019occasion test\u00e9 et fonctionnel.<\/p>\n<p data-start=\"3224\" data-end=\"3621\"><strong data-start=\"3224\" data-end=\"3246\">Caract\u00e9ristiques :<\/strong><br data-start=\"3246\" data-end=\"3249\" \/><strong data-start=\"3249\" data-end=\"3269\">Nom du produit :<\/strong> Carte onduleur Still Sac 48V 600A<br data-start=\"3303\" data-end=\"3306\" \/><strong data-start=\"3306\" data-end=\"3322\">Code pi\u00e8ce :<\/strong> 50633654209<br data-start=\"3334\" data-end=\"3337\" \/><strong data-start=\"3337\" data-end=\"3351\">Mat\u00e9riau :<\/strong> Circuit \u00e9lectronique de haute qualit\u00e9 et bo\u00eetier plastique durable<br data-start=\"3418\" data-end=\"3421\" \/><strong data-start=\"3421\" data-end=\"3447\">Domaine d\u2019utilisation:<\/strong> Carte de contr\u00f4le de puissance pour chariots \u00e9l\u00e9vateurs et machines industrielles<br data-start=\"3529\" data-end=\"3532\" \/><strong data-start=\"3532\" data-end=\"3545\">Avantage:<\/strong> Haute capacit\u00e9 de courant, construction robuste, produit d\u2019occasion test\u00e9<\/p>\n<p data-start=\"3623\" data-end=\"3983\">\n","protected":false},"featured_media":11621,"template":"","meta":[],"product_brand":[],"product_cat":[241,431,524],"product_tag":[],"class_list":{"0":"post-11620","1":"product","2":"type-product","3":"status-publish","4":"has-post-thumbnail","6":"product_cat-still","7":"product_cat-ekranlar-ve-kartlar","8":"product_cat-yedek-parca-still","10":"first","11":"instock","12":"taxable","13":"shipping-taxable","14":"purchasable","15":"product-type-simple"},"_links":{"self":[{"href":"https:\/\/ceoparts.com\/fr\/wp-json\/wp\/v2\/product\/11620","targetHints":{"allow":["GET"]}}],"collection":[{"href":"https:\/\/ceoparts.com\/fr\/wp-json\/wp\/v2\/product"}],"about":[{"href":"https:\/\/ceoparts.com\/fr\/wp-json\/wp\/v2\/types\/product"}],"wp:featuredmedia":[{"embeddable":true,"href":"https:\/\/ceoparts.com\/fr\/wp-json\/wp\/v2\/media\/11621"}],"wp:attachment":[{"href":"https:\/\/ceoparts.com\/fr\/wp-json\/wp\/v2\/media?parent=11620"}],"wp:term":[{"taxonomy":"product_brand","embeddable":true,"href":"https:\/\/ceoparts.com\/fr\/wp-json\/wp\/v2\/product_brand?post=11620"},{"taxonomy":"product_cat","embeddable":true,"href":"https:\/\/ceoparts.com\/fr\/wp-json\/wp\/v2\/product_cat?post=11620"},{"taxonomy":"product_tag","embeddable":true,"href":"https:\/\/ceoparts.com\/fr\/wp-json\/wp\/v2\/product_tag?post=11620"}],"curies":[{"name":"wp","href":"https:\/\/api.w.org\/{rel}","templated":true}]}}