{"id":11633,"date":"2024-10-25T15:23:54","date_gmt":"2024-10-25T12:23:54","guid":{"rendered":"https:\/\/ceoparts.com\/?post_type=product&#038;p=11633"},"modified":"2026-05-16T14:02:31","modified_gmt":"2026-05-16T11:02:31","slug":"linde-mxx-ek-52313653000","status":"publish","type":"product","link":"https:\/\/ceoparts.com\/fr\/urun\/linde-mxx-ek-52313653000\/","title":{"rendered":"LINDE MXX-EK &#8211; 52313653000"},"content":{"rendered":"<p>LINDE MXX-EK &#8211; 52313653000<\/p>\n","protected":false},"excerpt":{"rendered":"<p data-start=\"0\" data-end=\"281\"><br data-start=\"2587\" data-end=\"2590\" \/>Linde MXX-EK est une carte \u00e9lectronique de contr\u00f4le d\u2019origine utilis\u00e9e dans les chariots \u00e9l\u00e9vateurs et machines industrielles. Elle g\u00e8re le contr\u00f4le \u00e9lectronique du moteur et d\u2019autres syst\u00e8mes du v\u00e9hicule. Fabriqu\u00e9e avec des mat\u00e9riaux durables et de haute qualit\u00e9. Test\u00e9e et fonctionnelle comme produit d\u2019occasion.<\/p>\n<p data-start=\"2906\" data-end=\"3301\"><strong data-start=\"2906\" data-end=\"2928\">Caract\u00e9ristiques :<\/strong><br data-start=\"2928\" data-end=\"2931\" \/><strong data-start=\"2931\" data-end=\"2951\">Nom du produit :<\/strong> Carte \u00e9lectronique de contr\u00f4le Linde MXX-EK<br data-start=\"2995\" data-end=\"2998\" \/><strong data-start=\"2998\" data-end=\"3014\">Code pi\u00e8ce :<\/strong> 52313653000<br data-start=\"3026\" data-end=\"3029\" \/><strong data-start=\"3029\" data-end=\"3043\">Mat\u00e9riau :<\/strong> Circuit \u00e9lectronique industriel et bo\u00eetier plastique robuste<br data-start=\"3104\" data-end=\"3107\" \/><strong data-start=\"3107\" data-end=\"3133\">Domaine d\u2019utilisation:<\/strong> Syst\u00e8me de contr\u00f4le \u00e9lectronique pour chariots \u00e9l\u00e9vateurs et machines industrielles<br data-start=\"3217\" data-end=\"3220\" \/><strong data-start=\"3220\" data-end=\"3233\">Avantage:<\/strong> Construction robuste, haute performance, produit d\u2019occasion test\u00e9<\/p>\n<p data-start=\"3303\" data-end=\"3603\">\n","protected":false},"featured_media":11634,"template":"","meta":[],"product_brand":[],"product_cat":[246,431,523],"product_tag":[],"class_list":{"0":"post-11633","1":"product","2":"type-product","3":"status-publish","4":"has-post-thumbnail","6":"product_cat-linde","7":"product_cat-ekranlar-ve-kartlar","8":"product_cat-yedek-parca-linde","10":"first","11":"instock","12":"taxable","13":"shipping-taxable","14":"purchasable","15":"product-type-simple"},"_links":{"self":[{"href":"https:\/\/ceoparts.com\/fr\/wp-json\/wp\/v2\/product\/11633","targetHints":{"allow":["GET"]}}],"collection":[{"href":"https:\/\/ceoparts.com\/fr\/wp-json\/wp\/v2\/product"}],"about":[{"href":"https:\/\/ceoparts.com\/fr\/wp-json\/wp\/v2\/types\/product"}],"wp:featuredmedia":[{"embeddable":true,"href":"https:\/\/ceoparts.com\/fr\/wp-json\/wp\/v2\/media\/11634"}],"wp:attachment":[{"href":"https:\/\/ceoparts.com\/fr\/wp-json\/wp\/v2\/media?parent=11633"}],"wp:term":[{"taxonomy":"product_brand","embeddable":true,"href":"https:\/\/ceoparts.com\/fr\/wp-json\/wp\/v2\/product_brand?post=11633"},{"taxonomy":"product_cat","embeddable":true,"href":"https:\/\/ceoparts.com\/fr\/wp-json\/wp\/v2\/product_cat?post=11633"},{"taxonomy":"product_tag","embeddable":true,"href":"https:\/\/ceoparts.com\/fr\/wp-json\/wp\/v2\/product_tag?post=11633"}],"curies":[{"name":"wp","href":"https:\/\/api.w.org\/{rel}","templated":true}]}}