{"id":11638,"date":"2024-10-25T16:09:11","date_gmt":"2024-10-25T13:09:11","guid":{"rendered":"https:\/\/ceoparts.com\/?post_type=product&#038;p=11638"},"modified":"2026-05-16T17:29:20","modified_gmt":"2026-05-16T14:29:20","slug":"curtis-gosterge-panel-840r015rsna101n-17840500","status":"publish","type":"product","link":"https:\/\/ceoparts.com\/fr\/urun\/curtis-gosterge-panel-840r015rsna101n-17840500\/","title":{"rendered":"Panneau d&#8217;Affichage Curtis 840R015RSNA101N &#8211; 17840500"},"content":{"rendered":"<p>Panneau d&#8217;Affichage Curtis 840R015RSNA101N &#8211; 17840500<\/p>","protected":false},"excerpt":{"rendered":"<p data-start=\"0\" data-end=\"330\"><br data-start=\"2686\" data-end=\"2689\" \/>Panneau d\u2019affichage Curtis 840R015RSNA101N est un panneau \u00e9lectronique d\u2019origine utilis\u00e9 dans les chariots \u00e9l\u00e9vateurs et machines industrielles. Il affiche \u00e0 l\u2019op\u00e9rateur des donn\u00e9es importantes telles que l\u2019\u00e9tat de fonctionnement, le niveau de batterie, la vitesse et d\u2019autres param\u00e8tres cl\u00e9s. Construction durable et haute pr\u00e9cision assurent une longue dur\u00e9e de vie. Produit d\u2019occasion test\u00e9 et fonctionnel.<\/p>\n<p data-start=\"3099\" data-end=\"3467\"><strong data-start=\"3099\" data-end=\"3121\">Caract\u00e9ristiques :<\/strong><br data-start=\"3121\" data-end=\"3124\" \/><strong data-start=\"3124\" data-end=\"3144\">Nom du produit :<\/strong> Panneau d\u2019affichage Curtis 840R015RSNA101N<br data-start=\"3187\" data-end=\"3190\" \/><strong data-start=\"3190\" data-end=\"3206\">Code pi\u00e8ce :<\/strong> 17840500<br data-start=\"3215\" data-end=\"3218\" \/><strong data-start=\"3218\" data-end=\"3232\">Mat\u00e9riau :<\/strong> Bo\u00eetier en plastique durable et circuit \u00e9lectronique<br data-start=\"3285\" data-end=\"3288\" \/><strong data-start=\"3288\" data-end=\"3314\">Domaine d\u2019utilisation:<\/strong> Panneau d\u2019affichage pour chariots \u00e9l\u00e9vateurs et machines industrielles<br data-start=\"3385\" data-end=\"3388\" \/><strong data-start=\"3388\" data-end=\"3401\">Avantage:<\/strong> Haute pr\u00e9cision, construction robuste, produit d\u2019occasion test\u00e9<\/p>\n<p data-start=\"3469\" data-end=\"3834\">\n","protected":false},"featured_media":11639,"template":"","meta":[],"product_brand":[],"product_cat":[431],"product_tag":[],"class_list":{"0":"post-11638","1":"product","2":"type-product","3":"status-publish","4":"has-post-thumbnail","6":"product_cat-ekranlar-ve-kartlar","8":"first","9":"instock","10":"taxable","11":"shipping-taxable","12":"purchasable","13":"product-type-simple"},"_links":{"self":[{"href":"https:\/\/ceoparts.com\/fr\/wp-json\/wp\/v2\/product\/11638","targetHints":{"allow":["GET"]}}],"collection":[{"href":"https:\/\/ceoparts.com\/fr\/wp-json\/wp\/v2\/product"}],"about":[{"href":"https:\/\/ceoparts.com\/fr\/wp-json\/wp\/v2\/types\/product"}],"wp:featuredmedia":[{"embeddable":true,"href":"https:\/\/ceoparts.com\/fr\/wp-json\/wp\/v2\/media\/11639"}],"wp:attachment":[{"href":"https:\/\/ceoparts.com\/fr\/wp-json\/wp\/v2\/media?parent=11638"}],"wp:term":[{"taxonomy":"product_brand","embeddable":true,"href":"https:\/\/ceoparts.com\/fr\/wp-json\/wp\/v2\/product_brand?post=11638"},{"taxonomy":"product_cat","embeddable":true,"href":"https:\/\/ceoparts.com\/fr\/wp-json\/wp\/v2\/product_cat?post=11638"},{"taxonomy":"product_tag","embeddable":true,"href":"https:\/\/ceoparts.com\/fr\/wp-json\/wp\/v2\/product_tag?post=11638"}],"curies":[{"name":"wp","href":"https:\/\/api.w.org\/{rel}","templated":true}]}}