{"id":11652,"date":"2024-10-25T17:16:00","date_gmt":"2024-10-25T14:16:00","guid":{"rendered":"https:\/\/ceoparts.com\/?post_type=product&#038;p=11652"},"modified":"2026-05-16T12:13:56","modified_gmt":"2026-05-16T09:13:56","slug":"still-lojistik-57199912","status":"publish","type":"product","link":"https:\/\/ceoparts.com\/fr\/urun\/still-lojistik-57199912\/","title":{"rendered":"Joystick STILL FMX 1900 s\u00e9rie &#8211; 57199912"},"content":{"rendered":"<p>Joystick STILL FMX 1900 s\u00e9rie &#8211; 57199912<\/p>\n<p>Joystick STILL FMX 1900 s\u00e9rie &#8211; 57199912<\/p>","protected":false},"excerpt":{"rendered":"<p data-start=\"0\" data-end=\"313\"><br data-start=\"2593\" data-end=\"2596\" \/>Joystick s\u00e9rie Still FMX 1900 d\u2019occasion est un levier de commande d\u2019origine utilis\u00e9 dans les chariots \u00e9l\u00e9vateurs et machines industrielles. Il permet une gestion pr\u00e9cise et s\u00e9curis\u00e9e des mouvements et fonctions du v\u00e9hicule. Construction durable et mat\u00e9riaux de qualit\u00e9 assurent une longue dur\u00e9e de vie. Test\u00e9 et fonctionnel.<\/p>\n<p data-start=\"2923\" data-end=\"3290\"><strong data-start=\"2923\" data-end=\"2945\">Caract\u00e9ristiques :<\/strong><br data-start=\"2945\" data-end=\"2948\" \/><strong data-start=\"2948\" data-end=\"2968\">Nom du produit :<\/strong> Joystick s\u00e9rie Still FMX 1900 d\u2019occasion<br data-start=\"3009\" data-end=\"3012\" \/><strong data-start=\"3012\" data-end=\"3028\">Code pi\u00e8ce :<\/strong> 57199912<br data-start=\"3037\" data-end=\"3040\" \/><strong data-start=\"3040\" data-end=\"3054\">Mat\u00e9riau :<\/strong> Plastique durable et composants \u00e9lectroniques<br data-start=\"3100\" data-end=\"3103\" \/><strong data-start=\"3103\" data-end=\"3129\">Domaine d\u2019utilisation:<\/strong> Levier de commande joystick pour chariots \u00e9l\u00e9vateurs et machines industrielles<br data-start=\"3208\" data-end=\"3211\" \/><strong data-start=\"3211\" data-end=\"3224\">Avantage:<\/strong> Contr\u00f4le pr\u00e9cis, construction durable, produit d\u2019occasion test\u00e9<\/p>\n<p data-start=\"3292\" data-end=\"3622\">\n","protected":false},"featured_media":11654,"template":"","meta":[],"product_brand":[],"product_cat":[241,471,524],"product_tag":[],"class_list":{"0":"post-11652","1":"product","2":"type-product","3":"status-publish","4":"has-post-thumbnail","6":"product_cat-still","7":"product_cat-joystick-pedal-yedek-parca","8":"product_cat-yedek-parca-still","10":"first","11":"instock","12":"taxable","13":"shipping-taxable","14":"purchasable","15":"product-type-simple"},"_links":{"self":[{"href":"https:\/\/ceoparts.com\/fr\/wp-json\/wp\/v2\/product\/11652","targetHints":{"allow":["GET"]}}],"collection":[{"href":"https:\/\/ceoparts.com\/fr\/wp-json\/wp\/v2\/product"}],"about":[{"href":"https:\/\/ceoparts.com\/fr\/wp-json\/wp\/v2\/types\/product"}],"wp:featuredmedia":[{"embeddable":true,"href":"https:\/\/ceoparts.com\/fr\/wp-json\/wp\/v2\/media\/11654"}],"wp:attachment":[{"href":"https:\/\/ceoparts.com\/fr\/wp-json\/wp\/v2\/media?parent=11652"}],"wp:term":[{"taxonomy":"product_brand","embeddable":true,"href":"https:\/\/ceoparts.com\/fr\/wp-json\/wp\/v2\/product_brand?post=11652"},{"taxonomy":"product_cat","embeddable":true,"href":"https:\/\/ceoparts.com\/fr\/wp-json\/wp\/v2\/product_cat?post=11652"},{"taxonomy":"product_tag","embeddable":true,"href":"https:\/\/ceoparts.com\/fr\/wp-json\/wp\/v2\/product_tag?post=11652"}],"curies":[{"name":"wp","href":"https:\/\/api.w.org\/{rel}","templated":true}]}}