{"id":11667,"date":"2024-10-30T10:42:56","date_gmt":"2024-10-30T07:42:56","guid":{"rendered":"https:\/\/ceoparts.com\/?post_type=product&#038;p=11667"},"modified":"2026-05-16T19:52:06","modified_gmt":"2026-05-16T16:52:06","slug":"still-dizel-anakart-57163654200","status":"publish","type":"product","link":"https:\/\/ceoparts.com\/fr\/urun\/still-dizel-anakart-57163654200\/","title":{"rendered":"Still Carte m\u00e8re diesel &#8211; 57163654200"},"content":{"rendered":"<p>Still Carte m\u00e8re diesel &#8211; 57163654200<\/p>","protected":false},"excerpt":{"rendered":"<p data-start=\"0\" data-end=\"357\"><br data-start=\"2900\" data-end=\"2903\" \/>Carte m\u00e8re diesel Still d\u2019occasion est une carte m\u00e8re de contr\u00f4le moteur diesel d\u2019origine utilis\u00e9e dans les chariots \u00e9l\u00e9vateurs et machines industrielles. Elle assure le contr\u00f4le \u00e9lectronique du moteur et aide \u00e0 optimiser la performance et l\u2019efficacit\u00e9. Circuits \u00e9lectroniques robustes et mat\u00e9riaux de qualit\u00e9 pour une longue dur\u00e9e de vie. Test\u00e9e et fonctionnelle.<\/p>\n<p data-start=\"3269\" data-end=\"3656\"><strong data-start=\"3269\" data-end=\"3291\">Caract\u00e9ristiques :<\/strong><br data-start=\"3291\" data-end=\"3294\" \/><strong data-start=\"3294\" data-end=\"3314\">Nom du produit :<\/strong> Carte m\u00e8re diesel Still d\u2019occasion<br data-start=\"3349\" data-end=\"3352\" \/><strong data-start=\"3352\" data-end=\"3368\">Code pi\u00e8ce :<\/strong> 57163654200<br data-start=\"3380\" data-end=\"3383\" \/><strong data-start=\"3383\" data-end=\"3397\">Mat\u00e9riau :<\/strong> Circuit \u00e9lectronique industriel et bo\u00eetier plastique robuste<br data-start=\"3458\" data-end=\"3461\" \/><strong data-start=\"3461\" data-end=\"3487\">Domaine d\u2019utilisation:<\/strong> Syst\u00e8me de contr\u00f4le moteur diesel pour chariots \u00e9l\u00e9vateurs et machines industrielles<br data-start=\"3572\" data-end=\"3575\" \/><strong data-start=\"3575\" data-end=\"3588\">Avantage:<\/strong> Construction robuste, haute performance, produit d\u2019occasion test\u00e9<\/p>\n<p data-start=\"3658\" data-end=\"4023\">\n","protected":false},"featured_media":11841,"template":"","meta":[],"product_brand":[],"product_cat":[241,431,524],"product_tag":[],"class_list":{"0":"post-11667","1":"product","2":"type-product","3":"status-publish","4":"has-post-thumbnail","6":"product_cat-still","7":"product_cat-ekranlar-ve-kartlar","8":"product_cat-yedek-parca-still","10":"first","11":"instock","12":"taxable","13":"shipping-taxable","14":"purchasable","15":"product-type-simple"},"_links":{"self":[{"href":"https:\/\/ceoparts.com\/fr\/wp-json\/wp\/v2\/product\/11667","targetHints":{"allow":["GET"]}}],"collection":[{"href":"https:\/\/ceoparts.com\/fr\/wp-json\/wp\/v2\/product"}],"about":[{"href":"https:\/\/ceoparts.com\/fr\/wp-json\/wp\/v2\/types\/product"}],"wp:featuredmedia":[{"embeddable":true,"href":"https:\/\/ceoparts.com\/fr\/wp-json\/wp\/v2\/media\/11841"}],"wp:attachment":[{"href":"https:\/\/ceoparts.com\/fr\/wp-json\/wp\/v2\/media?parent=11667"}],"wp:term":[{"taxonomy":"product_brand","embeddable":true,"href":"https:\/\/ceoparts.com\/fr\/wp-json\/wp\/v2\/product_brand?post=11667"},{"taxonomy":"product_cat","embeddable":true,"href":"https:\/\/ceoparts.com\/fr\/wp-json\/wp\/v2\/product_cat?post=11667"},{"taxonomy":"product_tag","embeddable":true,"href":"https:\/\/ceoparts.com\/fr\/wp-json\/wp\/v2\/product_tag?post=11667"}],"curies":[{"name":"wp","href":"https:\/\/api.w.org\/{rel}","templated":true}]}}