{"id":11676,"date":"2024-10-30T11:39:10","date_gmt":"2024-10-30T08:39:10","guid":{"rendered":"https:\/\/ceoparts.com\/?post_type=product&#038;p=11676"},"modified":"2026-05-16T12:10:57","modified_gmt":"2026-05-16T09:10:57","slug":"linde-dc-donusturucu-400w-12-5v-48-80v-7917401102-7917401103-7917401115","status":"publish","type":"product","link":"https:\/\/ceoparts.com\/fr\/urun\/linde-dc-donusturucu-400w-12-5v-48-80v-7917401102-7917401103-7917401115\/","title":{"rendered":"Linde DC Convertisseur 400W \/ 12.5V &#8211; 48 \/ 80V &#8211; 7917401102 &#8211; 7917401103 &#8211; 7917401115"},"content":{"rendered":"<p>Linde DC Convertisseur 400W \/ 12.5V &#8211; 48 \/ 80V &#8211; 7917401102 &#8211; 7917401103 &#8211; 7917401115<\/p>","protected":false},"excerpt":{"rendered":"<p data-start=\"0\" data-end=\"356\"><br data-start=\"2886\" data-end=\"2889\" \/>Convertisseur DC Linde 400W d\u2019occasion est un convertisseur de tension d\u2019origine utilis\u00e9 dans les chariots \u00e9l\u00e9vateurs et machines industrielles. Tension d\u2019entr\u00e9e 48-80V, sortie 12,5V \u00e0 400W. Supporte un fonctionnement stable des syst\u00e8mes \u00e9lectroniques avec une haute efficacit\u00e9. Construction robuste pour une longue dur\u00e9e de vie. Produit d\u2019occasion test\u00e9 et fonctionnel.<\/p>\n<p data-start=\"3261\" data-end=\"3665\"><strong data-start=\"3261\" data-end=\"3283\">Caract\u00e9ristiques :<\/strong><br data-start=\"3283\" data-end=\"3286\" \/><strong data-start=\"3286\" data-end=\"3306\">Nom du produit :<\/strong> Convertisseur DC Linde 400W d\u2019occasion<br data-start=\"3345\" data-end=\"3348\" \/><strong data-start=\"3348\" data-end=\"3364\">Code pi\u00e8ce :<\/strong> 7917401102, 7917401103, 7917401115<br data-start=\"3399\" data-end=\"3402\" \/><strong data-start=\"3402\" data-end=\"3416\">Mat\u00e9riau :<\/strong> Circuit \u00e9lectronique industriel et bo\u00eetier plastique robuste<br data-start=\"3477\" data-end=\"3480\" \/><strong data-start=\"3480\" data-end=\"3506\">Domaine d\u2019utilisation:<\/strong> Convertisseur de tension pour chariots \u00e9l\u00e9vateurs et machines industrielles<br data-start=\"3582\" data-end=\"3585\" \/><strong data-start=\"3585\" data-end=\"3598\">Avantage:<\/strong> Haute efficacit\u00e9, construction durable, produit d\u2019occasion test\u00e9<\/p>\n<p data-start=\"3667\" data-end=\"4014\">\n","protected":false},"featured_media":11679,"template":"","meta":[],"product_brand":[],"product_cat":[246,431,523],"product_tag":[],"class_list":{"0":"post-11676","1":"product","2":"type-product","3":"status-publish","4":"has-post-thumbnail","6":"product_cat-linde","7":"product_cat-ekranlar-ve-kartlar","8":"product_cat-yedek-parca-linde","10":"first","11":"instock","12":"taxable","13":"shipping-taxable","14":"purchasable","15":"product-type-simple"},"_links":{"self":[{"href":"https:\/\/ceoparts.com\/fr\/wp-json\/wp\/v2\/product\/11676","targetHints":{"allow":["GET"]}}],"collection":[{"href":"https:\/\/ceoparts.com\/fr\/wp-json\/wp\/v2\/product"}],"about":[{"href":"https:\/\/ceoparts.com\/fr\/wp-json\/wp\/v2\/types\/product"}],"wp:featuredmedia":[{"embeddable":true,"href":"https:\/\/ceoparts.com\/fr\/wp-json\/wp\/v2\/media\/11679"}],"wp:attachment":[{"href":"https:\/\/ceoparts.com\/fr\/wp-json\/wp\/v2\/media?parent=11676"}],"wp:term":[{"taxonomy":"product_brand","embeddable":true,"href":"https:\/\/ceoparts.com\/fr\/wp-json\/wp\/v2\/product_brand?post=11676"},{"taxonomy":"product_cat","embeddable":true,"href":"https:\/\/ceoparts.com\/fr\/wp-json\/wp\/v2\/product_cat?post=11676"},{"taxonomy":"product_tag","embeddable":true,"href":"https:\/\/ceoparts.com\/fr\/wp-json\/wp\/v2\/product_tag?post=11676"}],"curies":[{"name":"wp","href":"https:\/\/api.w.org\/{rel}","templated":true}]}}